{"id":104568,"date":"2025-06-21T15:39:03","date_gmt":"2025-06-21T13:39:03","guid":{"rendered":"https:\/\/www.pescafish.it\/new\/?post_type=product&#038;p=104568"},"modified":"2025-06-21T15:39:04","modified_gmt":"2025-06-21T13:39:04","slug":"bait-floss-pb-products","status":"publish","type":"product","link":"https:\/\/www.pescafish.it\/new\/prodotto\/bait-floss-pb-products\/","title":{"rendered":"Bait Floss &#8211; PB Products"},"content":{"rendered":"<h2>Bait Floss<\/h2>\n<p>Perfetto per la pi\u00f9 svariata variet\u00e0 di modalit\u00e0 di innesco. Pu\u00f2 essere bruciato e schiacciato nella parte finale creando uno stopper per le vostre esche senza bisogno di usarne uno esterno.<\/p>\n<p>Diametro 0,25.<\/p>\n<p>Bobine da 25 metri.<\/p>\n","protected":false},"excerpt":{"rendered":"<p>Bait Floss Perfetto per la pi\u00f9 svariata variet\u00e0 di modalit\u00e0 di innesco. Pu\u00f2 essere bruciato e schiacciato nella parte finale creando uno stopper per le vostre esche senza bisogno di usarne uno esterno. Diametro 0,25. Bobine da 25 metri.<\/p>\n","protected":false},"featured_media":104569,"comment_status":"closed","ping_status":"closed","template":"","meta":[],"product_cat":[1455],"product_tag":[1443],"yoast_head":"<!-- This site is optimized with the Yoast SEO plugin v15.3 - https:\/\/yoast.com\/wordpress\/plugins\/seo\/ -->\n<title>Bait Floss - PB Products - Pesca Fish<\/title>\n<meta name=\"robots\" content=\"index, follow, max-snippet:-1, max-image-preview:large, max-video-preview:-1\" \/>\n<link rel=\"canonical\" href=\"https:\/\/www.pescafish.it\/new\/prodotto\/bait-floss-pb-products\/\" \/>\n<meta property=\"og:locale\" content=\"it_IT\" \/>\n<meta property=\"og:type\" content=\"article\" \/>\n<meta property=\"og:title\" content=\"Bait Floss - PB Products - Pesca Fish\" \/>\n<meta property=\"og:description\" content=\"Bait Floss Perfetto per la pi\u00f9 svariata variet\u00e0 di modalit\u00e0 di innesco. Pu\u00f2 essere bruciato e schiacciato nella parte finale creando uno stopper per le vostre esche senza bisogno di usarne uno esterno. Diametro 0,25. Bobine da 25 metri.\" \/>\n<meta property=\"og:url\" content=\"https:\/\/www.pescafish.it\/new\/prodotto\/bait-floss-pb-products\/\" \/>\n<meta property=\"og:site_name\" content=\"Pesca Fish\" \/>\n<meta property=\"article:publisher\" content=\"https:\/\/www.facebook.com\/pescafishvr\/\" \/>\n<meta property=\"article:modified_time\" content=\"2025-06-21T13:39:04+00:00\" \/>\n<meta property=\"og:image\" content=\"https:\/\/www.pescafish.it\/new\/wp-content\/uploads\/2025\/06\/vyr_18910390-Bait-Floss.jpg\" \/>\n\t<meta property=\"og:image:width\" content=\"1000\" \/>\n\t<meta property=\"og:image:height\" content=\"800\" \/>\n<meta name=\"twitter:card\" content=\"summary_large_image\" \/>\n<meta name=\"twitter:label1\" content=\"Scritto da\">\n\t<meta name=\"twitter:data1\" content=\"francesca\">\n\t<meta name=\"twitter:label2\" content=\"Tempo di lettura stimato\">\n\t<meta name=\"twitter:data2\" content=\"0 minuti\">\n<script type=\"application\/ld+json\" class=\"yoast-schema-graph\">{\"@context\":\"https:\/\/schema.org\",\"@graph\":[{\"@type\":\"WebSite\",\"@id\":\"https:\/\/www.pescafish.it\/new\/#website\",\"url\":\"https:\/\/www.pescafish.it\/new\/\",\"name\":\"Pesca Fish\",\"description\":\"Benvenuti sul nostro sito!\",\"potentialAction\":[{\"@type\":\"SearchAction\",\"target\":\"https:\/\/www.pescafish.it\/new\/?s={search_term_string}\",\"query-input\":\"required name=search_term_string\"}],\"inLanguage\":\"it-IT\"},{\"@type\":\"ImageObject\",\"@id\":\"https:\/\/www.pescafish.it\/new\/prodotto\/bait-floss-pb-products\/#primaryimage\",\"inLanguage\":\"it-IT\",\"url\":\"https:\/\/www.pescafish.it\/new\/wp-content\/uploads\/2025\/06\/vyr_18910390-Bait-Floss.jpg\",\"width\":1000,\"height\":800,\"caption\":\"PB Products\"},{\"@type\":\"WebPage\",\"@id\":\"https:\/\/www.pescafish.it\/new\/prodotto\/bait-floss-pb-products\/#webpage\",\"url\":\"https:\/\/www.pescafish.it\/new\/prodotto\/bait-floss-pb-products\/\",\"name\":\"Bait Floss - PB Products - Pesca Fish\",\"isPartOf\":{\"@id\":\"https:\/\/www.pescafish.it\/new\/#website\"},\"primaryImageOfPage\":{\"@id\":\"https:\/\/www.pescafish.it\/new\/prodotto\/bait-floss-pb-products\/#primaryimage\"},\"datePublished\":\"2025-06-21T13:39:03+00:00\",\"dateModified\":\"2025-06-21T13:39:04+00:00\",\"inLanguage\":\"it-IT\",\"potentialAction\":[{\"@type\":\"ReadAction\",\"target\":[\"https:\/\/www.pescafish.it\/new\/prodotto\/bait-floss-pb-products\/\"]}]}]}<\/script>\n<!-- \/ Yoast SEO plugin. -->","_links":{"self":[{"href":"https:\/\/www.pescafish.it\/new\/wp-json\/wp\/v2\/product\/104568"}],"collection":[{"href":"https:\/\/www.pescafish.it\/new\/wp-json\/wp\/v2\/product"}],"about":[{"href":"https:\/\/www.pescafish.it\/new\/wp-json\/wp\/v2\/types\/product"}],"replies":[{"embeddable":true,"href":"https:\/\/www.pescafish.it\/new\/wp-json\/wp\/v2\/comments?post=104568"}],"wp:featuredmedia":[{"embeddable":true,"href":"https:\/\/www.pescafish.it\/new\/wp-json\/wp\/v2\/media\/104569"}],"wp:attachment":[{"href":"https:\/\/www.pescafish.it\/new\/wp-json\/wp\/v2\/media?parent=104568"}],"wp:term":[{"taxonomy":"product_cat","embeddable":true,"href":"https:\/\/www.pescafish.it\/new\/wp-json\/wp\/v2\/product_cat?post=104568"},{"taxonomy":"product_tag","embeddable":true,"href":"https:\/\/www.pescafish.it\/new\/wp-json\/wp\/v2\/product_tag?post=104568"}],"curies":[{"name":"wp","href":"https:\/\/api.w.org\/{rel}","templated":true}]}}