{"id":104559,"date":"2025-06-21T11:18:14","date_gmt":"2025-06-21T09:18:14","guid":{"rendered":"https:\/\/www.pescafish.it\/new\/?post_type=product&#038;p=104559"},"modified":"2025-06-21T11:18:14","modified_gmt":"2025-06-21T09:18:14","slug":"waterslash-r-1-2oz-dw-molix","status":"publish","type":"product","link":"https:\/\/www.pescafish.it\/new\/prodotto\/waterslash-r-1-2oz-dw-molix\/","title":{"rendered":"Waterslash R 1\/2oz DW &#8211; Molix"},"content":{"rendered":"<p>Spinnerbait dal design compatto, indicato per la pesca in zone con elevata pressione di pesca. La forma leggermente appiattita della testa risponde all\u2019esigenza di ottenere una perfetta azione \u201cshimmy\u201d; ovvero l\u2019oscillazione a pendolo destra sinistra dell\u2019esca durante l\u2019azione di recupero. Il peso delle palette \u00e8 calibrato per evitare il sovraccarico dello spinnerbait e far s\u00ec che non appena tocchi l\u2019acqua sia gi\u00e0 in azione. La testa del WaterSlash R \u00e8 lead free perch\u00e9 realizzata in bismuto, nel rispetto dell\u2019ambiente. L\u2019armatura \u00e8 costruita con filo in lega di acciaio che presenta conicit\u00e0 e diametro variabili e favorisce l\u2019emissione di forti vibrazioni. L\u2019alta resistenza dell\u2019acciaio lo rende indicato anche per impieghi gravosi in zone ricche di ostacoli. L\u2019occhiello di congiunzione del braccio con la paletta principale presenta una speciale saldatura, che minimizza il rischio di perdere la pala. Lo skirt in silicone \u201cfine cut\u201d (taglio fine) \u00e8 legato a mano e aggiunge naturalezza al nuoto dell\u2019artificiale. L\u2019amo di alta qualit\u00e0 \u00e8 dotato di worm keeper in metallo per mantenere saldamente eventuali soft trailer.<\/p>\n<p><strong>Peso:<\/strong> 1\/2oz<br \/>\n<strong>Tipo:<\/strong> Double Willow<\/p>\n<p><strong>Disponibile nelle seguenti colorazioni:<\/strong><br \/>\n<strong>WSR12DW-02<\/strong>\u00a0 02-White Chartreuse<br \/>\n<strong>WSR12DW-19<\/strong>\u00a0 19-Pummel Fish<br \/>\n.<br \/>\n<iframe loading=\"lazy\" title=\"New Molix Waterslash R!\" width=\"900\" height=\"506\" src=\"https:\/\/www.youtube.com\/embed\/y2gAHgApNyQ?feature=oembed\" frameborder=\"0\" allow=\"accelerometer; autoplay; clipboard-write; encrypted-media; gyroscope; picture-in-picture; web-share\" referrerpolicy=\"strict-origin-when-cross-origin\" allowfullscreen><\/iframe><\/p>\n","protected":false},"excerpt":{"rendered":"<p>Spinnerbait dal design compatto, indicato per la pesca in zone con elevata pressione di pesca. La forma leggermente appiattita della testa risponde all\u2019esigenza di ottenere una perfetta azione \u201cshimmy\u201d; ovvero l\u2019oscillazione a pendolo destra sinistra dell\u2019esca durante l\u2019azione di recupero. Il peso delle palette \u00e8 calibrato per evitare il sovraccarico dello spinnerbait e far s\u00ec [&hellip;]<\/p>\n","protected":false},"featured_media":104560,"comment_status":"closed","ping_status":"closed","template":"","meta":[],"product_cat":[130],"product_tag":[1025],"yoast_head":"<!-- This site is optimized with the Yoast SEO plugin v15.3 - https:\/\/yoast.com\/wordpress\/plugins\/seo\/ -->\n<title>Waterslash R 1\/2oz DW - Molix - Pesca Fish<\/title>\n<meta name=\"robots\" content=\"index, follow, max-snippet:-1, max-image-preview:large, max-video-preview:-1\" \/>\n<link rel=\"canonical\" href=\"https:\/\/www.pescafish.it\/new\/prodotto\/waterslash-r-1-2oz-dw-molix\/\" \/>\n<meta property=\"og:locale\" content=\"it_IT\" \/>\n<meta property=\"og:type\" content=\"article\" \/>\n<meta property=\"og:title\" content=\"Waterslash R 1\/2oz DW - Molix - Pesca Fish\" \/>\n<meta property=\"og:description\" content=\"Spinnerbait dal design compatto, indicato per la pesca in zone con elevata pressione di pesca. La forma leggermente appiattita della testa risponde all\u2019esigenza di ottenere una perfetta azione \u201cshimmy\u201d; ovvero l\u2019oscillazione a pendolo destra sinistra dell\u2019esca durante l\u2019azione di recupero. Il peso delle palette \u00e8 calibrato per evitare il sovraccarico dello spinnerbait e far s\u00ec [&hellip;]\" \/>\n<meta property=\"og:url\" content=\"https:\/\/www.pescafish.it\/new\/prodotto\/waterslash-r-1-2oz-dw-molix\/\" \/>\n<meta property=\"og:site_name\" content=\"Pesca Fish\" \/>\n<meta property=\"article:publisher\" content=\"https:\/\/www.facebook.com\/pescafishvr\/\" \/>\n<meta property=\"og:image\" content=\"https:\/\/www.pescafish.it\/new\/wp-content\/uploads\/2025\/06\/waterslash-R_02-White-Chartreuse.jpg\" \/>\n\t<meta property=\"og:image:width\" content=\"794\" \/>\n\t<meta property=\"og:image:height\" content=\"794\" \/>\n<meta name=\"twitter:card\" content=\"summary_large_image\" \/>\n<meta name=\"twitter:label1\" content=\"Scritto da\">\n\t<meta name=\"twitter:data1\" content=\"francesca\">\n\t<meta name=\"twitter:label2\" content=\"Tempo di lettura stimato\">\n\t<meta name=\"twitter:data2\" content=\"1 minuto\">\n<script type=\"application\/ld+json\" class=\"yoast-schema-graph\">{\"@context\":\"https:\/\/schema.org\",\"@graph\":[{\"@type\":\"WebSite\",\"@id\":\"https:\/\/www.pescafish.it\/new\/#website\",\"url\":\"https:\/\/www.pescafish.it\/new\/\",\"name\":\"Pesca Fish\",\"description\":\"Benvenuti sul nostro sito!\",\"potentialAction\":[{\"@type\":\"SearchAction\",\"target\":\"https:\/\/www.pescafish.it\/new\/?s={search_term_string}\",\"query-input\":\"required name=search_term_string\"}],\"inLanguage\":\"it-IT\"},{\"@type\":\"ImageObject\",\"@id\":\"https:\/\/www.pescafish.it\/new\/prodotto\/waterslash-r-1-2oz-dw-molix\/#primaryimage\",\"inLanguage\":\"it-IT\",\"url\":\"https:\/\/www.pescafish.it\/new\/wp-content\/uploads\/2025\/06\/waterslash-R_02-White-Chartreuse.jpg\",\"width\":794,\"height\":794,\"caption\":\"waterslash r molix\"},{\"@type\":\"WebPage\",\"@id\":\"https:\/\/www.pescafish.it\/new\/prodotto\/waterslash-r-1-2oz-dw-molix\/#webpage\",\"url\":\"https:\/\/www.pescafish.it\/new\/prodotto\/waterslash-r-1-2oz-dw-molix\/\",\"name\":\"Waterslash R 1\/2oz DW - Molix - Pesca Fish\",\"isPartOf\":{\"@id\":\"https:\/\/www.pescafish.it\/new\/#website\"},\"primaryImageOfPage\":{\"@id\":\"https:\/\/www.pescafish.it\/new\/prodotto\/waterslash-r-1-2oz-dw-molix\/#primaryimage\"},\"datePublished\":\"2025-06-21T09:18:14+00:00\",\"dateModified\":\"2025-06-21T09:18:14+00:00\",\"inLanguage\":\"it-IT\",\"potentialAction\":[{\"@type\":\"ReadAction\",\"target\":[\"https:\/\/www.pescafish.it\/new\/prodotto\/waterslash-r-1-2oz-dw-molix\/\"]}]}]}<\/script>\n<!-- \/ Yoast SEO plugin. -->","_links":{"self":[{"href":"https:\/\/www.pescafish.it\/new\/wp-json\/wp\/v2\/product\/104559"}],"collection":[{"href":"https:\/\/www.pescafish.it\/new\/wp-json\/wp\/v2\/product"}],"about":[{"href":"https:\/\/www.pescafish.it\/new\/wp-json\/wp\/v2\/types\/product"}],"replies":[{"embeddable":true,"href":"https:\/\/www.pescafish.it\/new\/wp-json\/wp\/v2\/comments?post=104559"}],"wp:featuredmedia":[{"embeddable":true,"href":"https:\/\/www.pescafish.it\/new\/wp-json\/wp\/v2\/media\/104560"}],"wp:attachment":[{"href":"https:\/\/www.pescafish.it\/new\/wp-json\/wp\/v2\/media?parent=104559"}],"wp:term":[{"taxonomy":"product_cat","embeddable":true,"href":"https:\/\/www.pescafish.it\/new\/wp-json\/wp\/v2\/product_cat?post=104559"},{"taxonomy":"product_tag","embeddable":true,"href":"https:\/\/www.pescafish.it\/new\/wp-json\/wp\/v2\/product_tag?post=104559"}],"curies":[{"name":"wp","href":"https:\/\/api.w.org\/{rel}","templated":true}]}}