{"id":104383,"date":"2025-06-05T16:01:24","date_gmt":"2025-06-05T14:01:24","guid":{"rendered":"https:\/\/www.pescafish.it\/new\/?post_type=product&#038;p=104383"},"modified":"2025-06-05T16:01:25","modified_gmt":"2025-06-05T14:01:25","slug":"kaizen-green-net-2pc-42-korda","status":"publish","type":"product","link":"https:\/\/www.pescafish.it\/new\/prodotto\/kaizen-green-net-2pc-42-korda\/","title":{"rendered":"Kaizen Green Net 2pc 42&#8243; &#8211; Korda"},"content":{"rendered":"<h2 class=\"title\">Kaizen Green Net 2pc 42&#8243;<\/h2>\n<p>Questo guadino Kaizen Green ha un manico in due pezzi da 1,8 m ed \u00e8 stato sviluppato per i pescatori che preferiscono un assetto pi\u00f9 compatto o che lavorano molto dalla barca. Il guadino \u00e8 identico alla versione originale monoblocco, mantenendo la qualit\u00e0 e il prezzo competitivo che ci si aspetta dalla gamma Kaizen Green.<\/p>\n<p>Realizzato in fibra di carbonio ultraleggera, il manico da 1,8 m con design a cono inverso si scompone in due pezzi. L&#8217;innovativa costruzione garantisce una rigidit\u00e0 eccezionale, consentendo una cattura rapida e precisa del pesce. Per una maggiore versatilit\u00e0, abbiamo integrato un picchetto in acciaio inossidabile, che consente di ancorare saldamente il guadino al fondale per una maggiore stabilit\u00e0.<\/p>\n<p>Ingegnosamente progettato con componenti robusti ma leggeri, il guadino Kaizen Green vanta una galleggiabilit\u00e0 intrinseca. Questo design intelligente elimina la necessit\u00e0 di un galleggiante aggiuntivo. Basta posizionare il guadino sulla superficie dell&#8217;acqua, dove rimarr\u00e0 a galla fino al momento di catturare il pesce.<\/p>\n<p>Il guadino \u00e8 inoltre dotato di un robusto blocco distanziatore stampato a iniezione con inserto in alluminio che garantisce una durata superiore. Inoltre, sul blocco distanziatore \u00e8 presente una fessura per alloggiare un Mini Stow-Lite (non incluso), che consente di individuare il guadino al buio.<\/p>\n<p>Il guadino Kaizen Green in 2 pezzi \u00e8 rifinito in un elegante nero opaco con il marchio Korda verde, in linea con le canne Kaizen, ed \u00e8 fornito in una custodia in nylon di alta qualit\u00e0 con marchio Korda. Abbinato a una rete a maglie basse da 42 pollici (107 cm), questo guadino combina versatilit\u00e0 e funzionalit\u00e0 con stile, rendendolo l&#8217;aggiunta perfetta alla gamma Kaizen Green.<\/p>\n","protected":false},"excerpt":{"rendered":"<p>Kaizen Green Net 2pc 42&#8243; Questo guadino Kaizen Green ha un manico in due pezzi da 1,8 m ed \u00e8 stato sviluppato per i pescatori che preferiscono un assetto pi\u00f9 compatto o che lavorano molto dalla barca. Il guadino \u00e8 identico alla versione originale monoblocco, mantenendo la qualit\u00e0 e il prezzo competitivo che ci si [&hellip;]<\/p>\n","protected":false},"featured_media":104384,"comment_status":"closed","ping_status":"closed","template":"","meta":[],"product_cat":[410],"product_tag":[1018],"yoast_head":"<!-- This site is optimized with the Yoast SEO plugin v15.3 - https:\/\/yoast.com\/wordpress\/plugins\/seo\/ -->\n<title>Kaizen Green Net 2pc 42&quot; - Korda - Pesca Fish<\/title>\n<meta name=\"robots\" content=\"index, follow, max-snippet:-1, max-image-preview:large, max-video-preview:-1\" \/>\n<link rel=\"canonical\" href=\"https:\/\/www.pescafish.it\/new\/prodotto\/kaizen-green-net-2pc-42-korda\/\" \/>\n<meta property=\"og:locale\" content=\"it_IT\" \/>\n<meta property=\"og:type\" content=\"article\" \/>\n<meta property=\"og:title\" content=\"Kaizen Green Net 2pc 42&quot; - Korda - Pesca Fish\" \/>\n<meta property=\"og:description\" content=\"Kaizen Green Net 2pc 42&#8243; Questo guadino Kaizen Green ha un manico in due pezzi da 1,8 m ed \u00e8 stato sviluppato per i pescatori che preferiscono un assetto pi\u00f9 compatto o che lavorano molto dalla barca. Il guadino \u00e8 identico alla versione originale monoblocco, mantenendo la qualit\u00e0 e il prezzo competitivo che ci si [&hellip;]\" \/>\n<meta property=\"og:url\" content=\"https:\/\/www.pescafish.it\/new\/prodotto\/kaizen-green-net-2pc-42-korda\/\" \/>\n<meta property=\"og:site_name\" content=\"Pesca Fish\" \/>\n<meta property=\"article:publisher\" content=\"https:\/\/www.facebook.com\/pescafishvr\/\" \/>\n<meta property=\"article:modified_time\" content=\"2025-06-05T14:01:25+00:00\" \/>\n<meta property=\"og:image\" content=\"https:\/\/www.pescafish.it\/new\/wp-content\/uploads\/2025\/06\/KLN016.jpg\" \/>\n\t<meta property=\"og:image:width\" content=\"789\" \/>\n\t<meta property=\"og:image:height\" content=\"794\" \/>\n<meta name=\"twitter:card\" content=\"summary_large_image\" \/>\n<meta name=\"twitter:label1\" content=\"Scritto da\">\n\t<meta name=\"twitter:data1\" content=\"francesca\">\n\t<meta name=\"twitter:label2\" content=\"Tempo di lettura stimato\">\n\t<meta name=\"twitter:data2\" content=\"1 minuto\">\n<script type=\"application\/ld+json\" class=\"yoast-schema-graph\">{\"@context\":\"https:\/\/schema.org\",\"@graph\":[{\"@type\":\"WebSite\",\"@id\":\"https:\/\/www.pescafish.it\/new\/#website\",\"url\":\"https:\/\/www.pescafish.it\/new\/\",\"name\":\"Pesca Fish\",\"description\":\"Benvenuti sul nostro sito!\",\"potentialAction\":[{\"@type\":\"SearchAction\",\"target\":\"https:\/\/www.pescafish.it\/new\/?s={search_term_string}\",\"query-input\":\"required name=search_term_string\"}],\"inLanguage\":\"it-IT\"},{\"@type\":\"ImageObject\",\"@id\":\"https:\/\/www.pescafish.it\/new\/prodotto\/kaizen-green-net-2pc-42-korda\/#primaryimage\",\"inLanguage\":\"it-IT\",\"url\":\"https:\/\/www.pescafish.it\/new\/wp-content\/uploads\/2025\/06\/KLN016.jpg\",\"width\":789,\"height\":794,\"caption\":\"Korda\"},{\"@type\":\"WebPage\",\"@id\":\"https:\/\/www.pescafish.it\/new\/prodotto\/kaizen-green-net-2pc-42-korda\/#webpage\",\"url\":\"https:\/\/www.pescafish.it\/new\/prodotto\/kaizen-green-net-2pc-42-korda\/\",\"name\":\"Kaizen Green Net 2pc 42\\\" - Korda - Pesca Fish\",\"isPartOf\":{\"@id\":\"https:\/\/www.pescafish.it\/new\/#website\"},\"primaryImageOfPage\":{\"@id\":\"https:\/\/www.pescafish.it\/new\/prodotto\/kaizen-green-net-2pc-42-korda\/#primaryimage\"},\"datePublished\":\"2025-06-05T14:01:24+00:00\",\"dateModified\":\"2025-06-05T14:01:25+00:00\",\"inLanguage\":\"it-IT\",\"potentialAction\":[{\"@type\":\"ReadAction\",\"target\":[\"https:\/\/www.pescafish.it\/new\/prodotto\/kaizen-green-net-2pc-42-korda\/\"]}]}]}<\/script>\n<!-- \/ Yoast SEO plugin. -->","_links":{"self":[{"href":"https:\/\/www.pescafish.it\/new\/wp-json\/wp\/v2\/product\/104383"}],"collection":[{"href":"https:\/\/www.pescafish.it\/new\/wp-json\/wp\/v2\/product"}],"about":[{"href":"https:\/\/www.pescafish.it\/new\/wp-json\/wp\/v2\/types\/product"}],"replies":[{"embeddable":true,"href":"https:\/\/www.pescafish.it\/new\/wp-json\/wp\/v2\/comments?post=104383"}],"wp:featuredmedia":[{"embeddable":true,"href":"https:\/\/www.pescafish.it\/new\/wp-json\/wp\/v2\/media\/104384"}],"wp:attachment":[{"href":"https:\/\/www.pescafish.it\/new\/wp-json\/wp\/v2\/media?parent=104383"}],"wp:term":[{"taxonomy":"product_cat","embeddable":true,"href":"https:\/\/www.pescafish.it\/new\/wp-json\/wp\/v2\/product_cat?post=104383"},{"taxonomy":"product_tag","embeddable":true,"href":"https:\/\/www.pescafish.it\/new\/wp-json\/wp\/v2\/product_tag?post=104383"}],"curies":[{"name":"wp","href":"https:\/\/api.w.org\/{rel}","templated":true}]}}