{"id":104334,"date":"2025-06-04T17:38:18","date_gmt":"2025-06-04T15:38:18","guid":{"rendered":"https:\/\/www.pescafish.it\/new\/?post_type=product&#038;p=104334"},"modified":"2025-06-04T17:38:18","modified_gmt":"2025-06-04T15:38:18","slug":"basix-kurv-barbed-korda","status":"publish","type":"product","link":"https:\/\/www.pescafish.it\/new\/prodotto\/basix-kurv-barbed-korda\/","title":{"rendered":"Basix Kurv Barbed\u00a0&#8211; Korda"},"content":{"rendered":"<h2>Basix Kurv Barbed<\/h2>\n<p>Il leggendario Korda Kurv, da sempre uno dei preferiti da molti carpisti di successo, entra ora a far parte della gamma Basix, portando la sua rinomata efficacia a un pubblico pi\u00f9 ampio nel Regno Unito e in Europa.<\/p>\n<p>Progettato con un occhiello aggressivo rivolto verso l&#8217;interno e un gambo curvo, il Basix Kurv offre un potenziale di allamata eccezionale. Il suo design aggressivo assicura che l&#8217;amo ruoti e mantenga una presa salda nella bocca del pesce, anche se utilizzato senza guaina termoretraibile o kicker. Questo lo rende un&#8217;opzione incredibilmente versatile per diversi tipi di montature, in particolare quelle Spinner e IQ D-rig.<\/p>\n<p>Prodotta con il nostro filo di calibro &#8220;X&#8221;, questa versione del Kurv \u00e8 notevolmente pi\u00f9 resistente dell&#8217;originale. La struttura robusta \u00e8 completata da una discreta finitura in nichel nero, che lo rende adatto a molte situazioni di pesca nel Regno Unito e in Europa. La punta dell&#8217;amo \u00e8 progettata per durare a lungo, consentendo di catturare potenzialmente pi\u00f9 pesci prima di doverla sostituire.<\/p>\n<p><strong>Disponibile nelle seguenti varianti:<\/strong><br \/>\n<strong>KBX033<\/strong>\u00a0 Size 2<br \/>\n<strong>KBX034<\/strong>\u00a0 Size 4<br \/>\n<strong>KBX035<\/strong>\u00a0 Size 6<br \/>\n<strong>KBX036<\/strong>\u00a0 Size 8<\/p>\n<p><strong>Confezione da 10pz<\/strong><\/p>\n","protected":false},"excerpt":{"rendered":"<p>Basix Kurv Barbed Il leggendario Korda Kurv, da sempre uno dei preferiti da molti carpisti di successo, entra ora a far parte della gamma Basix, portando la sua rinomata efficacia a un pubblico pi\u00f9 ampio nel Regno Unito e in Europa. Progettato con un occhiello aggressivo rivolto verso l&#8217;interno e un gambo curvo, il Basix [&hellip;]<\/p>\n","protected":false},"featured_media":104336,"comment_status":"closed","ping_status":"closed","template":"","meta":[],"product_cat":[396],"product_tag":[1018],"yoast_head":"<!-- This site is optimized with the Yoast SEO plugin v15.3 - https:\/\/yoast.com\/wordpress\/plugins\/seo\/ -->\n<title>Basix Kurv Barbed\u00a0- Korda - Pesca Fish<\/title>\n<meta name=\"robots\" content=\"index, follow, max-snippet:-1, max-image-preview:large, max-video-preview:-1\" \/>\n<link rel=\"canonical\" href=\"https:\/\/www.pescafish.it\/new\/prodotto\/basix-kurv-barbed-korda\/\" \/>\n<meta property=\"og:locale\" content=\"it_IT\" \/>\n<meta property=\"og:type\" content=\"article\" \/>\n<meta property=\"og:title\" content=\"Basix Kurv Barbed\u00a0- Korda - Pesca Fish\" \/>\n<meta property=\"og:description\" content=\"Basix Kurv Barbed Il leggendario Korda Kurv, da sempre uno dei preferiti da molti carpisti di successo, entra ora a far parte della gamma Basix, portando la sua rinomata efficacia a un pubblico pi\u00f9 ampio nel Regno Unito e in Europa. Progettato con un occhiello aggressivo rivolto verso l&#8217;interno e un gambo curvo, il Basix [&hellip;]\" \/>\n<meta property=\"og:url\" content=\"https:\/\/www.pescafish.it\/new\/prodotto\/basix-kurv-barbed-korda\/\" \/>\n<meta property=\"og:site_name\" content=\"Pesca Fish\" \/>\n<meta property=\"article:publisher\" content=\"https:\/\/www.facebook.com\/pescafishvr\/\" \/>\n<meta property=\"og:image\" content=\"https:\/\/www.pescafish.it\/new\/wp-content\/uploads\/2025\/06\/KBX033.jpg\" \/>\n\t<meta property=\"og:image:width\" content=\"789\" \/>\n\t<meta property=\"og:image:height\" content=\"794\" \/>\n<meta name=\"twitter:card\" content=\"summary_large_image\" \/>\n<meta name=\"twitter:label1\" content=\"Scritto da\">\n\t<meta name=\"twitter:data1\" content=\"francesca\">\n\t<meta name=\"twitter:label2\" content=\"Tempo di lettura stimato\">\n\t<meta name=\"twitter:data2\" content=\"1 minuto\">\n<script type=\"application\/ld+json\" class=\"yoast-schema-graph\">{\"@context\":\"https:\/\/schema.org\",\"@graph\":[{\"@type\":\"WebSite\",\"@id\":\"https:\/\/www.pescafish.it\/new\/#website\",\"url\":\"https:\/\/www.pescafish.it\/new\/\",\"name\":\"Pesca Fish\",\"description\":\"Benvenuti sul nostro sito!\",\"potentialAction\":[{\"@type\":\"SearchAction\",\"target\":\"https:\/\/www.pescafish.it\/new\/?s={search_term_string}\",\"query-input\":\"required name=search_term_string\"}],\"inLanguage\":\"it-IT\"},{\"@type\":\"ImageObject\",\"@id\":\"https:\/\/www.pescafish.it\/new\/prodotto\/basix-kurv-barbed-korda\/#primaryimage\",\"inLanguage\":\"it-IT\",\"url\":\"https:\/\/www.pescafish.it\/new\/wp-content\/uploads\/2025\/06\/KBX033.jpg\",\"width\":789,\"height\":794,\"caption\":\"Korda\"},{\"@type\":\"WebPage\",\"@id\":\"https:\/\/www.pescafish.it\/new\/prodotto\/basix-kurv-barbed-korda\/#webpage\",\"url\":\"https:\/\/www.pescafish.it\/new\/prodotto\/basix-kurv-barbed-korda\/\",\"name\":\"Basix Kurv Barbed\\u00a0- Korda - Pesca Fish\",\"isPartOf\":{\"@id\":\"https:\/\/www.pescafish.it\/new\/#website\"},\"primaryImageOfPage\":{\"@id\":\"https:\/\/www.pescafish.it\/new\/prodotto\/basix-kurv-barbed-korda\/#primaryimage\"},\"datePublished\":\"2025-06-04T15:38:18+00:00\",\"dateModified\":\"2025-06-04T15:38:18+00:00\",\"inLanguage\":\"it-IT\",\"potentialAction\":[{\"@type\":\"ReadAction\",\"target\":[\"https:\/\/www.pescafish.it\/new\/prodotto\/basix-kurv-barbed-korda\/\"]}]}]}<\/script>\n<!-- \/ Yoast SEO plugin. -->","_links":{"self":[{"href":"https:\/\/www.pescafish.it\/new\/wp-json\/wp\/v2\/product\/104334"}],"collection":[{"href":"https:\/\/www.pescafish.it\/new\/wp-json\/wp\/v2\/product"}],"about":[{"href":"https:\/\/www.pescafish.it\/new\/wp-json\/wp\/v2\/types\/product"}],"replies":[{"embeddable":true,"href":"https:\/\/www.pescafish.it\/new\/wp-json\/wp\/v2\/comments?post=104334"}],"wp:featuredmedia":[{"embeddable":true,"href":"https:\/\/www.pescafish.it\/new\/wp-json\/wp\/v2\/media\/104336"}],"wp:attachment":[{"href":"https:\/\/www.pescafish.it\/new\/wp-json\/wp\/v2\/media?parent=104334"}],"wp:term":[{"taxonomy":"product_cat","embeddable":true,"href":"https:\/\/www.pescafish.it\/new\/wp-json\/wp\/v2\/product_cat?post=104334"},{"taxonomy":"product_tag","embeddable":true,"href":"https:\/\/www.pescafish.it\/new\/wp-json\/wp\/v2\/product_tag?post=104334"}],"curies":[{"name":"wp","href":"https:\/\/api.w.org\/{rel}","templated":true}]}}