{"id":104320,"date":"2025-06-04T10:39:13","date_gmt":"2025-06-04T08:39:13","guid":{"rendered":"https:\/\/www.pescafish.it\/new\/?post_type=product&#038;p=104320"},"modified":"2025-06-04T10:39:13","modified_gmt":"2025-06-04T08:39:13","slug":"mulinello-aerlex-xsc-shimano","status":"publish","type":"product","link":"https:\/\/www.pescafish.it\/new\/prodotto\/mulinello-aerlex-xsc-shimano\/","title":{"rendered":"Mulinello Aerlex XSC &#8211; Shimano"},"content":{"rendered":"<p>L&#8217;AERLEX XSC \u00e8 un mulinello da surfcasting straordinario ed economico che offre reali capacit\u00e0 di lancio a lunga distanza. Perfetto per i pescatori alla ricerca di un mulinello dal prezzo accessibile, l&#8217;AERLEX integra le caratteristiche avanzate dei modelli di punta di Shimano. Grazie all&#8217;oscillazione Super Slow 5 per una posa precisa del filo e al Silent Drive per un funzionamento fluido e silenzioso, questo mulinello offre prestazioni eccezionali a un prezzo accessibile. Puntare sulla distanza, puntare sulla precisione.<br \/>\nPer chi \u00e8 alla ricerca di un mulinello da surfcasting economico che non lesini sulla qualit\u00e0, l&#8217;AERLEX \u00e8 una scelta eccezionale. Ricco di funzioni per il lancio a lunga distanza, questo mulinello mostra l&#8217;inconfondibile qualit\u00e0 costruttiva e il design elegante di SHIMANO. Offre durata e potenza per migliorare le prestazioni di lancio fin dal primo lancio. Dotato di funzioni avanzate, tipiche dei modelli di fascia pi\u00f9 alta, l&#8217;AERLEX offre un valore eccezionale, che lo rende ideale per i pescatori che desiderano un mulinello di alta qualit\u00e0 per il lancio a lunga distanza senza dover pagare un prezzo elevato.<br \/>\nL&#8217;AERLEX \u00e8 realizzato per garantire una distanza di lancio e una precisione ottimali. Dispone di un&#8217;oscillazione Super Slow 5 per una posa parallela della lenza che riduce l&#8217;attrito, G Free Body per il bilanciamento, Parallel Body per un allineamento perfetto e di una bobina AR-C in alluminio forgiato a freddo di qualit\u00e0 superiore. La sua estetica elegante si abbina perfettamente alle canne da surfcasting Shimano, creando un&#8217;attrezzatura di alta qualit\u00e0 dall&#8217;aspetto imponente e dalle prestazioni eccellenti.<br \/>\nSia che si lanci da una spiaggia sabbiosa, da un litorale roccioso o da un molo, l&#8217;AERLEX XSC eccelle in tutte le situazioni. Immaginate di essere in piedi sulla riva, di sentire la potenza delle onde dell&#8217;oceano e di lanciare senza sforzo la vostra lenza ben oltre i frangenti per raggiungere quei pesci sfuggenti. Le caratteristiche avanzate dell&#8217;AERLEX assicurano una posa perfetta della lenza, riducendo l&#8217;attrito e aumentando la distanza di lancio. Quando un pesce grosso abbocca all&#8217;esca, il sistema Instant Drag consente di regolare rapidamente la frizione, dandovi il controllo necessario per recuperare le catture in tutta tranquillit\u00e0.<br \/>\nProvate l&#8217;AERLEX XSC e migliorate la vostra azione di pesca a surfcasting e a carpe con un mulinello che combina convenienza, qualit\u00e0 e tecnologia avanzata.<\/p>\n<p><strong>Modello:<\/strong> 14000 XSC<br \/>\n<strong>Capacit\u00e0 Bobina (mm-m):<\/strong> 0.35-550 \/ 0.40-400 \/ 0.45-300<br \/>\n<strong>Rapporto di Recupero:<\/strong> 4.3:1<br \/>\n<strong>Peso:<\/strong> 630g<br \/>\n<strong>Max Drag:<\/strong> 20kg<br \/>\n<strong>Line Retrive:<\/strong> 103cm<br \/>\n<strong>Cuscinetti:<\/strong> 2+1<br \/>\n.<br \/>\n<span style=\"color: #ff0000;\"><strong>DUE ANNI DI GARANZIA<\/strong><\/span><br \/>\n<span style=\"color: #ff0000;\"><strong>Da oggi per avere il TERZO ANNO DI GARANZIA, collegati al nuovo portale e registra il tuo prodotto su:<\/strong><\/span><br \/>\n<span style=\"color: #000000; background-color: #ffff00;\"><strong>http:\/\/www.shimanofishnetwork.it\/garanzia\/sign_in<\/strong><\/span><\/p>\n","protected":false},"excerpt":{"rendered":"<p>L&#8217;AERLEX XSC \u00e8 un mulinello da surfcasting straordinario ed economico che offre reali capacit\u00e0 di lancio a lunga distanza. Perfetto per i pescatori alla ricerca di un mulinello dal prezzo accessibile, l&#8217;AERLEX integra le caratteristiche avanzate dei modelli di punta di Shimano. Grazie all&#8217;oscillazione Super Slow 5 per una posa precisa del filo e al [&hellip;]<\/p>\n","protected":false},"featured_media":104321,"comment_status":"closed","ping_status":"closed","template":"","meta":[],"product_cat":[348],"product_tag":[1023],"yoast_head":"<!-- This site is optimized with the Yoast SEO plugin v15.3 - https:\/\/yoast.com\/wordpress\/plugins\/seo\/ -->\n<title>Mulinello Aerlex XSC - Shimano - Pesca Fish<\/title>\n<meta name=\"robots\" content=\"index, follow, max-snippet:-1, max-image-preview:large, max-video-preview:-1\" \/>\n<link rel=\"canonical\" href=\"https:\/\/www.pescafish.it\/new\/prodotto\/mulinello-aerlex-xsc-shimano\/\" \/>\n<meta property=\"og:locale\" content=\"it_IT\" \/>\n<meta property=\"og:type\" content=\"article\" \/>\n<meta property=\"og:title\" content=\"Mulinello Aerlex XSC - Shimano - Pesca Fish\" \/>\n<meta property=\"og:description\" content=\"L&#8217;AERLEX XSC \u00e8 un mulinello da surfcasting straordinario ed economico che offre reali capacit\u00e0 di lancio a lunga distanza. Perfetto per i pescatori alla ricerca di un mulinello dal prezzo accessibile, l&#8217;AERLEX integra le caratteristiche avanzate dei modelli di punta di Shimano. Grazie all&#8217;oscillazione Super Slow 5 per una posa precisa del filo e al [&hellip;]\" \/>\n<meta property=\"og:url\" content=\"https:\/\/www.pescafish.it\/new\/prodotto\/mulinello-aerlex-xsc-shimano\/\" \/>\n<meta property=\"og:site_name\" content=\"Pesca Fish\" \/>\n<meta property=\"article:publisher\" content=\"https:\/\/www.facebook.com\/pescafishvr\/\" \/>\n<meta property=\"og:image\" content=\"https:\/\/www.pescafish.it\/new\/wp-content\/uploads\/2025\/06\/AERLEX-14000-XSC.jpg\" \/>\n\t<meta property=\"og:image:width\" content=\"962\" \/>\n\t<meta property=\"og:image:height\" content=\"962\" \/>\n<meta name=\"twitter:card\" content=\"summary_large_image\" \/>\n<meta name=\"twitter:label1\" content=\"Scritto da\">\n\t<meta name=\"twitter:data1\" content=\"francesca\">\n\t<meta name=\"twitter:label2\" content=\"Tempo di lettura stimato\">\n\t<meta name=\"twitter:data2\" content=\"2 minuti\">\n<script type=\"application\/ld+json\" class=\"yoast-schema-graph\">{\"@context\":\"https:\/\/schema.org\",\"@graph\":[{\"@type\":\"WebSite\",\"@id\":\"https:\/\/www.pescafish.it\/new\/#website\",\"url\":\"https:\/\/www.pescafish.it\/new\/\",\"name\":\"Pesca Fish\",\"description\":\"Benvenuti sul nostro sito!\",\"potentialAction\":[{\"@type\":\"SearchAction\",\"target\":\"https:\/\/www.pescafish.it\/new\/?s={search_term_string}\",\"query-input\":\"required name=search_term_string\"}],\"inLanguage\":\"it-IT\"},{\"@type\":\"ImageObject\",\"@id\":\"https:\/\/www.pescafish.it\/new\/prodotto\/mulinello-aerlex-xsc-shimano\/#primaryimage\",\"inLanguage\":\"it-IT\",\"url\":\"https:\/\/www.pescafish.it\/new\/wp-content\/uploads\/2025\/06\/AERLEX-14000-XSC.jpg\",\"width\":962,\"height\":962,\"caption\":\"aerlex xsc shimano\"},{\"@type\":\"WebPage\",\"@id\":\"https:\/\/www.pescafish.it\/new\/prodotto\/mulinello-aerlex-xsc-shimano\/#webpage\",\"url\":\"https:\/\/www.pescafish.it\/new\/prodotto\/mulinello-aerlex-xsc-shimano\/\",\"name\":\"Mulinello Aerlex XSC - Shimano - Pesca Fish\",\"isPartOf\":{\"@id\":\"https:\/\/www.pescafish.it\/new\/#website\"},\"primaryImageOfPage\":{\"@id\":\"https:\/\/www.pescafish.it\/new\/prodotto\/mulinello-aerlex-xsc-shimano\/#primaryimage\"},\"datePublished\":\"2025-06-04T08:39:13+00:00\",\"dateModified\":\"2025-06-04T08:39:13+00:00\",\"inLanguage\":\"it-IT\",\"potentialAction\":[{\"@type\":\"ReadAction\",\"target\":[\"https:\/\/www.pescafish.it\/new\/prodotto\/mulinello-aerlex-xsc-shimano\/\"]}]}]}<\/script>\n<!-- \/ Yoast SEO plugin. -->","_links":{"self":[{"href":"https:\/\/www.pescafish.it\/new\/wp-json\/wp\/v2\/product\/104320"}],"collection":[{"href":"https:\/\/www.pescafish.it\/new\/wp-json\/wp\/v2\/product"}],"about":[{"href":"https:\/\/www.pescafish.it\/new\/wp-json\/wp\/v2\/types\/product"}],"replies":[{"embeddable":true,"href":"https:\/\/www.pescafish.it\/new\/wp-json\/wp\/v2\/comments?post=104320"}],"wp:featuredmedia":[{"embeddable":true,"href":"https:\/\/www.pescafish.it\/new\/wp-json\/wp\/v2\/media\/104321"}],"wp:attachment":[{"href":"https:\/\/www.pescafish.it\/new\/wp-json\/wp\/v2\/media?parent=104320"}],"wp:term":[{"taxonomy":"product_cat","embeddable":true,"href":"https:\/\/www.pescafish.it\/new\/wp-json\/wp\/v2\/product_cat?post=104320"},{"taxonomy":"product_tag","embeddable":true,"href":"https:\/\/www.pescafish.it\/new\/wp-json\/wp\/v2\/product_tag?post=104320"}],"curies":[{"name":"wp","href":"https:\/\/api.w.org\/{rel}","templated":true}]}}