{"id":103845,"date":"2025-04-19T08:39:44","date_gmt":"2025-04-19T06:39:44","guid":{"rendered":"https:\/\/www.pescafish.it\/new\/?post_type=product&#038;p=103845"},"modified":"2025-04-19T08:51:28","modified_gmt":"2025-04-19T06:51:28","slug":"master-shad-n4-combo-fiiish","status":"publish","type":"product","link":"https:\/\/www.pescafish.it\/new\/prodotto\/master-shad-n4-combo-fiiish\/","title":{"rendered":"Master Shad n\u00b04 Combo &#8211; Fiiish"},"content":{"rendered":"<p>Con Master shad, l\u2019azienda Fiiish ha recepito le tante richieste ricevute da migliaia di utenti in tutta Europa e decide di colmare una mancanza che aveva nel suo catalogo di softbaits con l\u2019inserimento di uno shad che producesse vibrazioni e movimento d\u2019acqua in grandi quantit\u00e0, in ogni condizione di corrente o di velocit\u00e0 di recupero. Proprio in contrapposizione al Black Minnow, che \u00e8 catturante perch\u00e9 molto naturale, il Master Shad \u00e8 l\u2019artificiale perfetto per essere da richiamo ai predatori che cacciano in condizioni di acqua sporca, scarsit\u00e0 di luce, mare agitato e schiuma. Quindi un artificiale che si fa sentire e percepire a lunga distanza.<br \/>\nQuello che a prima vista pu\u00f2 sembrare un \u201csemplice shad\u201d \u00e8 frutto di una ricerca meccanica e idrodinamica che lo rendono un pesciolino in silicone capace di nuotare in condizioni estreme, pur attivandosi subito a bassa velocit\u00e0. Grazie al paddle rovesciato, mantiene un nuoto perfetto alle alte velocit\u00e0 di recupero fino al punto di essere in pesca quando gli altri prodotti similari tendono a spanciare. Ma non \u00e8 finita qui, il Master Shad \u00e8 performante in condizioni di forte corrente, questo lo rende ideale anche per la pesca in fiume, torrenti o in situazioni di sfoci e risacche sostenute.<br \/>\nLa mescola che compone la gomma utilizzata per la produzione dei corpi del Master Shad \u00e8 stata espressamente sviluppata per ottenere un corpo particolarmente denso. Proprio la densit\u00e0 del corpo differenzia quest\u2019esca da ogni altro shad sul mercato, anche dal nostro inimitabile Black Minnow. Il motivo \u00e8 semplice: solo con una mescola molto pi\u00f9 densa siamo riusciti ad ottenere un artificiale compatto che possa muovere una grande quantit\u00e0 d\u2019acqua e creare delle incredibili turbolenze anche nelle misure pi\u00f9 piccole o a recuperi particolarmente lenti. Il corpo compatto e la coda meno incline a ripiegare su se stessa rendono il master shad molto lanciabile, ne consegue anche una migliore precisione sui lanci lunghi.<\/p>\n<p><strong>Taglia:<\/strong> n\u00b04<br \/>\n<strong>Lunghezza:<\/strong> 100mm<\/p>\n<p><strong>Disponibile nelle seguenti varianti:<\/strong><br \/>\n<strong>FIMS451700000<\/strong>\u00a0 8gr &#8211; White Coco\/Red<br \/>\n<strong>FIMS451600000\u00a0<\/strong> 8gr &#8211; Wakasagi<br \/>\n<strong>FIMS452000000\u00a0<\/strong> 15gr &#8211; White Coco\/Red<br \/>\n<strong>FIMS451800000\u00a0<\/strong> 15gr &#8211; Khaki<br \/>\n<strong>FIMS452200000\u00a0<\/strong> 21gr &#8211; Neon Pink<br \/>\n.<br \/>\n<iframe loading=\"lazy\" title=\"Fiiish - Master Shad - Swimming Action\" width=\"900\" height=\"506\" src=\"https:\/\/www.youtube.com\/embed\/CamD3i0RvXo?feature=oembed\" frameborder=\"0\" allow=\"accelerometer; autoplay; clipboard-write; encrypted-media; gyroscope; picture-in-picture; web-share\" referrerpolicy=\"strict-origin-when-cross-origin\" allowfullscreen><\/iframe><\/p>\n","protected":false},"excerpt":{"rendered":"<p>Con Master shad, l\u2019azienda Fiiish ha recepito le tante richieste ricevute da migliaia di utenti in tutta Europa e decide di colmare una mancanza che aveva nel suo catalogo di softbaits con l\u2019inserimento di uno shad che producesse vibrazioni e movimento d\u2019acqua in grandi quantit\u00e0, in ogni condizione di corrente o di velocit\u00e0 di recupero. [&hellip;]<\/p>\n","protected":false},"featured_media":103841,"comment_status":"closed","ping_status":"closed","template":"","meta":[],"product_cat":[675],"product_tag":[1090],"yoast_head":"<!-- This site is optimized with the Yoast SEO plugin v15.3 - https:\/\/yoast.com\/wordpress\/plugins\/seo\/ -->\n<title>Master Shad n\u00b04 Combo - Fiiish - Pesca Fish<\/title>\n<meta name=\"robots\" content=\"index, follow, max-snippet:-1, max-image-preview:large, max-video-preview:-1\" \/>\n<link rel=\"canonical\" href=\"https:\/\/www.pescafish.it\/new\/prodotto\/master-shad-n4-combo-fiiish\/\" \/>\n<meta property=\"og:locale\" content=\"it_IT\" \/>\n<meta property=\"og:type\" content=\"article\" \/>\n<meta property=\"og:title\" content=\"Master Shad n\u00b04 Combo - Fiiish - Pesca Fish\" \/>\n<meta property=\"og:description\" content=\"Con Master shad, l\u2019azienda Fiiish ha recepito le tante richieste ricevute da migliaia di utenti in tutta Europa e decide di colmare una mancanza che aveva nel suo catalogo di softbaits con l\u2019inserimento di uno shad che producesse vibrazioni e movimento d\u2019acqua in grandi quantit\u00e0, in ogni condizione di corrente o di velocit\u00e0 di recupero. [&hellip;]\" \/>\n<meta property=\"og:url\" content=\"https:\/\/www.pescafish.it\/new\/prodotto\/master-shad-n4-combo-fiiish\/\" \/>\n<meta property=\"og:site_name\" content=\"Pesca Fish\" \/>\n<meta property=\"article:publisher\" content=\"https:\/\/www.facebook.com\/pescafishvr\/\" \/>\n<meta property=\"article:modified_time\" content=\"2025-04-19T06:51:28+00:00\" \/>\n<meta property=\"og:image\" content=\"https:\/\/www.pescafish.it\/new\/wp-content\/uploads\/2025\/04\/master-shad.jpg\" \/>\n\t<meta property=\"og:image:width\" content=\"817\" \/>\n\t<meta property=\"og:image:height\" content=\"817\" \/>\n<meta name=\"twitter:card\" content=\"summary_large_image\" \/>\n<meta name=\"twitter:label1\" content=\"Scritto da\">\n\t<meta name=\"twitter:data1\" content=\"francesca\">\n\t<meta name=\"twitter:label2\" content=\"Tempo di lettura stimato\">\n\t<meta name=\"twitter:data2\" content=\"1 minuto\">\n<script type=\"application\/ld+json\" class=\"yoast-schema-graph\">{\"@context\":\"https:\/\/schema.org\",\"@graph\":[{\"@type\":\"WebSite\",\"@id\":\"https:\/\/www.pescafish.it\/new\/#website\",\"url\":\"https:\/\/www.pescafish.it\/new\/\",\"name\":\"Pesca Fish\",\"description\":\"Benvenuti sul nostro sito!\",\"potentialAction\":[{\"@type\":\"SearchAction\",\"target\":\"https:\/\/www.pescafish.it\/new\/?s={search_term_string}\",\"query-input\":\"required name=search_term_string\"}],\"inLanguage\":\"it-IT\"},{\"@type\":\"ImageObject\",\"@id\":\"https:\/\/www.pescafish.it\/new\/prodotto\/master-shad-n4-combo-fiiish\/#primaryimage\",\"inLanguage\":\"it-IT\",\"url\":\"https:\/\/www.pescafish.it\/new\/wp-content\/uploads\/2025\/04\/master-shad.jpg\",\"width\":817,\"height\":817,\"caption\":\"master shad fiiish\"},{\"@type\":\"WebPage\",\"@id\":\"https:\/\/www.pescafish.it\/new\/prodotto\/master-shad-n4-combo-fiiish\/#webpage\",\"url\":\"https:\/\/www.pescafish.it\/new\/prodotto\/master-shad-n4-combo-fiiish\/\",\"name\":\"Master Shad n\\u00b04 Combo - Fiiish - Pesca Fish\",\"isPartOf\":{\"@id\":\"https:\/\/www.pescafish.it\/new\/#website\"},\"primaryImageOfPage\":{\"@id\":\"https:\/\/www.pescafish.it\/new\/prodotto\/master-shad-n4-combo-fiiish\/#primaryimage\"},\"datePublished\":\"2025-04-19T06:39:44+00:00\",\"dateModified\":\"2025-04-19T06:51:28+00:00\",\"inLanguage\":\"it-IT\",\"potentialAction\":[{\"@type\":\"ReadAction\",\"target\":[\"https:\/\/www.pescafish.it\/new\/prodotto\/master-shad-n4-combo-fiiish\/\"]}]}]}<\/script>\n<!-- \/ Yoast SEO plugin. -->","_links":{"self":[{"href":"https:\/\/www.pescafish.it\/new\/wp-json\/wp\/v2\/product\/103845"}],"collection":[{"href":"https:\/\/www.pescafish.it\/new\/wp-json\/wp\/v2\/product"}],"about":[{"href":"https:\/\/www.pescafish.it\/new\/wp-json\/wp\/v2\/types\/product"}],"replies":[{"embeddable":true,"href":"https:\/\/www.pescafish.it\/new\/wp-json\/wp\/v2\/comments?post=103845"}],"wp:featuredmedia":[{"embeddable":true,"href":"https:\/\/www.pescafish.it\/new\/wp-json\/wp\/v2\/media\/103841"}],"wp:attachment":[{"href":"https:\/\/www.pescafish.it\/new\/wp-json\/wp\/v2\/media?parent=103845"}],"wp:term":[{"taxonomy":"product_cat","embeddable":true,"href":"https:\/\/www.pescafish.it\/new\/wp-json\/wp\/v2\/product_cat?post=103845"},{"taxonomy":"product_tag","embeddable":true,"href":"https:\/\/www.pescafish.it\/new\/wp-json\/wp\/v2\/product_tag?post=103845"}],"curies":[{"name":"wp","href":"https:\/\/api.w.org\/{rel}","templated":true}]}}