{"id":103824,"date":"2025-04-18T11:07:00","date_gmt":"2025-04-18T09:07:00","guid":{"rendered":"https:\/\/www.pescafish.it\/new\/?post_type=product&#038;p=103824"},"modified":"2026-02-03T16:09:52","modified_gmt":"2026-02-03T15:09:52","slug":"n-butyric-acid-feedstimulants","status":"publish","type":"product","link":"https:\/\/www.pescafish.it\/new\/prodotto\/n-butyric-acid-feedstimulants\/","title":{"rendered":"N-Butyric Acid &#8211; FeedStimulants"},"content":{"rendered":"<h2>N-Butyric Acid<\/h2>\n<p>Questo \u00e8 un attrattore per carpe davvero straordinario e uno dei pi\u00f9 efficaci. Anche a dosi molto basse, le carpe riescono a percepire facilmente questo additivo quando \u00e8 sepolto nel limo del fondale, tanto \u00e8 potente. \u00c8 un acido organico totalmente naturale che esalta il sapore acidulo con un retrogusto dolce.<\/p>\n<p>L&#8217;acido n-butirrico \u00e8 un additivo da non sottovalutare, con il potenziale di migliorare notevolmente i risultati delle vostre catture.<\/p>\n<p>Caratteristiche del prodotto: odore pungente e pungente, completamente solubile in acqua.<\/p>\n<p><strong>Dosaggi consigliati:<\/strong><\/p>\n<p>\u2022 In combinazione con altri aromi, sono necessarie solo piccole quantit\u00e0; circa 1-10 gocce per kg di miscela saranno sufficienti.<br \/>\n\u2022 Usato da solo o per la massima attrazione immediata; 1-2 ml per kg di miscela\/particelle\/pellet.<br \/>\n\u2022 Usato con esche morte; iniettare circa 1 ml direttamente nella polpa.<\/p>\n<p>Usare sempre i guanti, non assaggiare\/ingerire o inalare e tenere lontano dalla portata degli occhi e dei bambini. Questo prodotto non \u00e8 adatto alle fidanzate\/mogli&#8230; Usare all&#8217;aria aperta o in un luogo ben ventilato.<\/p>\n<p><strong>Confezione da 30ml<\/strong><\/p>\n","protected":false},"excerpt":{"rendered":"<p>N-Butyric Acid Questo \u00e8 un attrattore per carpe davvero straordinario e uno dei pi\u00f9 efficaci. Anche a dosi molto basse, le carpe riescono a percepire facilmente questo additivo quando \u00e8 sepolto nel limo del fondale, tanto \u00e8 potente. \u00c8 un acido organico totalmente naturale che esalta il sapore acidulo con un retrogusto dolce. L&#8217;acido n-butirrico [&hellip;]<\/p>\n","protected":false},"featured_media":103825,"comment_status":"closed","ping_status":"closed","template":"","meta":[],"product_cat":[1359],"product_tag":[1360],"yoast_head":"<!-- This site is optimized with the Yoast SEO plugin v15.3 - https:\/\/yoast.com\/wordpress\/plugins\/seo\/ -->\n<title>N-Butyric Acid - FeedStimulants - Pesca Fish<\/title>\n<meta name=\"robots\" content=\"index, follow, max-snippet:-1, max-image-preview:large, max-video-preview:-1\" \/>\n<link rel=\"canonical\" href=\"https:\/\/www.pescafish.it\/new\/prodotto\/n-butyric-acid-feedstimulants\/\" \/>\n<meta property=\"og:locale\" content=\"it_IT\" \/>\n<meta property=\"og:type\" content=\"article\" \/>\n<meta property=\"og:title\" content=\"N-Butyric Acid - FeedStimulants - Pesca Fish\" \/>\n<meta property=\"og:description\" content=\"N-Butyric Acid Questo \u00e8 un attrattore per carpe davvero straordinario e uno dei pi\u00f9 efficaci. Anche a dosi molto basse, le carpe riescono a percepire facilmente questo additivo quando \u00e8 sepolto nel limo del fondale, tanto \u00e8 potente. \u00c8 un acido organico totalmente naturale che esalta il sapore acidulo con un retrogusto dolce. L&#8217;acido n-butirrico [&hellip;]\" \/>\n<meta property=\"og:url\" content=\"https:\/\/www.pescafish.it\/new\/prodotto\/n-butyric-acid-feedstimulants\/\" \/>\n<meta property=\"og:site_name\" content=\"Pesca Fish\" \/>\n<meta property=\"article:publisher\" content=\"https:\/\/www.facebook.com\/pescafishvr\/\" \/>\n<meta property=\"article:modified_time\" content=\"2026-02-03T15:09:52+00:00\" \/>\n<meta property=\"og:image\" content=\"https:\/\/www.pescafish.it\/new\/wp-content\/uploads\/2025\/04\/NB.jpg\" \/>\n\t<meta property=\"og:image:width\" content=\"789\" \/>\n\t<meta property=\"og:image:height\" content=\"794\" \/>\n<meta name=\"twitter:card\" content=\"summary_large_image\" \/>\n<meta name=\"twitter:label1\" content=\"Scritto da\">\n\t<meta name=\"twitter:data1\" content=\"francesca\">\n\t<meta name=\"twitter:label2\" content=\"Tempo di lettura stimato\">\n\t<meta name=\"twitter:data2\" content=\"1 minuto\">\n<script type=\"application\/ld+json\" class=\"yoast-schema-graph\">{\"@context\":\"https:\/\/schema.org\",\"@graph\":[{\"@type\":\"WebSite\",\"@id\":\"https:\/\/www.pescafish.it\/new\/#website\",\"url\":\"https:\/\/www.pescafish.it\/new\/\",\"name\":\"Pesca Fish\",\"description\":\"Benvenuti sul nostro sito!\",\"potentialAction\":[{\"@type\":\"SearchAction\",\"target\":\"https:\/\/www.pescafish.it\/new\/?s={search_term_string}\",\"query-input\":\"required name=search_term_string\"}],\"inLanguage\":\"it-IT\"},{\"@type\":\"ImageObject\",\"@id\":\"https:\/\/www.pescafish.it\/new\/prodotto\/n-butyric-acid-feedstimulants\/#primaryimage\",\"inLanguage\":\"it-IT\",\"url\":\"https:\/\/www.pescafish.it\/new\/wp-content\/uploads\/2025\/04\/NB.jpg\",\"width\":789,\"height\":794,\"caption\":\"FeedStimulants\"},{\"@type\":\"WebPage\",\"@id\":\"https:\/\/www.pescafish.it\/new\/prodotto\/n-butyric-acid-feedstimulants\/#webpage\",\"url\":\"https:\/\/www.pescafish.it\/new\/prodotto\/n-butyric-acid-feedstimulants\/\",\"name\":\"N-Butyric Acid - FeedStimulants - Pesca Fish\",\"isPartOf\":{\"@id\":\"https:\/\/www.pescafish.it\/new\/#website\"},\"primaryImageOfPage\":{\"@id\":\"https:\/\/www.pescafish.it\/new\/prodotto\/n-butyric-acid-feedstimulants\/#primaryimage\"},\"datePublished\":\"2025-04-18T09:07:00+00:00\",\"dateModified\":\"2026-02-03T15:09:52+00:00\",\"inLanguage\":\"it-IT\",\"potentialAction\":[{\"@type\":\"ReadAction\",\"target\":[\"https:\/\/www.pescafish.it\/new\/prodotto\/n-butyric-acid-feedstimulants\/\"]}]}]}<\/script>\n<!-- \/ Yoast SEO plugin. -->","_links":{"self":[{"href":"https:\/\/www.pescafish.it\/new\/wp-json\/wp\/v2\/product\/103824"}],"collection":[{"href":"https:\/\/www.pescafish.it\/new\/wp-json\/wp\/v2\/product"}],"about":[{"href":"https:\/\/www.pescafish.it\/new\/wp-json\/wp\/v2\/types\/product"}],"replies":[{"embeddable":true,"href":"https:\/\/www.pescafish.it\/new\/wp-json\/wp\/v2\/comments?post=103824"}],"wp:featuredmedia":[{"embeddable":true,"href":"https:\/\/www.pescafish.it\/new\/wp-json\/wp\/v2\/media\/103825"}],"wp:attachment":[{"href":"https:\/\/www.pescafish.it\/new\/wp-json\/wp\/v2\/media?parent=103824"}],"wp:term":[{"taxonomy":"product_cat","embeddable":true,"href":"https:\/\/www.pescafish.it\/new\/wp-json\/wp\/v2\/product_cat?post=103824"},{"taxonomy":"product_tag","embeddable":true,"href":"https:\/\/www.pescafish.it\/new\/wp-json\/wp\/v2\/product_tag?post=103824"}],"curies":[{"name":"wp","href":"https:\/\/api.w.org\/{rel}","templated":true}]}}