{"id":103822,"date":"2025-04-18T11:00:10","date_gmt":"2025-04-18T09:00:10","guid":{"rendered":"https:\/\/www.pescafish.it\/new\/?post_type=product&#038;p=103822"},"modified":"2025-04-18T11:00:38","modified_gmt":"2025-04-18T09:00:38","slug":"milk-b-feedstimulants","status":"publish","type":"product","link":"https:\/\/www.pescafish.it\/new\/prodotto\/milk-b-feedstimulants\/","title":{"rendered":"Milk B+ &#8211; FeedStimulants"},"content":{"rendered":"<h2>Milk B+<\/h2>\n<p>Risale agli anni &#8217;80\/&#8217;90, quando era molto noto per il suo impatto devastante sulla pesca alla carpa. Questo Milky B \u00e8 un aroma in polvere puro molto intenso.<\/p>\n<p>Migliora il sapore dell&#8217;esca, aumenta l&#8217;assunzione di cibo e favorisce la secrezione di fluidi digestivi, favorendo cos\u00ec la digeribilit\u00e0 e l&#8217;assorbimento dei nutrienti del mangime. Profumo molto intenso e dolce, di lunga durata, con una nota di caramella\/scopex, tutti ingredienti che si sono dimostrati efficaci nelle catture di carpe.<\/p>\n<p>A differenza degli aromi liquidi, l&#8217;odore degli aromi in polvere persiste molto pi\u00f9 a lungo perch\u00e9 si diluisce pi\u00f9 lentamente in acqua.<\/p>\n<p><strong>Ingredienti principali:<\/strong><\/p>\n<p>Acidi organici come:<br \/>\nButil Butirrico lattato, etil laurato, acido butirrico, ecc.<\/p>\n<p><strong>Dosaggio per kg di miscela secca:<\/strong><\/p>\n<p>Inizialmente, premiscelare con una piccola quantit\u00e0 di mangime, quindi mescolare con una quantit\u00e0 maggiore o aggiungere direttamente ai liquidi.<\/p>\n<p>Nelle esche per carpe utilizzare circa 5-15 gr\/kg.<br \/>\nIn inverno consigliamo di utilizzare un aroma dolce e un po&#8217; pi\u00f9 di dolcificante.<\/p>\n","protected":false},"excerpt":{"rendered":"<p>Milk B+ Risale agli anni &#8217;80\/&#8217;90, quando era molto noto per il suo impatto devastante sulla pesca alla carpa. Questo Milky B \u00e8 un aroma in polvere puro molto intenso. Migliora il sapore dell&#8217;esca, aumenta l&#8217;assunzione di cibo e favorisce la secrezione di fluidi digestivi, favorendo cos\u00ec la digeribilit\u00e0 e l&#8217;assorbimento dei nutrienti del mangime. [&hellip;]<\/p>\n","protected":false},"featured_media":103823,"comment_status":"closed","ping_status":"closed","template":"","meta":[],"product_cat":[1359],"product_tag":[1360],"yoast_head":"<!-- This site is optimized with the Yoast SEO plugin v15.3 - https:\/\/yoast.com\/wordpress\/plugins\/seo\/ -->\n<title>Milk B+ - FeedStimulants - Pesca Fish<\/title>\n<meta name=\"robots\" content=\"index, follow, max-snippet:-1, max-image-preview:large, max-video-preview:-1\" \/>\n<link rel=\"canonical\" href=\"https:\/\/www.pescafish.it\/new\/prodotto\/milk-b-feedstimulants\/\" \/>\n<meta property=\"og:locale\" content=\"it_IT\" \/>\n<meta property=\"og:type\" content=\"article\" \/>\n<meta property=\"og:title\" content=\"Milk B+ - FeedStimulants - Pesca Fish\" \/>\n<meta property=\"og:description\" content=\"Milk B+ Risale agli anni &#8217;80\/&#8217;90, quando era molto noto per il suo impatto devastante sulla pesca alla carpa. Questo Milky B \u00e8 un aroma in polvere puro molto intenso. Migliora il sapore dell&#8217;esca, aumenta l&#8217;assunzione di cibo e favorisce la secrezione di fluidi digestivi, favorendo cos\u00ec la digeribilit\u00e0 e l&#8217;assorbimento dei nutrienti del mangime. [&hellip;]\" \/>\n<meta property=\"og:url\" content=\"https:\/\/www.pescafish.it\/new\/prodotto\/milk-b-feedstimulants\/\" \/>\n<meta property=\"og:site_name\" content=\"Pesca Fish\" \/>\n<meta property=\"article:publisher\" content=\"https:\/\/www.facebook.com\/pescafishvr\/\" \/>\n<meta property=\"article:modified_time\" content=\"2025-04-18T09:00:38+00:00\" \/>\n<meta property=\"og:image\" content=\"https:\/\/www.pescafish.it\/new\/wp-content\/uploads\/2025\/04\/FS30.jpg\" \/>\n\t<meta property=\"og:image:width\" content=\"789\" \/>\n\t<meta property=\"og:image:height\" content=\"794\" \/>\n<meta name=\"twitter:card\" content=\"summary_large_image\" \/>\n<meta name=\"twitter:label1\" content=\"Scritto da\">\n\t<meta name=\"twitter:data1\" content=\"francesca\">\n\t<meta name=\"twitter:label2\" content=\"Tempo di lettura stimato\">\n\t<meta name=\"twitter:data2\" content=\"1 minuto\">\n<script type=\"application\/ld+json\" class=\"yoast-schema-graph\">{\"@context\":\"https:\/\/schema.org\",\"@graph\":[{\"@type\":\"WebSite\",\"@id\":\"https:\/\/www.pescafish.it\/new\/#website\",\"url\":\"https:\/\/www.pescafish.it\/new\/\",\"name\":\"Pesca Fish\",\"description\":\"Benvenuti sul nostro sito!\",\"potentialAction\":[{\"@type\":\"SearchAction\",\"target\":\"https:\/\/www.pescafish.it\/new\/?s={search_term_string}\",\"query-input\":\"required name=search_term_string\"}],\"inLanguage\":\"it-IT\"},{\"@type\":\"ImageObject\",\"@id\":\"https:\/\/www.pescafish.it\/new\/prodotto\/milk-b-feedstimulants\/#primaryimage\",\"inLanguage\":\"it-IT\",\"url\":\"https:\/\/www.pescafish.it\/new\/wp-content\/uploads\/2025\/04\/FS30.jpg\",\"width\":789,\"height\":794,\"caption\":\"FeedStimulants\"},{\"@type\":\"WebPage\",\"@id\":\"https:\/\/www.pescafish.it\/new\/prodotto\/milk-b-feedstimulants\/#webpage\",\"url\":\"https:\/\/www.pescafish.it\/new\/prodotto\/milk-b-feedstimulants\/\",\"name\":\"Milk B+ - FeedStimulants - Pesca Fish\",\"isPartOf\":{\"@id\":\"https:\/\/www.pescafish.it\/new\/#website\"},\"primaryImageOfPage\":{\"@id\":\"https:\/\/www.pescafish.it\/new\/prodotto\/milk-b-feedstimulants\/#primaryimage\"},\"datePublished\":\"2025-04-18T09:00:10+00:00\",\"dateModified\":\"2025-04-18T09:00:38+00:00\",\"inLanguage\":\"it-IT\",\"potentialAction\":[{\"@type\":\"ReadAction\",\"target\":[\"https:\/\/www.pescafish.it\/new\/prodotto\/milk-b-feedstimulants\/\"]}]}]}<\/script>\n<!-- \/ Yoast SEO plugin. -->","_links":{"self":[{"href":"https:\/\/www.pescafish.it\/new\/wp-json\/wp\/v2\/product\/103822"}],"collection":[{"href":"https:\/\/www.pescafish.it\/new\/wp-json\/wp\/v2\/product"}],"about":[{"href":"https:\/\/www.pescafish.it\/new\/wp-json\/wp\/v2\/types\/product"}],"replies":[{"embeddable":true,"href":"https:\/\/www.pescafish.it\/new\/wp-json\/wp\/v2\/comments?post=103822"}],"wp:featuredmedia":[{"embeddable":true,"href":"https:\/\/www.pescafish.it\/new\/wp-json\/wp\/v2\/media\/103823"}],"wp:attachment":[{"href":"https:\/\/www.pescafish.it\/new\/wp-json\/wp\/v2\/media?parent=103822"}],"wp:term":[{"taxonomy":"product_cat","embeddable":true,"href":"https:\/\/www.pescafish.it\/new\/wp-json\/wp\/v2\/product_cat?post=103822"},{"taxonomy":"product_tag","embeddable":true,"href":"https:\/\/www.pescafish.it\/new\/wp-json\/wp\/v2\/product_tag?post=103822"}],"curies":[{"name":"wp","href":"https:\/\/api.w.org\/{rel}","templated":true}]}}