{"id":103429,"date":"2025-03-28T12:01:36","date_gmt":"2025-03-28T11:01:36","guid":{"rendered":"https:\/\/www.pescafish.it\/new\/?post_type=product&#038;p=103429"},"modified":"2025-03-28T12:01:37","modified_gmt":"2025-03-28T11:01:37","slug":"glide-bait-130-dying-molix","status":"publish","type":"product","link":"https:\/\/www.pescafish.it\/new\/prodotto\/glide-bait-130-dying-molix\/","title":{"rendered":"Glide Bait 130 Dying &#8211; Molix"},"content":{"rendered":"<p>Progettata per imitare le movenze di un pesce morente. Lanciata in acqua gallegger\u00e0 in assetto orizzontale (dying side). In funzione del modo in cui verr\u00e0 recuperata, grazie al movimento iper realistico, assumer\u00e0 un nuoto imprevedibile che stimoler\u00e0 l\u2019aggressivit\u00e0 dei predatori, soprattutto nella fase di \u201cstop &amp; go\u201d. Il corpo \u00e8 realizzato in 3 sezioni per favorire il movimento e per accentuare la posizione della coda verso il basso; garantendo, in combinazione con l\u2019ancoretta posizionata sul fianco dell\u2019esca hook set pi\u00f9 efficaci e con un\u2019altissima percentuale di allamate. La Glide Bait 130 Dying \u00e8 equipaggiata con ancorette di qualit\u00e0, occhi 3D e pinne morbide e realistiche.<\/p>\n<p><strong>Lunghezza:<\/strong> 13cm<br \/>\n<strong>Peso:<\/strong> 25g<br \/>\n<strong>Azione:<\/strong> Floating<\/p>\n<p><strong>Disponibile nelle seguenti colorazioni:<\/strong><br \/>\n<strong>GB130FD-521<\/strong>\u00a0 521-Mat White<br \/>\n<strong>GB130FD-526<\/strong>\u00a0 526-Whiting<\/p>\n","protected":false},"excerpt":{"rendered":"<p>Progettata per imitare le movenze di un pesce morente. Lanciata in acqua gallegger\u00e0 in assetto orizzontale (dying side). In funzione del modo in cui verr\u00e0 recuperata, grazie al movimento iper realistico, assumer\u00e0 un nuoto imprevedibile che stimoler\u00e0 l\u2019aggressivit\u00e0 dei predatori, soprattutto nella fase di \u201cstop &amp; go\u201d. Il corpo \u00e8 realizzato in 3 sezioni per [&hellip;]<\/p>\n","protected":false},"featured_media":103430,"comment_status":"closed","ping_status":"closed","template":"","meta":[],"product_cat":[620],"product_tag":[1025],"yoast_head":"<!-- This site is optimized with the Yoast SEO plugin v15.3 - https:\/\/yoast.com\/wordpress\/plugins\/seo\/ -->\n<title>Glide Bait 130 Dying - Molix - Pesca Fish<\/title>\n<meta name=\"robots\" content=\"index, follow, max-snippet:-1, max-image-preview:large, max-video-preview:-1\" \/>\n<link rel=\"canonical\" href=\"https:\/\/www.pescafish.it\/new\/prodotto\/glide-bait-130-dying-molix\/\" \/>\n<meta property=\"og:locale\" content=\"it_IT\" \/>\n<meta property=\"og:type\" content=\"article\" \/>\n<meta property=\"og:title\" content=\"Glide Bait 130 Dying - Molix - Pesca Fish\" \/>\n<meta property=\"og:description\" content=\"Progettata per imitare le movenze di un pesce morente. Lanciata in acqua gallegger\u00e0 in assetto orizzontale (dying side). In funzione del modo in cui verr\u00e0 recuperata, grazie al movimento iper realistico, assumer\u00e0 un nuoto imprevedibile che stimoler\u00e0 l\u2019aggressivit\u00e0 dei predatori, soprattutto nella fase di \u201cstop &amp; go\u201d. Il corpo \u00e8 realizzato in 3 sezioni per [&hellip;]\" \/>\n<meta property=\"og:url\" content=\"https:\/\/www.pescafish.it\/new\/prodotto\/glide-bait-130-dying-molix\/\" \/>\n<meta property=\"og:site_name\" content=\"Pesca Fish\" \/>\n<meta property=\"article:publisher\" content=\"https:\/\/www.facebook.com\/pescafishvr\/\" \/>\n<meta property=\"article:modified_time\" content=\"2025-03-28T11:01:37+00:00\" \/>\n<meta property=\"og:image\" content=\"https:\/\/www.pescafish.it\/new\/wp-content\/uploads\/2025\/03\/glide-bait-130_521-mat-white.jpg\" \/>\n\t<meta property=\"og:image:width\" content=\"794\" \/>\n\t<meta property=\"og:image:height\" content=\"794\" \/>\n<meta name=\"twitter:card\" content=\"summary_large_image\" \/>\n<meta name=\"twitter:label1\" content=\"Scritto da\">\n\t<meta name=\"twitter:data1\" content=\"francesca\">\n\t<meta name=\"twitter:label2\" content=\"Tempo di lettura stimato\">\n\t<meta name=\"twitter:data2\" content=\"0 minuti\">\n<script type=\"application\/ld+json\" class=\"yoast-schema-graph\">{\"@context\":\"https:\/\/schema.org\",\"@graph\":[{\"@type\":\"WebSite\",\"@id\":\"https:\/\/www.pescafish.it\/new\/#website\",\"url\":\"https:\/\/www.pescafish.it\/new\/\",\"name\":\"Pesca Fish\",\"description\":\"Benvenuti sul nostro sito!\",\"potentialAction\":[{\"@type\":\"SearchAction\",\"target\":\"https:\/\/www.pescafish.it\/new\/?s={search_term_string}\",\"query-input\":\"required name=search_term_string\"}],\"inLanguage\":\"it-IT\"},{\"@type\":\"ImageObject\",\"@id\":\"https:\/\/www.pescafish.it\/new\/prodotto\/glide-bait-130-dying-molix\/#primaryimage\",\"inLanguage\":\"it-IT\",\"url\":\"https:\/\/www.pescafish.it\/new\/wp-content\/uploads\/2025\/03\/glide-bait-130_521-mat-white.jpg\",\"width\":794,\"height\":794,\"caption\":\"glide bait 130 dying molix\"},{\"@type\":\"WebPage\",\"@id\":\"https:\/\/www.pescafish.it\/new\/prodotto\/glide-bait-130-dying-molix\/#webpage\",\"url\":\"https:\/\/www.pescafish.it\/new\/prodotto\/glide-bait-130-dying-molix\/\",\"name\":\"Glide Bait 130 Dying - Molix - Pesca Fish\",\"isPartOf\":{\"@id\":\"https:\/\/www.pescafish.it\/new\/#website\"},\"primaryImageOfPage\":{\"@id\":\"https:\/\/www.pescafish.it\/new\/prodotto\/glide-bait-130-dying-molix\/#primaryimage\"},\"datePublished\":\"2025-03-28T11:01:36+00:00\",\"dateModified\":\"2025-03-28T11:01:37+00:00\",\"inLanguage\":\"it-IT\",\"potentialAction\":[{\"@type\":\"ReadAction\",\"target\":[\"https:\/\/www.pescafish.it\/new\/prodotto\/glide-bait-130-dying-molix\/\"]}]}]}<\/script>\n<!-- \/ Yoast SEO plugin. -->","_links":{"self":[{"href":"https:\/\/www.pescafish.it\/new\/wp-json\/wp\/v2\/product\/103429"}],"collection":[{"href":"https:\/\/www.pescafish.it\/new\/wp-json\/wp\/v2\/product"}],"about":[{"href":"https:\/\/www.pescafish.it\/new\/wp-json\/wp\/v2\/types\/product"}],"replies":[{"embeddable":true,"href":"https:\/\/www.pescafish.it\/new\/wp-json\/wp\/v2\/comments?post=103429"}],"wp:featuredmedia":[{"embeddable":true,"href":"https:\/\/www.pescafish.it\/new\/wp-json\/wp\/v2\/media\/103430"}],"wp:attachment":[{"href":"https:\/\/www.pescafish.it\/new\/wp-json\/wp\/v2\/media?parent=103429"}],"wp:term":[{"taxonomy":"product_cat","embeddable":true,"href":"https:\/\/www.pescafish.it\/new\/wp-json\/wp\/v2\/product_cat?post=103429"},{"taxonomy":"product_tag","embeddable":true,"href":"https:\/\/www.pescafish.it\/new\/wp-json\/wp\/v2\/product_tag?post=103429"}],"curies":[{"name":"wp","href":"https:\/\/api.w.org\/{rel}","templated":true}]}}