{"id":103395,"date":"2025-03-27T19:23:44","date_gmt":"2025-03-27T18:23:44","guid":{"rendered":"https:\/\/www.pescafish.it\/new\/?post_type=product&#038;p=103395"},"modified":"2025-03-27T19:23:44","modified_gmt":"2025-03-27T18:23:44","slug":"supernato-baby-45-molix","status":"publish","type":"product","link":"https:\/\/www.pescafish.it\/new\/prodotto\/supernato-baby-45-molix\/","title":{"rendered":"Supernato Baby 45 &#8211; Molix"},"content":{"rendered":"<p>Il progetto del Supernato Baby nasce dall\u2019esigenza di poter utilizzare il crankbait anche in acque ricche di ostacoli o di fitta vegetazione. Molix ha modificato il concetto originario delle Frog bait con una soluzione ibrida ed eclettica, che consente all\u2019esca di comportarsi egregiamente non solo in superficie, ma anche a media e ad alta profondit\u00e0. Se lo si immerge in acqua con una leggera pressione sui fianchi morbidi; entrer\u00e0 nell\u2019esca la quantit\u00e0 di acqua di cui abbiamo bisogno per farlo lavorare alla profondit\u00e0 desiderata. Il Supernato Baby passa con facilit\u00e0 dal wobbling, al nuoto sinuoso a pelo d\u2019acqua, agli stop &amp; go in assetto \u201csuspending\u201d. Riempito interamente di acqua pettina senza intoppi i fondali pi\u00f9 intricati. Saremo in grado di pensare al nostro raggio d\u2019azione in base alla distribuzione del pesce nel suo ambiente. Possiamo insidiarlo sia esso in superficie o sospeso o prossimo al fondale, senza farci condizionare dalla presenza di ostacoli di superficie o sommersi. Il ciuffo in silicon rubber in coda accentuala sinuosit\u00e0 del movimento durante il recupero o l\u2019affondamento e il suo \u201cguscio\u201d morbido sicuramente ci sar\u00e0 d\u2019aiuto al momento della ferrata. La versione Baby, da 4,5 cm, \u00e8 stata creata per un approccio super finesse dedicato al Black Bass ma anche altri predatori<br \/>\nEndorsed by Mike \u201cIke\u201d Iaconelli<\/p>\n<p><strong>Lunghezza:<\/strong> 4,5cm<br \/>\n<strong>Peso:<\/strong> 10,5g<br \/>\n<strong>Profondit\u00e0 di nuoto:<\/strong> Variabile<\/p>\n<p><strong>Colore:<\/strong> Gray Mouse<\/p>\n","protected":false},"excerpt":{"rendered":"<p>Il progetto del Supernato Baby nasce dall\u2019esigenza di poter utilizzare il crankbait anche in acque ricche di ostacoli o di fitta vegetazione. Molix ha modificato il concetto originario delle Frog bait con una soluzione ibrida ed eclettica, che consente all\u2019esca di comportarsi egregiamente non solo in superficie, ma anche a media e ad alta profondit\u00e0. [&hellip;]<\/p>\n","protected":false},"featured_media":103396,"comment_status":"closed","ping_status":"closed","template":"","meta":[],"product_cat":[620],"product_tag":[1025],"yoast_head":"<!-- This site is optimized with the Yoast SEO plugin v15.3 - https:\/\/yoast.com\/wordpress\/plugins\/seo\/ -->\n<title>Supernato Baby 45 - Molix - Pesca Fish<\/title>\n<meta name=\"robots\" content=\"index, follow, max-snippet:-1, max-image-preview:large, max-video-preview:-1\" \/>\n<link rel=\"canonical\" href=\"https:\/\/www.pescafish.it\/new\/prodotto\/supernato-baby-45-molix\/\" \/>\n<meta property=\"og:locale\" content=\"it_IT\" \/>\n<meta property=\"og:type\" content=\"article\" \/>\n<meta property=\"og:title\" content=\"Supernato Baby 45 - Molix - Pesca Fish\" \/>\n<meta property=\"og:description\" content=\"Il progetto del Supernato Baby nasce dall\u2019esigenza di poter utilizzare il crankbait anche in acque ricche di ostacoli o di fitta vegetazione. Molix ha modificato il concetto originario delle Frog bait con una soluzione ibrida ed eclettica, che consente all\u2019esca di comportarsi egregiamente non solo in superficie, ma anche a media e ad alta profondit\u00e0. [&hellip;]\" \/>\n<meta property=\"og:url\" content=\"https:\/\/www.pescafish.it\/new\/prodotto\/supernato-baby-45-molix\/\" \/>\n<meta property=\"og:site_name\" content=\"Pesca Fish\" \/>\n<meta property=\"article:publisher\" content=\"https:\/\/www.facebook.com\/pescafishvr\/\" \/>\n<meta property=\"og:image\" content=\"https:\/\/www.pescafish.it\/new\/wp-content\/uploads\/2025\/03\/SUPERNATO-BABY-45.jpg\" \/>\n\t<meta property=\"og:image:width\" content=\"794\" \/>\n\t<meta property=\"og:image:height\" content=\"794\" \/>\n<meta name=\"twitter:card\" content=\"summary_large_image\" \/>\n<meta name=\"twitter:label1\" content=\"Scritto da\">\n\t<meta name=\"twitter:data1\" content=\"francesca\">\n\t<meta name=\"twitter:label2\" content=\"Tempo di lettura stimato\">\n\t<meta name=\"twitter:data2\" content=\"1 minuto\">\n<script type=\"application\/ld+json\" class=\"yoast-schema-graph\">{\"@context\":\"https:\/\/schema.org\",\"@graph\":[{\"@type\":\"WebSite\",\"@id\":\"https:\/\/www.pescafish.it\/new\/#website\",\"url\":\"https:\/\/www.pescafish.it\/new\/\",\"name\":\"Pesca Fish\",\"description\":\"Benvenuti sul nostro sito!\",\"potentialAction\":[{\"@type\":\"SearchAction\",\"target\":\"https:\/\/www.pescafish.it\/new\/?s={search_term_string}\",\"query-input\":\"required name=search_term_string\"}],\"inLanguage\":\"it-IT\"},{\"@type\":\"ImageObject\",\"@id\":\"https:\/\/www.pescafish.it\/new\/prodotto\/supernato-baby-45-molix\/#primaryimage\",\"inLanguage\":\"it-IT\",\"url\":\"https:\/\/www.pescafish.it\/new\/wp-content\/uploads\/2025\/03\/SUPERNATO-BABY-45.jpg\",\"width\":794,\"height\":794,\"caption\":\"supernato baby 45 molix\"},{\"@type\":\"WebPage\",\"@id\":\"https:\/\/www.pescafish.it\/new\/prodotto\/supernato-baby-45-molix\/#webpage\",\"url\":\"https:\/\/www.pescafish.it\/new\/prodotto\/supernato-baby-45-molix\/\",\"name\":\"Supernato Baby 45 - Molix - Pesca Fish\",\"isPartOf\":{\"@id\":\"https:\/\/www.pescafish.it\/new\/#website\"},\"primaryImageOfPage\":{\"@id\":\"https:\/\/www.pescafish.it\/new\/prodotto\/supernato-baby-45-molix\/#primaryimage\"},\"datePublished\":\"2025-03-27T18:23:44+00:00\",\"dateModified\":\"2025-03-27T18:23:44+00:00\",\"inLanguage\":\"it-IT\",\"potentialAction\":[{\"@type\":\"ReadAction\",\"target\":[\"https:\/\/www.pescafish.it\/new\/prodotto\/supernato-baby-45-molix\/\"]}]}]}<\/script>\n<!-- \/ Yoast SEO plugin. -->","_links":{"self":[{"href":"https:\/\/www.pescafish.it\/new\/wp-json\/wp\/v2\/product\/103395"}],"collection":[{"href":"https:\/\/www.pescafish.it\/new\/wp-json\/wp\/v2\/product"}],"about":[{"href":"https:\/\/www.pescafish.it\/new\/wp-json\/wp\/v2\/types\/product"}],"replies":[{"embeddable":true,"href":"https:\/\/www.pescafish.it\/new\/wp-json\/wp\/v2\/comments?post=103395"}],"wp:featuredmedia":[{"embeddable":true,"href":"https:\/\/www.pescafish.it\/new\/wp-json\/wp\/v2\/media\/103396"}],"wp:attachment":[{"href":"https:\/\/www.pescafish.it\/new\/wp-json\/wp\/v2\/media?parent=103395"}],"wp:term":[{"taxonomy":"product_cat","embeddable":true,"href":"https:\/\/www.pescafish.it\/new\/wp-json\/wp\/v2\/product_cat?post=103395"},{"taxonomy":"product_tag","embeddable":true,"href":"https:\/\/www.pescafish.it\/new\/wp-json\/wp\/v2\/product_tag?post=103395"}],"curies":[{"name":"wp","href":"https:\/\/api.w.org\/{rel}","templated":true}]}}