{"id":103276,"date":"2025-03-26T16:58:32","date_gmt":"2025-03-26T15:58:32","guid":{"rendered":"https:\/\/www.pescafish.it\/new\/?post_type=product&#038;p=103276"},"modified":"2025-03-26T16:58:32","modified_gmt":"2025-03-26T15:58:32","slug":"zig-foam-korda","status":"publish","type":"product","link":"https:\/\/www.pescafish.it\/new\/prodotto\/zig-foam-korda\/","title":{"rendered":"Zig Foam &#8211; Korda"},"content":{"rendered":"<h2 class=\"title\">Zig Foam<\/h2>\n<p>Massimizza il successo del tuo zig rig con la nostra schiuma di qualit\u00e0 superiore ultra-galleggiante, adatta per presentazioni di precisione a qualsiasi profondit\u00e0. Questa schiuma offre una galleggiabilit\u00e0 eccezionale e una visibilit\u00e0 eccezionale. Disponibile in tre colori: nero, giallo e rosso, per adattarsi a diverse condizioni dell&#8217;acqua e profondit\u00e0.<\/p>\n<p>I bastoncini di schiuma da 8 mm di diametro sono disponibili in confezioni da quattro. Basta tagliare alla lunghezza desiderata e montarli direttamente sul pelo, posizionando la schiuma vicino all&#8217;amo per un effetto ottimale. Per un&#8217;attrazione maggiore, questi bastoncini assorbenti assorbono facilmente aromi aggiuntivi, consentendoti di creare presentazioni personalizzate se abbinati a un amo di dimensioni appropriate, dandoti potenzialmente un vantaggio extra in condizioni difficili.<\/p>\n<p>Che tu peschi a mezz&#8217;acqua o appena sotto la superficie, questa schiuma zig appositamente progettata fornisce il perfetto equilibrio tra galleggiabilit\u00e0 e visibilit\u00e0 che la moderna pesca a zig richiede.<\/p>\n<p><strong>Disponibile nelle seguenti colorazioni:<\/strong><br \/>\n<strong>KPB59<\/strong>\u00a0 Black<br \/>\n<strong>KPB58<\/strong>\u00a0 Yellow<br \/>\n<strong>KPB57<\/strong>\u00a0 Red<\/p>\n","protected":false},"excerpt":{"rendered":"<p>Zig Foam Massimizza il successo del tuo zig rig con la nostra schiuma di qualit\u00e0 superiore ultra-galleggiante, adatta per presentazioni di precisione a qualsiasi profondit\u00e0. Questa schiuma offre una galleggiabilit\u00e0 eccezionale e una visibilit\u00e0 eccezionale. Disponibile in tre colori: nero, giallo e rosso, per adattarsi a diverse condizioni dell&#8217;acqua e profondit\u00e0. I bastoncini di schiuma [&hellip;]<\/p>\n","protected":false},"featured_media":103277,"comment_status":"closed","ping_status":"closed","template":"","meta":[],"product_cat":[587],"product_tag":[1018],"yoast_head":"<!-- This site is optimized with the Yoast SEO plugin v15.3 - https:\/\/yoast.com\/wordpress\/plugins\/seo\/ -->\n<title>Zig Foam - Korda - Pesca Fish<\/title>\n<meta name=\"robots\" content=\"index, follow, max-snippet:-1, max-image-preview:large, max-video-preview:-1\" \/>\n<link rel=\"canonical\" href=\"https:\/\/www.pescafish.it\/new\/prodotto\/zig-foam-korda\/\" \/>\n<meta property=\"og:locale\" content=\"it_IT\" \/>\n<meta property=\"og:type\" content=\"article\" \/>\n<meta property=\"og:title\" content=\"Zig Foam - Korda - Pesca Fish\" \/>\n<meta property=\"og:description\" content=\"Zig Foam Massimizza il successo del tuo zig rig con la nostra schiuma di qualit\u00e0 superiore ultra-galleggiante, adatta per presentazioni di precisione a qualsiasi profondit\u00e0. Questa schiuma offre una galleggiabilit\u00e0 eccezionale e una visibilit\u00e0 eccezionale. Disponibile in tre colori: nero, giallo e rosso, per adattarsi a diverse condizioni dell&#8217;acqua e profondit\u00e0. I bastoncini di schiuma [&hellip;]\" \/>\n<meta property=\"og:url\" content=\"https:\/\/www.pescafish.it\/new\/prodotto\/zig-foam-korda\/\" \/>\n<meta property=\"og:site_name\" content=\"Pesca Fish\" \/>\n<meta property=\"article:publisher\" content=\"https:\/\/www.facebook.com\/pescafishvr\/\" \/>\n<meta property=\"og:image\" content=\"https:\/\/www.pescafish.it\/new\/wp-content\/uploads\/2025\/03\/Korda.jpg\" \/>\n\t<meta property=\"og:image:width\" content=\"794\" \/>\n\t<meta property=\"og:image:height\" content=\"794\" \/>\n<meta name=\"twitter:card\" content=\"summary_large_image\" \/>\n<meta name=\"twitter:label1\" content=\"Scritto da\">\n\t<meta name=\"twitter:data1\" content=\"francesca\">\n\t<meta name=\"twitter:label2\" content=\"Tempo di lettura stimato\">\n\t<meta name=\"twitter:data2\" content=\"1 minuto\">\n<script type=\"application\/ld+json\" class=\"yoast-schema-graph\">{\"@context\":\"https:\/\/schema.org\",\"@graph\":[{\"@type\":\"WebSite\",\"@id\":\"https:\/\/www.pescafish.it\/new\/#website\",\"url\":\"https:\/\/www.pescafish.it\/new\/\",\"name\":\"Pesca Fish\",\"description\":\"Benvenuti sul nostro sito!\",\"potentialAction\":[{\"@type\":\"SearchAction\",\"target\":\"https:\/\/www.pescafish.it\/new\/?s={search_term_string}\",\"query-input\":\"required name=search_term_string\"}],\"inLanguage\":\"it-IT\"},{\"@type\":\"ImageObject\",\"@id\":\"https:\/\/www.pescafish.it\/new\/prodotto\/zig-foam-korda\/#primaryimage\",\"inLanguage\":\"it-IT\",\"url\":\"https:\/\/www.pescafish.it\/new\/wp-content\/uploads\/2025\/03\/Korda.jpg\",\"width\":794,\"height\":794,\"caption\":\"Korda\"},{\"@type\":\"WebPage\",\"@id\":\"https:\/\/www.pescafish.it\/new\/prodotto\/zig-foam-korda\/#webpage\",\"url\":\"https:\/\/www.pescafish.it\/new\/prodotto\/zig-foam-korda\/\",\"name\":\"Zig Foam - Korda - Pesca Fish\",\"isPartOf\":{\"@id\":\"https:\/\/www.pescafish.it\/new\/#website\"},\"primaryImageOfPage\":{\"@id\":\"https:\/\/www.pescafish.it\/new\/prodotto\/zig-foam-korda\/#primaryimage\"},\"datePublished\":\"2025-03-26T15:58:32+00:00\",\"dateModified\":\"2025-03-26T15:58:32+00:00\",\"inLanguage\":\"it-IT\",\"potentialAction\":[{\"@type\":\"ReadAction\",\"target\":[\"https:\/\/www.pescafish.it\/new\/prodotto\/zig-foam-korda\/\"]}]}]}<\/script>\n<!-- \/ Yoast SEO plugin. -->","_links":{"self":[{"href":"https:\/\/www.pescafish.it\/new\/wp-json\/wp\/v2\/product\/103276"}],"collection":[{"href":"https:\/\/www.pescafish.it\/new\/wp-json\/wp\/v2\/product"}],"about":[{"href":"https:\/\/www.pescafish.it\/new\/wp-json\/wp\/v2\/types\/product"}],"replies":[{"embeddable":true,"href":"https:\/\/www.pescafish.it\/new\/wp-json\/wp\/v2\/comments?post=103276"}],"wp:featuredmedia":[{"embeddable":true,"href":"https:\/\/www.pescafish.it\/new\/wp-json\/wp\/v2\/media\/103277"}],"wp:attachment":[{"href":"https:\/\/www.pescafish.it\/new\/wp-json\/wp\/v2\/media?parent=103276"}],"wp:term":[{"taxonomy":"product_cat","embeddable":true,"href":"https:\/\/www.pescafish.it\/new\/wp-json\/wp\/v2\/product_cat?post=103276"},{"taxonomy":"product_tag","embeddable":true,"href":"https:\/\/www.pescafish.it\/new\/wp-json\/wp\/v2\/product_tag?post=103276"}],"curies":[{"name":"wp","href":"https:\/\/api.w.org\/{rel}","templated":true}]}}