{"id":103267,"date":"2025-03-26T16:12:26","date_gmt":"2025-03-26T15:12:26","guid":{"rendered":"https:\/\/www.pescafish.it\/new\/?post_type=product&#038;p=103267"},"modified":"2025-03-26T16:12:27","modified_gmt":"2025-03-26T15:12:27","slug":"snapback-cap-dark-kamo-korda","status":"publish","type":"product","link":"https:\/\/www.pescafish.it\/new\/prodotto\/snapback-cap-dark-kamo-korda\/","title":{"rendered":"Snapback Cap Dark Kamo &#8211; Korda"},"content":{"rendered":"<h2 class=\"title\">Snapback Cap Dark Kamo<\/h2>\n<p>Questo berretto alla moda \u00e8 stato progettato pensando alla pesca, ma pu\u00f2 essere indossato anche casualmente lontano dalla riva. \u00c8 uno stile snap-back con una corona strutturata per garantire che mantenga la sua forma.<\/p>\n<p>Oltre ad avere un aspetto cool sulla riva, lo Snapback \u00e8 anche molto funzionale, con la grande visiera piatta ideale per proteggere gli occhi dal sole e aiutarti a ridurre i riflessi quando avvisti i pesci con gli occhiali da sole.<\/p>\n<p>Taglia unica, in quanto pu\u00f2 essere regolato per adattarsi alla testa in modo sicuro e confortevole, tramite una chiusura a scatto sul retro.<\/p>\n","protected":false},"excerpt":{"rendered":"<p>Snapback Cap Dark Kamo Questo berretto alla moda \u00e8 stato progettato pensando alla pesca, ma pu\u00f2 essere indossato anche casualmente lontano dalla riva. \u00c8 uno stile snap-back con una corona strutturata per garantire che mantenga la sua forma. Oltre ad avere un aspetto cool sulla riva, lo Snapback \u00e8 anche molto funzionale, con la grande [&hellip;]<\/p>\n","protected":false},"featured_media":103268,"comment_status":"closed","ping_status":"closed","template":"","meta":[],"product_cat":[919],"product_tag":[1018],"yoast_head":"<!-- This site is optimized with the Yoast SEO plugin v15.3 - https:\/\/yoast.com\/wordpress\/plugins\/seo\/ -->\n<title>Snapback Cap Dark Kamo - Korda - Pesca Fish<\/title>\n<meta name=\"robots\" content=\"index, follow, max-snippet:-1, max-image-preview:large, max-video-preview:-1\" \/>\n<link rel=\"canonical\" href=\"https:\/\/www.pescafish.it\/new\/prodotto\/snapback-cap-dark-kamo-korda\/\" \/>\n<meta property=\"og:locale\" content=\"it_IT\" \/>\n<meta property=\"og:type\" content=\"article\" \/>\n<meta property=\"og:title\" content=\"Snapback Cap Dark Kamo - Korda - Pesca Fish\" \/>\n<meta property=\"og:description\" content=\"Snapback Cap Dark Kamo Questo berretto alla moda \u00e8 stato progettato pensando alla pesca, ma pu\u00f2 essere indossato anche casualmente lontano dalla riva. \u00c8 uno stile snap-back con una corona strutturata per garantire che mantenga la sua forma. Oltre ad avere un aspetto cool sulla riva, lo Snapback \u00e8 anche molto funzionale, con la grande [&hellip;]\" \/>\n<meta property=\"og:url\" content=\"https:\/\/www.pescafish.it\/new\/prodotto\/snapback-cap-dark-kamo-korda\/\" \/>\n<meta property=\"og:site_name\" content=\"Pesca Fish\" \/>\n<meta property=\"article:publisher\" content=\"https:\/\/www.facebook.com\/pescafishvr\/\" \/>\n<meta property=\"article:modified_time\" content=\"2025-03-26T15:12:27+00:00\" \/>\n<meta property=\"og:image\" content=\"https:\/\/www.pescafish.it\/new\/wp-content\/uploads\/2025\/03\/KBC31.jpg\" \/>\n\t<meta property=\"og:image:width\" content=\"794\" \/>\n\t<meta property=\"og:image:height\" content=\"794\" \/>\n<meta name=\"twitter:card\" content=\"summary_large_image\" \/>\n<meta name=\"twitter:label1\" content=\"Scritto da\">\n\t<meta name=\"twitter:data1\" content=\"francesca\">\n\t<meta name=\"twitter:label2\" content=\"Tempo di lettura stimato\">\n\t<meta name=\"twitter:data2\" content=\"0 minuti\">\n<script type=\"application\/ld+json\" class=\"yoast-schema-graph\">{\"@context\":\"https:\/\/schema.org\",\"@graph\":[{\"@type\":\"WebSite\",\"@id\":\"https:\/\/www.pescafish.it\/new\/#website\",\"url\":\"https:\/\/www.pescafish.it\/new\/\",\"name\":\"Pesca Fish\",\"description\":\"Benvenuti sul nostro sito!\",\"potentialAction\":[{\"@type\":\"SearchAction\",\"target\":\"https:\/\/www.pescafish.it\/new\/?s={search_term_string}\",\"query-input\":\"required name=search_term_string\"}],\"inLanguage\":\"it-IT\"},{\"@type\":\"ImageObject\",\"@id\":\"https:\/\/www.pescafish.it\/new\/prodotto\/snapback-cap-dark-kamo-korda\/#primaryimage\",\"inLanguage\":\"it-IT\",\"url\":\"https:\/\/www.pescafish.it\/new\/wp-content\/uploads\/2025\/03\/KBC31.jpg\",\"width\":794,\"height\":794,\"caption\":\"Korda\"},{\"@type\":\"WebPage\",\"@id\":\"https:\/\/www.pescafish.it\/new\/prodotto\/snapback-cap-dark-kamo-korda\/#webpage\",\"url\":\"https:\/\/www.pescafish.it\/new\/prodotto\/snapback-cap-dark-kamo-korda\/\",\"name\":\"Snapback Cap Dark Kamo - Korda - Pesca Fish\",\"isPartOf\":{\"@id\":\"https:\/\/www.pescafish.it\/new\/#website\"},\"primaryImageOfPage\":{\"@id\":\"https:\/\/www.pescafish.it\/new\/prodotto\/snapback-cap-dark-kamo-korda\/#primaryimage\"},\"datePublished\":\"2025-03-26T15:12:26+00:00\",\"dateModified\":\"2025-03-26T15:12:27+00:00\",\"inLanguage\":\"it-IT\",\"potentialAction\":[{\"@type\":\"ReadAction\",\"target\":[\"https:\/\/www.pescafish.it\/new\/prodotto\/snapback-cap-dark-kamo-korda\/\"]}]}]}<\/script>\n<!-- \/ Yoast SEO plugin. -->","_links":{"self":[{"href":"https:\/\/www.pescafish.it\/new\/wp-json\/wp\/v2\/product\/103267"}],"collection":[{"href":"https:\/\/www.pescafish.it\/new\/wp-json\/wp\/v2\/product"}],"about":[{"href":"https:\/\/www.pescafish.it\/new\/wp-json\/wp\/v2\/types\/product"}],"replies":[{"embeddable":true,"href":"https:\/\/www.pescafish.it\/new\/wp-json\/wp\/v2\/comments?post=103267"}],"wp:featuredmedia":[{"embeddable":true,"href":"https:\/\/www.pescafish.it\/new\/wp-json\/wp\/v2\/media\/103268"}],"wp:attachment":[{"href":"https:\/\/www.pescafish.it\/new\/wp-json\/wp\/v2\/media?parent=103267"}],"wp:term":[{"taxonomy":"product_cat","embeddable":true,"href":"https:\/\/www.pescafish.it\/new\/wp-json\/wp\/v2\/product_cat?post=103267"},{"taxonomy":"product_tag","embeddable":true,"href":"https:\/\/www.pescafish.it\/new\/wp-json\/wp\/v2\/product_tag?post=103267"}],"curies":[{"name":"wp","href":"https:\/\/api.w.org\/{rel}","templated":true}]}}