{"id":103230,"date":"2025-03-26T11:13:44","date_gmt":"2025-03-26T10:13:44","guid":{"rendered":"https:\/\/www.pescafish.it\/new\/?post_type=product&#038;p=103230"},"modified":"2025-03-26T11:13:44","modified_gmt":"2025-03-26T10:13:44","slug":"canna-roubaisienne-x5-13m-pack-italica","status":"publish","type":"product","link":"https:\/\/www.pescafish.it\/new\/prodotto\/canna-roubaisienne-x5-13m-pack-italica\/","title":{"rendered":"Canna Roubaisienne X5 13m Pack &#8211; Italica"},"content":{"rendered":"<p>Roubaisienne X5. Canna destinata alle pesche dette da \u201cBianco\u201d. Una volta presa tra le mani si sente immediatamente la leggerezza. L\u2019azione \u00e8 esattamente la via di mezzo tra una X \u201cAllround\u201d e il Top di gamma X7. Italica conta molto su questa nuova tipolologia di canna, in quanto, proprio per le caratteristiche pu\u00f2 andare verso gli agonisti pi\u00f9 impegnati. La X5 \u00e8 la canna che ti permette di utilizzare lenze ultra leggere nella massima sicurezza, quando devi soprattutto stendere fuori punta. La tecnologia X-BD e -LS consente di avere la massima affidabilit\u00e0 nell\u2019utilizzo. L\u2019impiego di tessuti di S-H-M-Carbon (Torayca) ne garantiscono la massima affidabilit\u00e0. In oltre questo modello di RBS monta il kit Top Class con vettino e sull\u2019elemento 3\u00b0 \u00e8 posizionato il rinforzo di carbonio per poter applicare la boccola per lo strippa, lo stesso presente nei kit di corredo nel pack.<\/p>\n<p><strong>Lunghezza:<\/strong>\u00a013m<br \/>\n<strong>Peso:<\/strong> 965g<br \/>\n<strong>Ingombro:<\/strong>\u00a0195cm<br \/>\n<strong>N\u00b0 sezioni:<\/strong> 9<\/p>\n<p><strong>Il pack comprende:<\/strong><br \/>\n\u2022 n\u00b01 Canna RBS X5 a 13m. (c\/mini extension)<br \/>\n\u2022 n\u00b04 Mini Extension (1 Sect. 5\/6 &#8211; 1 Sect. 7 &#8211; 1 Sect. 8 &#8211; 1 Protector Pole)<br \/>\n\u2022 n\u00b03 Kit Top Class K4 (4 Sezioni)<br \/>\n\u2022 n\u00b01 Kit Top Power K3 (cupping kit)<br \/>\n\u2022 n\u00b01 Porta canne Match 12 tubi<\/p>\n","protected":false},"excerpt":{"rendered":"<p>Roubaisienne X5. Canna destinata alle pesche dette da \u201cBianco\u201d. Una volta presa tra le mani si sente immediatamente la leggerezza. L\u2019azione \u00e8 esattamente la via di mezzo tra una X \u201cAllround\u201d e il Top di gamma X7. Italica conta molto su questa nuova tipolologia di canna, in quanto, proprio per le caratteristiche pu\u00f2 andare verso [&hellip;]<\/p>\n","protected":false},"featured_media":103231,"comment_status":"closed","ping_status":"closed","template":"","meta":[],"product_cat":[880,91],"product_tag":[1275],"yoast_head":"<!-- This site is optimized with the Yoast SEO plugin v15.3 - https:\/\/yoast.com\/wordpress\/plugins\/seo\/ -->\n<title>Canna Roubaisienne X5 13m Pack - Italica - Pesca Fish<\/title>\n<meta name=\"robots\" content=\"index, follow, max-snippet:-1, max-image-preview:large, max-video-preview:-1\" \/>\n<link rel=\"canonical\" href=\"https:\/\/www.pescafish.it\/new\/prodotto\/canna-roubaisienne-x5-13m-pack-italica\/\" \/>\n<meta property=\"og:locale\" content=\"it_IT\" \/>\n<meta property=\"og:type\" content=\"article\" \/>\n<meta property=\"og:title\" content=\"Canna Roubaisienne X5 13m Pack - Italica - Pesca Fish\" \/>\n<meta property=\"og:description\" content=\"Roubaisienne X5. Canna destinata alle pesche dette da \u201cBianco\u201d. Una volta presa tra le mani si sente immediatamente la leggerezza. L\u2019azione \u00e8 esattamente la via di mezzo tra una X \u201cAllround\u201d e il Top di gamma X7. Italica conta molto su questa nuova tipolologia di canna, in quanto, proprio per le caratteristiche pu\u00f2 andare verso [&hellip;]\" \/>\n<meta property=\"og:url\" content=\"https:\/\/www.pescafish.it\/new\/prodotto\/canna-roubaisienne-x5-13m-pack-italica\/\" \/>\n<meta property=\"og:site_name\" content=\"Pesca Fish\" \/>\n<meta property=\"article:publisher\" content=\"https:\/\/www.facebook.com\/pescafishvr\/\" \/>\n<meta property=\"og:image\" content=\"https:\/\/www.pescafish.it\/new\/wp-content\/uploads\/2025\/03\/RBS-X5-ITALICA.jpg\" \/>\n\t<meta property=\"og:image:width\" content=\"1000\" \/>\n\t<meta property=\"og:image:height\" content=\"1000\" \/>\n<meta name=\"twitter:card\" content=\"summary_large_image\" \/>\n<meta name=\"twitter:label1\" content=\"Scritto da\">\n\t<meta name=\"twitter:data1\" content=\"francesca\">\n\t<meta name=\"twitter:label2\" content=\"Tempo di lettura stimato\">\n\t<meta name=\"twitter:data2\" content=\"1 minuto\">\n<script type=\"application\/ld+json\" class=\"yoast-schema-graph\">{\"@context\":\"https:\/\/schema.org\",\"@graph\":[{\"@type\":\"WebSite\",\"@id\":\"https:\/\/www.pescafish.it\/new\/#website\",\"url\":\"https:\/\/www.pescafish.it\/new\/\",\"name\":\"Pesca Fish\",\"description\":\"Benvenuti sul nostro sito!\",\"potentialAction\":[{\"@type\":\"SearchAction\",\"target\":\"https:\/\/www.pescafish.it\/new\/?s={search_term_string}\",\"query-input\":\"required name=search_term_string\"}],\"inLanguage\":\"it-IT\"},{\"@type\":\"ImageObject\",\"@id\":\"https:\/\/www.pescafish.it\/new\/prodotto\/canna-roubaisienne-x5-13m-pack-italica\/#primaryimage\",\"inLanguage\":\"it-IT\",\"url\":\"https:\/\/www.pescafish.it\/new\/wp-content\/uploads\/2025\/03\/RBS-X5-ITALICA.jpg\",\"width\":1000,\"height\":1000,\"caption\":\"roubaisienne x5 italica\"},{\"@type\":\"WebPage\",\"@id\":\"https:\/\/www.pescafish.it\/new\/prodotto\/canna-roubaisienne-x5-13m-pack-italica\/#webpage\",\"url\":\"https:\/\/www.pescafish.it\/new\/prodotto\/canna-roubaisienne-x5-13m-pack-italica\/\",\"name\":\"Canna Roubaisienne X5 13m Pack - Italica - Pesca Fish\",\"isPartOf\":{\"@id\":\"https:\/\/www.pescafish.it\/new\/#website\"},\"primaryImageOfPage\":{\"@id\":\"https:\/\/www.pescafish.it\/new\/prodotto\/canna-roubaisienne-x5-13m-pack-italica\/#primaryimage\"},\"datePublished\":\"2025-03-26T10:13:44+00:00\",\"dateModified\":\"2025-03-26T10:13:44+00:00\",\"inLanguage\":\"it-IT\",\"potentialAction\":[{\"@type\":\"ReadAction\",\"target\":[\"https:\/\/www.pescafish.it\/new\/prodotto\/canna-roubaisienne-x5-13m-pack-italica\/\"]}]}]}<\/script>\n<!-- \/ Yoast SEO plugin. -->","_links":{"self":[{"href":"https:\/\/www.pescafish.it\/new\/wp-json\/wp\/v2\/product\/103230"}],"collection":[{"href":"https:\/\/www.pescafish.it\/new\/wp-json\/wp\/v2\/product"}],"about":[{"href":"https:\/\/www.pescafish.it\/new\/wp-json\/wp\/v2\/types\/product"}],"replies":[{"embeddable":true,"href":"https:\/\/www.pescafish.it\/new\/wp-json\/wp\/v2\/comments?post=103230"}],"wp:featuredmedia":[{"embeddable":true,"href":"https:\/\/www.pescafish.it\/new\/wp-json\/wp\/v2\/media\/103231"}],"wp:attachment":[{"href":"https:\/\/www.pescafish.it\/new\/wp-json\/wp\/v2\/media?parent=103230"}],"wp:term":[{"taxonomy":"product_cat","embeddable":true,"href":"https:\/\/www.pescafish.it\/new\/wp-json\/wp\/v2\/product_cat?post=103230"},{"taxonomy":"product_tag","embeddable":true,"href":"https:\/\/www.pescafish.it\/new\/wp-json\/wp\/v2\/product_tag?post=103230"}],"curies":[{"name":"wp","href":"https:\/\/api.w.org\/{rel}","templated":true}]}}