{"id":103095,"date":"2025-03-22T16:43:50","date_gmt":"2025-03-22T15:43:50","guid":{"rendered":"https:\/\/www.pescafish.it\/new\/?post_type=product&#038;p=103095"},"modified":"2025-03-22T16:43:50","modified_gmt":"2025-03-22T15:43:50","slug":"mommotti-190-k-seaspin","status":"publish","type":"product","link":"https:\/\/www.pescafish.it\/new\/prodotto\/mommotti-190-k-seaspin\/","title":{"rendered":"Mommotti 190 K &#8211; Seaspin"},"content":{"rendered":"<p>Il Mommotti 190 K rappresenta un ulteriore passo avanti nella continua ricerca della perfezione che caratterizza il marchio Seaspin.<br \/>\nHa le stesse caratteristiche del Mommotti 190 con in pi\u00f9 una maggiore reattivit\u00e0, un leggero aumento di peso che gli permette lanci ancora pi\u00f9 lunghi e l\u2019utilizzo delle famose ancorette BKK 4x strong break round treble. The evolution of perfection<\/p>\n<p>\u2022 Lunghezza: 18 cm<br \/>\n\u2022 Peso: 35 g<br \/>\n\u2022 Profondit\u00e0 di nuoto: 60-90 cm<br \/>\n\u2022 Long jerk minnow, sinking. L\u2019evoluzione del Mommotti 190<br \/>\n\u2022 Struttura ABS<br \/>\n\u2022 Armatura passante e ancorette BKK 4x strong break round treble #4, resistenti alla corrosione marina<br \/>\n\u2022 Assetto leggermente ribassato in testa per una maggiore reattivit\u00e0. Lanci ancora pi\u00f9 lunghi<br \/>\n\u2022 Perfetto per catturare un gran numero di predatori sia marini che di acqua dolce<\/p>\n<p><strong>Disponibile nelle seguenti colorazioni:<\/strong><br \/>\n<strong>UT6291<\/strong>\u00a0 GBA<br \/>\n<strong>UT6292\u00a0<\/strong> GLWG<br \/>\n.<br \/>\n<iframe loading=\"lazy\" title=\"MOMMOTTI K   2024\" width=\"900\" height=\"506\" src=\"https:\/\/www.youtube.com\/embed\/TNP_zw7fLGQ?feature=oembed\" frameborder=\"0\" allow=\"accelerometer; autoplay; clipboard-write; encrypted-media; gyroscope; picture-in-picture; web-share\" referrerpolicy=\"strict-origin-when-cross-origin\" allowfullscreen><\/iframe><\/p>\n","protected":false},"excerpt":{"rendered":"<p>Il Mommotti 190 K rappresenta un ulteriore passo avanti nella continua ricerca della perfezione che caratterizza il marchio Seaspin. Ha le stesse caratteristiche del Mommotti 190 con in pi\u00f9 una maggiore reattivit\u00e0, un leggero aumento di peso che gli permette lanci ancora pi\u00f9 lunghi e l\u2019utilizzo delle famose ancorette BKK 4x strong break round treble. [&hellip;]<\/p>\n","protected":false},"featured_media":103096,"comment_status":"closed","ping_status":"closed","template":"","meta":[],"product_cat":[632],"product_tag":[1166],"yoast_head":"<!-- This site is optimized with the Yoast SEO plugin v15.3 - https:\/\/yoast.com\/wordpress\/plugins\/seo\/ -->\n<title>Mommotti 190 K - Seaspin - Pesca Fish<\/title>\n<meta name=\"robots\" content=\"index, follow, max-snippet:-1, max-image-preview:large, max-video-preview:-1\" \/>\n<link rel=\"canonical\" href=\"https:\/\/www.pescafish.it\/new\/prodotto\/mommotti-190-k-seaspin\/\" \/>\n<meta property=\"og:locale\" content=\"it_IT\" \/>\n<meta property=\"og:type\" content=\"article\" \/>\n<meta property=\"og:title\" content=\"Mommotti 190 K - Seaspin - Pesca Fish\" \/>\n<meta property=\"og:description\" content=\"Il Mommotti 190 K rappresenta un ulteriore passo avanti nella continua ricerca della perfezione che caratterizza il marchio Seaspin. Ha le stesse caratteristiche del Mommotti 190 con in pi\u00f9 una maggiore reattivit\u00e0, un leggero aumento di peso che gli permette lanci ancora pi\u00f9 lunghi e l\u2019utilizzo delle famose ancorette BKK 4x strong break round treble. [&hellip;]\" \/>\n<meta property=\"og:url\" content=\"https:\/\/www.pescafish.it\/new\/prodotto\/mommotti-190-k-seaspin\/\" \/>\n<meta property=\"og:site_name\" content=\"Pesca Fish\" \/>\n<meta property=\"article:publisher\" content=\"https:\/\/www.facebook.com\/pescafishvr\/\" \/>\n<meta property=\"og:image\" content=\"https:\/\/www.pescafish.it\/new\/wp-content\/uploads\/2025\/03\/mommotti-190k_GBA.jpg\" \/>\n\t<meta property=\"og:image:width\" content=\"945\" \/>\n\t<meta property=\"og:image:height\" content=\"945\" \/>\n<meta name=\"twitter:card\" content=\"summary_large_image\" \/>\n<meta name=\"twitter:label1\" content=\"Scritto da\">\n\t<meta name=\"twitter:data1\" content=\"francesca\">\n\t<meta name=\"twitter:label2\" content=\"Tempo di lettura stimato\">\n\t<meta name=\"twitter:data2\" content=\"1 minuto\">\n<script type=\"application\/ld+json\" class=\"yoast-schema-graph\">{\"@context\":\"https:\/\/schema.org\",\"@graph\":[{\"@type\":\"WebSite\",\"@id\":\"https:\/\/www.pescafish.it\/new\/#website\",\"url\":\"https:\/\/www.pescafish.it\/new\/\",\"name\":\"Pesca Fish\",\"description\":\"Benvenuti sul nostro sito!\",\"potentialAction\":[{\"@type\":\"SearchAction\",\"target\":\"https:\/\/www.pescafish.it\/new\/?s={search_term_string}\",\"query-input\":\"required name=search_term_string\"}],\"inLanguage\":\"it-IT\"},{\"@type\":\"ImageObject\",\"@id\":\"https:\/\/www.pescafish.it\/new\/prodotto\/mommotti-190-k-seaspin\/#primaryimage\",\"inLanguage\":\"it-IT\",\"url\":\"https:\/\/www.pescafish.it\/new\/wp-content\/uploads\/2025\/03\/mommotti-190k_GBA.jpg\",\"width\":945,\"height\":945,\"caption\":\"mommotti 190 k seaspin\"},{\"@type\":\"WebPage\",\"@id\":\"https:\/\/www.pescafish.it\/new\/prodotto\/mommotti-190-k-seaspin\/#webpage\",\"url\":\"https:\/\/www.pescafish.it\/new\/prodotto\/mommotti-190-k-seaspin\/\",\"name\":\"Mommotti 190 K - Seaspin - Pesca Fish\",\"isPartOf\":{\"@id\":\"https:\/\/www.pescafish.it\/new\/#website\"},\"primaryImageOfPage\":{\"@id\":\"https:\/\/www.pescafish.it\/new\/prodotto\/mommotti-190-k-seaspin\/#primaryimage\"},\"datePublished\":\"2025-03-22T15:43:50+00:00\",\"dateModified\":\"2025-03-22T15:43:50+00:00\",\"inLanguage\":\"it-IT\",\"potentialAction\":[{\"@type\":\"ReadAction\",\"target\":[\"https:\/\/www.pescafish.it\/new\/prodotto\/mommotti-190-k-seaspin\/\"]}]}]}<\/script>\n<!-- \/ Yoast SEO plugin. -->","_links":{"self":[{"href":"https:\/\/www.pescafish.it\/new\/wp-json\/wp\/v2\/product\/103095"}],"collection":[{"href":"https:\/\/www.pescafish.it\/new\/wp-json\/wp\/v2\/product"}],"about":[{"href":"https:\/\/www.pescafish.it\/new\/wp-json\/wp\/v2\/types\/product"}],"replies":[{"embeddable":true,"href":"https:\/\/www.pescafish.it\/new\/wp-json\/wp\/v2\/comments?post=103095"}],"wp:featuredmedia":[{"embeddable":true,"href":"https:\/\/www.pescafish.it\/new\/wp-json\/wp\/v2\/media\/103096"}],"wp:attachment":[{"href":"https:\/\/www.pescafish.it\/new\/wp-json\/wp\/v2\/media?parent=103095"}],"wp:term":[{"taxonomy":"product_cat","embeddable":true,"href":"https:\/\/www.pescafish.it\/new\/wp-json\/wp\/v2\/product_cat?post=103095"},{"taxonomy":"product_tag","embeddable":true,"href":"https:\/\/www.pescafish.it\/new\/wp-json\/wp\/v2\/product_tag?post=103095"}],"curies":[{"name":"wp","href":"https:\/\/api.w.org\/{rel}","templated":true}]}}