{"id":103016,"date":"2025-03-20T18:51:20","date_gmt":"2025-03-20T17:51:20","guid":{"rendered":"https:\/\/www.pescafish.it\/new\/?post_type=product&#038;p=103016"},"modified":"2026-01-09T18:50:54","modified_gmt":"2026-01-09T17:50:54","slug":"river-cage-xt-korum","status":"publish","type":"product","link":"https:\/\/www.pescafish.it\/new\/prodotto\/river-cage-xt-korum\/","title":{"rendered":"River Cage XT &#8211; Korum"},"content":{"rendered":"<p>I River Cage XT sono dei feeder a gabbia ideali per i grandi fiumi e per pesci di grandi dimensioni. Realizzate con un telaio in rete metallica super resistente e durevole. Design idrodinamico a basso profilo per l&#8217;uso in acque correnti, con grip sul peso per una migliore tenuta sul letto del fiume rispetto ai feeder standard. Il design posteriore chiuso consente l&#8217;uso di esche con particelle pi\u00f9 grandi in acque pi\u00f9 profonde, offrendo un rilascio pi\u00f9 lento. Finitura mimetica per il massimo mimetismo.<\/p>\n<p><strong>Disponibili nelle seguenti grammature:<\/strong><br \/>\n<strong>K0310300\u00a0<\/strong> M 90g<br \/>\n<strong>K0310301\u00a0<\/strong> M 120g<br \/>\n<strong>K0310302\u00a0<\/strong> M 150g<br \/>\n<strong>K0310304\u00a0<\/strong> L 90g<br \/>\n<strong>K0310305\u00a0<\/strong> L 120g<br \/>\n<strong>K0320070<\/strong>\u00a0 180g<br \/>\n<strong>K0320071\u00a0<\/strong> 220g<\/p>\n","protected":false},"excerpt":{"rendered":"<p>I River Cage XT sono dei feeder a gabbia ideali per i grandi fiumi e per pesci di grandi dimensioni. Realizzate con un telaio in rete metallica super resistente e durevole. Design idrodinamico a basso profilo per l&#8217;uso in acque correnti, con grip sul peso per una migliore tenuta sul letto del fiume rispetto ai [&hellip;]<\/p>\n","protected":false},"featured_media":103017,"comment_status":"closed","ping_status":"closed","template":"","meta":[],"product_cat":[178],"product_tag":[1031],"yoast_head":"<!-- This site is optimized with the Yoast SEO plugin v15.3 - https:\/\/yoast.com\/wordpress\/plugins\/seo\/ -->\n<title>River Cage XT - Korum - Pesca Fish<\/title>\n<meta name=\"robots\" content=\"index, follow, max-snippet:-1, max-image-preview:large, max-video-preview:-1\" \/>\n<link rel=\"canonical\" href=\"https:\/\/www.pescafish.it\/new\/prodotto\/river-cage-xt-korum\/\" \/>\n<meta property=\"og:locale\" content=\"it_IT\" \/>\n<meta property=\"og:type\" content=\"article\" \/>\n<meta property=\"og:title\" content=\"River Cage XT - Korum - Pesca Fish\" \/>\n<meta property=\"og:description\" content=\"I River Cage XT sono dei feeder a gabbia ideali per i grandi fiumi e per pesci di grandi dimensioni. Realizzate con un telaio in rete metallica super resistente e durevole. Design idrodinamico a basso profilo per l&#8217;uso in acque correnti, con grip sul peso per una migliore tenuta sul letto del fiume rispetto ai [&hellip;]\" \/>\n<meta property=\"og:url\" content=\"https:\/\/www.pescafish.it\/new\/prodotto\/river-cage-xt-korum\/\" \/>\n<meta property=\"og:site_name\" content=\"Pesca Fish\" \/>\n<meta property=\"article:publisher\" content=\"https:\/\/www.facebook.com\/pescafishvr\/\" \/>\n<meta property=\"article:modified_time\" content=\"2026-01-09T17:50:54+00:00\" \/>\n<meta property=\"og:image\" content=\"https:\/\/www.pescafish.it\/new\/wp-content\/uploads\/2025\/03\/RIVER-CAGE-XT.jpg\" \/>\n\t<meta property=\"og:image:width\" content=\"920\" \/>\n\t<meta property=\"og:image:height\" content=\"920\" \/>\n<meta name=\"twitter:card\" content=\"summary_large_image\" \/>\n<meta name=\"twitter:label1\" content=\"Scritto da\">\n\t<meta name=\"twitter:data1\" content=\"francesca\">\n\t<meta name=\"twitter:label2\" content=\"Tempo di lettura stimato\">\n\t<meta name=\"twitter:data2\" content=\"0 minuti\">\n<script type=\"application\/ld+json\" class=\"yoast-schema-graph\">{\"@context\":\"https:\/\/schema.org\",\"@graph\":[{\"@type\":\"WebSite\",\"@id\":\"https:\/\/www.pescafish.it\/new\/#website\",\"url\":\"https:\/\/www.pescafish.it\/new\/\",\"name\":\"Pesca Fish\",\"description\":\"Benvenuti sul nostro sito!\",\"potentialAction\":[{\"@type\":\"SearchAction\",\"target\":\"https:\/\/www.pescafish.it\/new\/?s={search_term_string}\",\"query-input\":\"required name=search_term_string\"}],\"inLanguage\":\"it-IT\"},{\"@type\":\"ImageObject\",\"@id\":\"https:\/\/www.pescafish.it\/new\/prodotto\/river-cage-xt-korum\/#primaryimage\",\"inLanguage\":\"it-IT\",\"url\":\"https:\/\/www.pescafish.it\/new\/wp-content\/uploads\/2025\/03\/RIVER-CAGE-XT.jpg\",\"width\":920,\"height\":920,\"caption\":\"river cage xt korum\"},{\"@type\":\"WebPage\",\"@id\":\"https:\/\/www.pescafish.it\/new\/prodotto\/river-cage-xt-korum\/#webpage\",\"url\":\"https:\/\/www.pescafish.it\/new\/prodotto\/river-cage-xt-korum\/\",\"name\":\"River Cage XT - Korum - Pesca Fish\",\"isPartOf\":{\"@id\":\"https:\/\/www.pescafish.it\/new\/#website\"},\"primaryImageOfPage\":{\"@id\":\"https:\/\/www.pescafish.it\/new\/prodotto\/river-cage-xt-korum\/#primaryimage\"},\"datePublished\":\"2025-03-20T17:51:20+00:00\",\"dateModified\":\"2026-01-09T17:50:54+00:00\",\"inLanguage\":\"it-IT\",\"potentialAction\":[{\"@type\":\"ReadAction\",\"target\":[\"https:\/\/www.pescafish.it\/new\/prodotto\/river-cage-xt-korum\/\"]}]}]}<\/script>\n<!-- \/ Yoast SEO plugin. -->","_links":{"self":[{"href":"https:\/\/www.pescafish.it\/new\/wp-json\/wp\/v2\/product\/103016"}],"collection":[{"href":"https:\/\/www.pescafish.it\/new\/wp-json\/wp\/v2\/product"}],"about":[{"href":"https:\/\/www.pescafish.it\/new\/wp-json\/wp\/v2\/types\/product"}],"replies":[{"embeddable":true,"href":"https:\/\/www.pescafish.it\/new\/wp-json\/wp\/v2\/comments?post=103016"}],"wp:featuredmedia":[{"embeddable":true,"href":"https:\/\/www.pescafish.it\/new\/wp-json\/wp\/v2\/media\/103017"}],"wp:attachment":[{"href":"https:\/\/www.pescafish.it\/new\/wp-json\/wp\/v2\/media?parent=103016"}],"wp:term":[{"taxonomy":"product_cat","embeddable":true,"href":"https:\/\/www.pescafish.it\/new\/wp-json\/wp\/v2\/product_cat?post=103016"},{"taxonomy":"product_tag","embeddable":true,"href":"https:\/\/www.pescafish.it\/new\/wp-json\/wp\/v2\/product_tag?post=103016"}],"curies":[{"name":"wp","href":"https:\/\/api.w.org\/{rel}","templated":true}]}}