{"id":102791,"date":"2025-02-27T12:02:31","date_gmt":"2025-02-27T11:02:31","guid":{"rendered":"https:\/\/www.pescafish.it\/new\/?post_type=product&#038;p=102791"},"modified":"2025-02-28T18:21:26","modified_gmt":"2025-02-28T17:21:26","slug":"23-tournament-ags-ltd-daiwa","status":"publish","type":"product","link":"https:\/\/www.pescafish.it\/new\/prodotto\/23-tournament-ags-ltd-daiwa\/","title":{"rendered":"23 Tournament AGS LTD\u00a0&#8211; Daiwa"},"content":{"rendered":"<h2>23 Tournament AGS LTD<\/h2>\n<p>Le nuove bolognesi top di gamma Daiwa si rinnovano profondamente nella forma e nella sostanza. Sempre dotate degli esclusivi anelli Air Guide System in carbonio, i blanks delle nuove Tournament sono stati rivisti e ridisegnati per ottenere un\u2019azione dai connotati pi\u00f9 moderni e reattivi.<br \/>\nLa nuova Regular presenta una cima leggermente pi\u00f9 rigida rispetto alla precedente, rendendo la canna ancora pi\u00f9 rapida sia in fase di ferrata che nel lancio. Pur mantenendo la capacit\u00e0 di gestire fili sottili, migliora la capacit\u00e0 di contrastare pesci di taglia, sia in acqua dolce che in mare.<br \/>\nLa versione Power \u00e8 stata completamente rivista rispetto al precedente modello e si distacca in modo ancora pi\u00f9 netto rispetto alla Regular: una canna altamente specialistica dotata di un\u2019azione ancora pi\u00f9 rigida e votata alla potenza rispetto alla precedente generazione.<\/p>\n<p><strong>Caratteristiche:<\/strong><\/p>\n<p>\u2022 Carbonio SVF Nanoplus<br \/>\n\u2022 Tecnologia X45<br \/>\n\u2022 Anelli Daiwa AGS (Air Guide System)<br \/>\n\u2022 Innesti V-Joint<br \/>\n\u2022 Placca porta mulinello Fuji<\/p>\n<p><strong>Disponibile nelle seguenti varianti:<\/strong><\/p>\n<table style=\"width: 100%; border-collapse: collapse; height: 72px;\" border=\"1\">\n<tbody>\n<tr style=\"height: 24px;\">\n<td style=\"width: 14.2857%; height: 24px;\"><strong>Codice<\/strong><\/td>\n<td style=\"width: 14.2857%; height: 24px;\"><strong>Azione<\/strong><\/td>\n<td style=\"width: 14.2857%; height: 24px;\"><strong>Lunghezza (mt)<\/strong><\/td>\n<td style=\"width: 14.2857%; height: 24px;\"><strong>Sezioni<\/strong><\/td>\n<td style=\"width: 14.2857%; height: 24px;\"><strong>Ingombro (cm)<\/strong><\/td>\n<td style=\"width: 14.2857%; height: 24px;\"><strong>Peso (gr)<\/strong><\/td>\n<td style=\"width: 14.2857%; height: 24px;\"><strong>Casting Range<\/strong><\/td>\n<\/tr>\n<tr style=\"height: 24px;\">\n<td style=\"width: 14.2857%; height: 24px;\"><strong>TNAGSLTDRG50BI<\/strong><\/td>\n<td style=\"width: 14.2857%; height: 24px;\">REGULAR<\/td>\n<td style=\"width: 14.2857%; height: 24px;\">5<\/td>\n<td style=\"width: 14.2857%; height: 24px;\">5<\/td>\n<td style=\"width: 14.2857%; height: 24px;\">141<\/td>\n<td style=\"width: 14.2857%; height: 24px;\">195<\/td>\n<td style=\"width: 14.2857%; height: 24px;\">0,08 \u2013 0,16mm<\/td>\n<\/tr>\n<tr style=\"height: 24px;\">\n<td style=\"width: 14.2857%; height: 24px;\"><strong>TNAGSLTDPW70BI<\/strong><\/td>\n<td style=\"width: 14.2857%; height: 24px;\">POWER<\/td>\n<td style=\"width: 14.2857%; height: 24px;\">7<\/td>\n<td style=\"width: 14.2857%; height: 24px;\">7<\/td>\n<td style=\"width: 14.2857%; height: 24px;\">145<\/td>\n<td style=\"width: 14.2857%; height: 24px;\">371<\/td>\n<td style=\"width: 14.2857%; height: 24px;\">0,10 \u2013 0,20mm<\/td>\n<\/tr>\n<\/tbody>\n<\/table>\n","protected":false},"excerpt":{"rendered":"<p>23 Tournament AGS LTD Le nuove bolognesi top di gamma Daiwa si rinnovano profondamente nella forma e nella sostanza. Sempre dotate degli esclusivi anelli Air Guide System in carbonio, i blanks delle nuove Tournament sono stati rivisti e ridisegnati per ottenere un\u2019azione dai connotati pi\u00f9 moderni e reattivi. La nuova Regular presenta una cima leggermente [&hellip;]<\/p>\n","protected":false},"featured_media":102792,"comment_status":"closed","ping_status":"closed","template":"","meta":[],"product_cat":[87],"product_tag":[1051],"yoast_head":"<!-- This site is optimized with the Yoast SEO plugin v15.3 - https:\/\/yoast.com\/wordpress\/plugins\/seo\/ -->\n<title>23 Tournament AGS LTD\u00a0- Daiwa - Pesca Fish<\/title>\n<meta name=\"robots\" content=\"index, follow, max-snippet:-1, max-image-preview:large, max-video-preview:-1\" \/>\n<link rel=\"canonical\" href=\"https:\/\/www.pescafish.it\/new\/prodotto\/23-tournament-ags-ltd-daiwa\/\" \/>\n<meta property=\"og:locale\" content=\"it_IT\" \/>\n<meta property=\"og:type\" content=\"article\" \/>\n<meta property=\"og:title\" content=\"23 Tournament AGS LTD\u00a0- Daiwa - Pesca Fish\" \/>\n<meta property=\"og:description\" content=\"23 Tournament AGS LTD Le nuove bolognesi top di gamma Daiwa si rinnovano profondamente nella forma e nella sostanza. Sempre dotate degli esclusivi anelli Air Guide System in carbonio, i blanks delle nuove Tournament sono stati rivisti e ridisegnati per ottenere un\u2019azione dai connotati pi\u00f9 moderni e reattivi. La nuova Regular presenta una cima leggermente [&hellip;]\" \/>\n<meta property=\"og:url\" content=\"https:\/\/www.pescafish.it\/new\/prodotto\/23-tournament-ags-ltd-daiwa\/\" \/>\n<meta property=\"og:site_name\" content=\"Pesca Fish\" \/>\n<meta property=\"article:publisher\" content=\"https:\/\/www.facebook.com\/pescafishvr\/\" \/>\n<meta property=\"article:modified_time\" content=\"2025-02-28T17:21:26+00:00\" \/>\n<meta property=\"og:image\" content=\"https:\/\/www.pescafish.it\/new\/wp-content\/uploads\/2025\/02\/RG50-BI.jpg\" \/>\n\t<meta property=\"og:image:width\" content=\"789\" \/>\n\t<meta property=\"og:image:height\" content=\"794\" \/>\n<meta name=\"twitter:card\" content=\"summary_large_image\" \/>\n<meta name=\"twitter:label1\" content=\"Scritto da\">\n\t<meta name=\"twitter:data1\" content=\"francesca\">\n\t<meta name=\"twitter:label2\" content=\"Tempo di lettura stimato\">\n\t<meta name=\"twitter:data2\" content=\"1 minuto\">\n<script type=\"application\/ld+json\" class=\"yoast-schema-graph\">{\"@context\":\"https:\/\/schema.org\",\"@graph\":[{\"@type\":\"WebSite\",\"@id\":\"https:\/\/www.pescafish.it\/new\/#website\",\"url\":\"https:\/\/www.pescafish.it\/new\/\",\"name\":\"Pesca Fish\",\"description\":\"Benvenuti sul nostro sito!\",\"potentialAction\":[{\"@type\":\"SearchAction\",\"target\":\"https:\/\/www.pescafish.it\/new\/?s={search_term_string}\",\"query-input\":\"required name=search_term_string\"}],\"inLanguage\":\"it-IT\"},{\"@type\":\"ImageObject\",\"@id\":\"https:\/\/www.pescafish.it\/new\/prodotto\/23-tournament-ags-ltd-daiwa\/#primaryimage\",\"inLanguage\":\"it-IT\",\"url\":\"https:\/\/www.pescafish.it\/new\/wp-content\/uploads\/2025\/02\/RG50-BI.jpg\",\"width\":789,\"height\":794,\"caption\":\"Daiwa\"},{\"@type\":\"WebPage\",\"@id\":\"https:\/\/www.pescafish.it\/new\/prodotto\/23-tournament-ags-ltd-daiwa\/#webpage\",\"url\":\"https:\/\/www.pescafish.it\/new\/prodotto\/23-tournament-ags-ltd-daiwa\/\",\"name\":\"23 Tournament AGS LTD\\u00a0- Daiwa - Pesca Fish\",\"isPartOf\":{\"@id\":\"https:\/\/www.pescafish.it\/new\/#website\"},\"primaryImageOfPage\":{\"@id\":\"https:\/\/www.pescafish.it\/new\/prodotto\/23-tournament-ags-ltd-daiwa\/#primaryimage\"},\"datePublished\":\"2025-02-27T11:02:31+00:00\",\"dateModified\":\"2025-02-28T17:21:26+00:00\",\"inLanguage\":\"it-IT\",\"potentialAction\":[{\"@type\":\"ReadAction\",\"target\":[\"https:\/\/www.pescafish.it\/new\/prodotto\/23-tournament-ags-ltd-daiwa\/\"]}]}]}<\/script>\n<!-- \/ Yoast SEO plugin. -->","_links":{"self":[{"href":"https:\/\/www.pescafish.it\/new\/wp-json\/wp\/v2\/product\/102791"}],"collection":[{"href":"https:\/\/www.pescafish.it\/new\/wp-json\/wp\/v2\/product"}],"about":[{"href":"https:\/\/www.pescafish.it\/new\/wp-json\/wp\/v2\/types\/product"}],"replies":[{"embeddable":true,"href":"https:\/\/www.pescafish.it\/new\/wp-json\/wp\/v2\/comments?post=102791"}],"wp:featuredmedia":[{"embeddable":true,"href":"https:\/\/www.pescafish.it\/new\/wp-json\/wp\/v2\/media\/102792"}],"wp:attachment":[{"href":"https:\/\/www.pescafish.it\/new\/wp-json\/wp\/v2\/media?parent=102791"}],"wp:term":[{"taxonomy":"product_cat","embeddable":true,"href":"https:\/\/www.pescafish.it\/new\/wp-json\/wp\/v2\/product_cat?post=102791"},{"taxonomy":"product_tag","embeddable":true,"href":"https:\/\/www.pescafish.it\/new\/wp-json\/wp\/v2\/product_tag?post=102791"}],"curies":[{"name":"wp","href":"https:\/\/api.w.org\/{rel}","templated":true}]}}