{"id":102784,"date":"2025-02-27T11:43:41","date_gmt":"2025-02-27T10:43:41","guid":{"rendered":"https:\/\/www.pescafish.it\/new\/?post_type=product&#038;p=102784"},"modified":"2026-03-09T15:46:34","modified_gmt":"2026-03-09T14:46:34","slug":"wabcra-jr-25ss-daiwa","status":"publish","type":"product","link":"https:\/\/www.pescafish.it\/new\/prodotto\/wabcra-jr-25ss-daiwa\/","title":{"rendered":"Wabcra JR 25SS\u00a0&#8211; Daiwa"},"content":{"rendered":"<h2>Wabcra JR 25SS<\/h2>\n<p>Il\u00a0WabCra Jr\u00a0\u00e8 un piccolo crank sviluppato per catturare i pesci sotto pressione sopratutto durante le gare. E\u2019 un crank dal movimento molto stretto e non eccessivo, silenzioso, e dalle dimensioni non esagerate. L\u2019amo anteriore \u00e8 stato spostato pi\u00f9 avanti per evitare incagli con quello posteriore, a cui \u00e8 stato dato pi\u00f9 libert\u00e0 di movimento grazie al doppio split.<\/p>\n<p><strong>Caratteristiche:<\/strong><\/p>\n<p><strong>Azione:<\/strong> Slow Sinking<br \/>\n<strong>Peso:<\/strong> 1.7gr<br \/>\n<strong>Lunghezza:<\/strong> 25mm<\/p>\n<p><strong>Disponibili nelle seguenti colorazioni:<\/strong><br \/>\n<strong>07414584<\/strong>\u00a0 Sakura M<br \/>\n<strong>07414589<\/strong>\u00a0 Delicious<br \/>\n<strong>07414581<\/strong>\u00a0 Clear<\/p>\n","protected":false},"excerpt":{"rendered":"<p>Wabcra JR 25SS Il\u00a0WabCra Jr\u00a0\u00e8 un piccolo crank sviluppato per catturare i pesci sotto pressione sopratutto durante le gare. E\u2019 un crank dal movimento molto stretto e non eccessivo, silenzioso, e dalle dimensioni non esagerate. L\u2019amo anteriore \u00e8 stato spostato pi\u00f9 avanti per evitare incagli con quello posteriore, a cui \u00e8 stato dato pi\u00f9 libert\u00e0 [&hellip;]<\/p>\n","protected":false},"featured_media":102785,"comment_status":"closed","ping_status":"closed","template":"","meta":[],"product_cat":[923],"product_tag":[1051],"yoast_head":"<!-- This site is optimized with the Yoast SEO plugin v15.3 - https:\/\/yoast.com\/wordpress\/plugins\/seo\/ -->\n<title>Wabcra JR 25SS\u00a0- Daiwa - Pesca Fish<\/title>\n<meta name=\"robots\" content=\"index, follow, max-snippet:-1, max-image-preview:large, max-video-preview:-1\" \/>\n<link rel=\"canonical\" href=\"https:\/\/www.pescafish.it\/new\/prodotto\/wabcra-jr-25ss-daiwa\/\" \/>\n<meta property=\"og:locale\" content=\"it_IT\" \/>\n<meta property=\"og:type\" content=\"article\" \/>\n<meta property=\"og:title\" content=\"Wabcra JR 25SS\u00a0- Daiwa - Pesca Fish\" \/>\n<meta property=\"og:description\" content=\"Wabcra JR 25SS Il\u00a0WabCra Jr\u00a0\u00e8 un piccolo crank sviluppato per catturare i pesci sotto pressione sopratutto durante le gare. E\u2019 un crank dal movimento molto stretto e non eccessivo, silenzioso, e dalle dimensioni non esagerate. L\u2019amo anteriore \u00e8 stato spostato pi\u00f9 avanti per evitare incagli con quello posteriore, a cui \u00e8 stato dato pi\u00f9 libert\u00e0 [&hellip;]\" \/>\n<meta property=\"og:url\" content=\"https:\/\/www.pescafish.it\/new\/prodotto\/wabcra-jr-25ss-daiwa\/\" \/>\n<meta property=\"og:site_name\" content=\"Pesca Fish\" \/>\n<meta property=\"article:publisher\" content=\"https:\/\/www.facebook.com\/pescafishvr\/\" \/>\n<meta property=\"article:modified_time\" content=\"2026-03-09T14:46:34+00:00\" \/>\n<meta property=\"og:image\" content=\"https:\/\/www.pescafish.it\/new\/wp-content\/uploads\/2025\/02\/clear.jpg\" \/>\n\t<meta property=\"og:image:width\" content=\"789\" \/>\n\t<meta property=\"og:image:height\" content=\"794\" \/>\n<meta name=\"twitter:card\" content=\"summary_large_image\" \/>\n<meta name=\"twitter:label1\" content=\"Scritto da\">\n\t<meta name=\"twitter:data1\" content=\"francesca\">\n\t<meta name=\"twitter:label2\" content=\"Tempo di lettura stimato\">\n\t<meta name=\"twitter:data2\" content=\"0 minuti\">\n<script type=\"application\/ld+json\" class=\"yoast-schema-graph\">{\"@context\":\"https:\/\/schema.org\",\"@graph\":[{\"@type\":\"WebSite\",\"@id\":\"https:\/\/www.pescafish.it\/new\/#website\",\"url\":\"https:\/\/www.pescafish.it\/new\/\",\"name\":\"Pesca Fish\",\"description\":\"Benvenuti sul nostro sito!\",\"potentialAction\":[{\"@type\":\"SearchAction\",\"target\":\"https:\/\/www.pescafish.it\/new\/?s={search_term_string}\",\"query-input\":\"required name=search_term_string\"}],\"inLanguage\":\"it-IT\"},{\"@type\":\"ImageObject\",\"@id\":\"https:\/\/www.pescafish.it\/new\/prodotto\/wabcra-jr-25ss-daiwa\/#primaryimage\",\"inLanguage\":\"it-IT\",\"url\":\"https:\/\/www.pescafish.it\/new\/wp-content\/uploads\/2025\/02\/clear.jpg\",\"width\":789,\"height\":794,\"caption\":\"Daiwa\"},{\"@type\":\"WebPage\",\"@id\":\"https:\/\/www.pescafish.it\/new\/prodotto\/wabcra-jr-25ss-daiwa\/#webpage\",\"url\":\"https:\/\/www.pescafish.it\/new\/prodotto\/wabcra-jr-25ss-daiwa\/\",\"name\":\"Wabcra JR 25SS\\u00a0- Daiwa - Pesca Fish\",\"isPartOf\":{\"@id\":\"https:\/\/www.pescafish.it\/new\/#website\"},\"primaryImageOfPage\":{\"@id\":\"https:\/\/www.pescafish.it\/new\/prodotto\/wabcra-jr-25ss-daiwa\/#primaryimage\"},\"datePublished\":\"2025-02-27T10:43:41+00:00\",\"dateModified\":\"2026-03-09T14:46:34+00:00\",\"inLanguage\":\"it-IT\",\"potentialAction\":[{\"@type\":\"ReadAction\",\"target\":[\"https:\/\/www.pescafish.it\/new\/prodotto\/wabcra-jr-25ss-daiwa\/\"]}]}]}<\/script>\n<!-- \/ Yoast SEO plugin. -->","_links":{"self":[{"href":"https:\/\/www.pescafish.it\/new\/wp-json\/wp\/v2\/product\/102784"}],"collection":[{"href":"https:\/\/www.pescafish.it\/new\/wp-json\/wp\/v2\/product"}],"about":[{"href":"https:\/\/www.pescafish.it\/new\/wp-json\/wp\/v2\/types\/product"}],"replies":[{"embeddable":true,"href":"https:\/\/www.pescafish.it\/new\/wp-json\/wp\/v2\/comments?post=102784"}],"wp:featuredmedia":[{"embeddable":true,"href":"https:\/\/www.pescafish.it\/new\/wp-json\/wp\/v2\/media\/102785"}],"wp:attachment":[{"href":"https:\/\/www.pescafish.it\/new\/wp-json\/wp\/v2\/media?parent=102784"}],"wp:term":[{"taxonomy":"product_cat","embeddable":true,"href":"https:\/\/www.pescafish.it\/new\/wp-json\/wp\/v2\/product_cat?post=102784"},{"taxonomy":"product_tag","embeddable":true,"href":"https:\/\/www.pescafish.it\/new\/wp-json\/wp\/v2\/product_tag?post=102784"}],"curies":[{"name":"wp","href":"https:\/\/api.w.org\/{rel}","templated":true}]}}