{"id":102669,"date":"2025-02-21T09:48:06","date_gmt":"2025-02-21T08:48:06","guid":{"rendered":"https:\/\/www.pescafish.it\/new\/?post_type=product&#038;p=102669"},"modified":"2025-02-21T09:48:06","modified_gmt":"2025-02-21T08:48:06","slug":"fat-baby-craw-gary-yamamoto","status":"publish","type":"product","link":"https:\/\/www.pescafish.it\/new\/prodotto\/fat-baby-craw-gary-yamamoto\/","title":{"rendered":"Fat Baby Craw &#8211; Gary Yamamoto"},"content":{"rendered":"<h2>Fat Baby Craw<\/h2>\n<p>Lo Yamamoto Fat Baby Craw \u00e8 un&#8217;esca fenomenale, da usare come trailer sui jig o da sola con un amo texas per la pesca a finesse. Il suo design rotondo impedisce che si attacchi all&#8217;erba e ai legni, mentre la massa della plastica assicura che rimanga sull&#8217;amo indipendentemente da ci\u00f2 che incontra. Questa softbait ha un movimento sinuoso e seducente con ondeggiamenti continui, che si rivela vincente nelle applicazioni finesse. Si tratta di un&#8217;esca eccezionale per acque pi\u00f9 limpide, jig pi\u00f9 piccoli, applicazioni con lenze pi\u00f9 leggere e pesci diffidenti, quando una creature troppo vistosa pu\u00f2 spaventare i pesci.. La Yamamoto Fat Baby Craw \u00e8 super salata per aumentare drasticamente il tempo di &#8221;masticazione&#8221; del pesce, ed \u00e8 adattissima alla pesca del black bass, del persico reale e del lucioperca, a drop shot o su jighead.<\/p>\n<p><strong>Disponibile nelle seguenti colorazioni:<\/strong><br \/>\n<strong>3FS-07-021<\/strong>\u00a0 Black Blue Flake<br \/>\n<strong>3FS-07-301<\/strong>\u00a0 Green Pumpkin Green &amp; Purple Flake<\/p>\n<p><strong>Confezione da 7pz<\/strong><\/p>\n","protected":false},"excerpt":{"rendered":"<p>Fat Baby Craw Lo Yamamoto Fat Baby Craw \u00e8 un&#8217;esca fenomenale, da usare come trailer sui jig o da sola con un amo texas per la pesca a finesse. Il suo design rotondo impedisce che si attacchi all&#8217;erba e ai legni, mentre la massa della plastica assicura che rimanga sull&#8217;amo indipendentemente da ci\u00f2 che incontra. [&hellip;]<\/p>\n","protected":false},"featured_media":102672,"comment_status":"closed","ping_status":"closed","template":"","meta":[],"product_cat":[668],"product_tag":[1104],"yoast_head":"<!-- This site is optimized with the Yoast SEO plugin v15.3 - https:\/\/yoast.com\/wordpress\/plugins\/seo\/ -->\n<title>Fat Baby Craw - Gary Yamamoto - Pesca Fish<\/title>\n<meta name=\"robots\" content=\"index, follow, max-snippet:-1, max-image-preview:large, max-video-preview:-1\" \/>\n<link rel=\"canonical\" href=\"https:\/\/www.pescafish.it\/new\/prodotto\/fat-baby-craw-gary-yamamoto\/\" \/>\n<meta property=\"og:locale\" content=\"it_IT\" \/>\n<meta property=\"og:type\" content=\"article\" \/>\n<meta property=\"og:title\" content=\"Fat Baby Craw - Gary Yamamoto - Pesca Fish\" \/>\n<meta property=\"og:description\" content=\"Fat Baby Craw Lo Yamamoto Fat Baby Craw \u00e8 un&#8217;esca fenomenale, da usare come trailer sui jig o da sola con un amo texas per la pesca a finesse. Il suo design rotondo impedisce che si attacchi all&#8217;erba e ai legni, mentre la massa della plastica assicura che rimanga sull&#8217;amo indipendentemente da ci\u00f2 che incontra. [&hellip;]\" \/>\n<meta property=\"og:url\" content=\"https:\/\/www.pescafish.it\/new\/prodotto\/fat-baby-craw-gary-yamamoto\/\" \/>\n<meta property=\"og:site_name\" content=\"Pesca Fish\" \/>\n<meta property=\"article:publisher\" content=\"https:\/\/www.facebook.com\/pescafishvr\/\" \/>\n<meta property=\"og:image\" content=\"https:\/\/www.pescafish.it\/new\/wp-content\/uploads\/2025\/02\/GREEN-PUMPKIN-GREEN-PURPLE-FLAKE.jpg\" \/>\n\t<meta property=\"og:image:width\" content=\"789\" \/>\n\t<meta property=\"og:image:height\" content=\"794\" \/>\n<meta name=\"twitter:card\" content=\"summary_large_image\" \/>\n<meta name=\"twitter:label1\" content=\"Scritto da\">\n\t<meta name=\"twitter:data1\" content=\"francesca\">\n\t<meta name=\"twitter:label2\" content=\"Tempo di lettura stimato\">\n\t<meta name=\"twitter:data2\" content=\"1 minuto\">\n<script type=\"application\/ld+json\" class=\"yoast-schema-graph\">{\"@context\":\"https:\/\/schema.org\",\"@graph\":[{\"@type\":\"WebSite\",\"@id\":\"https:\/\/www.pescafish.it\/new\/#website\",\"url\":\"https:\/\/www.pescafish.it\/new\/\",\"name\":\"Pesca Fish\",\"description\":\"Benvenuti sul nostro sito!\",\"potentialAction\":[{\"@type\":\"SearchAction\",\"target\":\"https:\/\/www.pescafish.it\/new\/?s={search_term_string}\",\"query-input\":\"required name=search_term_string\"}],\"inLanguage\":\"it-IT\"},{\"@type\":\"ImageObject\",\"@id\":\"https:\/\/www.pescafish.it\/new\/prodotto\/fat-baby-craw-gary-yamamoto\/#primaryimage\",\"inLanguage\":\"it-IT\",\"url\":\"https:\/\/www.pescafish.it\/new\/wp-content\/uploads\/2025\/02\/GREEN-PUMPKIN-GREEN-PURPLE-FLAKE.jpg\",\"width\":789,\"height\":794,\"caption\":\"Gary Yamamoto\"},{\"@type\":\"WebPage\",\"@id\":\"https:\/\/www.pescafish.it\/new\/prodotto\/fat-baby-craw-gary-yamamoto\/#webpage\",\"url\":\"https:\/\/www.pescafish.it\/new\/prodotto\/fat-baby-craw-gary-yamamoto\/\",\"name\":\"Fat Baby Craw - Gary Yamamoto - Pesca Fish\",\"isPartOf\":{\"@id\":\"https:\/\/www.pescafish.it\/new\/#website\"},\"primaryImageOfPage\":{\"@id\":\"https:\/\/www.pescafish.it\/new\/prodotto\/fat-baby-craw-gary-yamamoto\/#primaryimage\"},\"datePublished\":\"2025-02-21T08:48:06+00:00\",\"dateModified\":\"2025-02-21T08:48:06+00:00\",\"inLanguage\":\"it-IT\",\"potentialAction\":[{\"@type\":\"ReadAction\",\"target\":[\"https:\/\/www.pescafish.it\/new\/prodotto\/fat-baby-craw-gary-yamamoto\/\"]}]}]}<\/script>\n<!-- \/ Yoast SEO plugin. -->","_links":{"self":[{"href":"https:\/\/www.pescafish.it\/new\/wp-json\/wp\/v2\/product\/102669"}],"collection":[{"href":"https:\/\/www.pescafish.it\/new\/wp-json\/wp\/v2\/product"}],"about":[{"href":"https:\/\/www.pescafish.it\/new\/wp-json\/wp\/v2\/types\/product"}],"replies":[{"embeddable":true,"href":"https:\/\/www.pescafish.it\/new\/wp-json\/wp\/v2\/comments?post=102669"}],"wp:featuredmedia":[{"embeddable":true,"href":"https:\/\/www.pescafish.it\/new\/wp-json\/wp\/v2\/media\/102672"}],"wp:attachment":[{"href":"https:\/\/www.pescafish.it\/new\/wp-json\/wp\/v2\/media?parent=102669"}],"wp:term":[{"taxonomy":"product_cat","embeddable":true,"href":"https:\/\/www.pescafish.it\/new\/wp-json\/wp\/v2\/product_cat?post=102669"},{"taxonomy":"product_tag","embeddable":true,"href":"https:\/\/www.pescafish.it\/new\/wp-json\/wp\/v2\/product_tag?post=102669"}],"curies":[{"name":"wp","href":"https:\/\/api.w.org\/{rel}","templated":true}]}}