{"id":102494,"date":"2025-02-14T11:03:26","date_gmt":"2025-02-14T10:03:26","guid":{"rendered":"https:\/\/www.pescafish.it\/new\/?post_type=product&#038;p=102494"},"modified":"2025-02-14T11:03:26","modified_gmt":"2025-02-14T10:03:26","slug":"ra-shad-3-fat-molix","status":"publish","type":"product","link":"https:\/\/www.pescafish.it\/new\/prodotto\/ra-shad-3-fat-molix\/","title":{"rendered":"RA Shad 3&#8243; FAT\u00a0&#8211; Molix"},"content":{"rendered":"<h2>RA Shad 3&#8243; FAT<\/h2>\n<p>Soft Swimbait realizzata con una \u201cmagica\u201d miscela ad alta densit\u00e0, arricchita con un nuovo aroma a base di estratto di pesce. La versione \u201cFat\u201d ne aumenta il volume rendendola pi\u00f9 visibile nonostante le dimensioni contenute. Forma e idrodinamica le conferiscono una stabilit\u00e0 e un nuoto molto naturale a qualsiasi velocit\u00e0 di recupero, con o senza pesi supplementari. Grande polivalenza ed efficacia sia in acqua dolce che salata.<\/p>\n<p><strong>Disponibile nelle seguenti colorazioni:<\/strong><br \/>\n<strong>RSHF3-08<\/strong>\u00a0 Alburno Shad<br \/>\n<strong>RSHF3-581<\/strong>\u00a0 Bloody White<br \/>\n<strong>RSHF3-MP1<\/strong>\u00a0 Mixed Pack 1<br \/>\n<strong>RSHF3-61<\/strong>\u00a0 Savetta<br \/>\n<strong>RSHF3-472<\/strong>\u00a0 UV Orange Tail<\/p>\n","protected":false},"excerpt":{"rendered":"<p>RA Shad 3&#8243; FAT Soft Swimbait realizzata con una \u201cmagica\u201d miscela ad alta densit\u00e0, arricchita con un nuovo aroma a base di estratto di pesce. La versione \u201cFat\u201d ne aumenta il volume rendendola pi\u00f9 visibile nonostante le dimensioni contenute. Forma e idrodinamica le conferiscono una stabilit\u00e0 e un nuoto molto naturale a qualsiasi velocit\u00e0 di [&hellip;]<\/p>\n","protected":false},"featured_media":102496,"comment_status":"closed","ping_status":"closed","template":"","meta":[],"product_cat":[658],"product_tag":[1025],"yoast_head":"<!-- This site is optimized with the Yoast SEO plugin v15.3 - https:\/\/yoast.com\/wordpress\/plugins\/seo\/ -->\n<title>RA Shad 3&quot; FAT\u00a0- Molix - Pesca Fish<\/title>\n<meta name=\"robots\" content=\"index, follow, max-snippet:-1, max-image-preview:large, max-video-preview:-1\" \/>\n<link rel=\"canonical\" href=\"https:\/\/www.pescafish.it\/new\/prodotto\/ra-shad-3-fat-molix\/\" \/>\n<meta property=\"og:locale\" content=\"it_IT\" \/>\n<meta property=\"og:type\" content=\"article\" \/>\n<meta property=\"og:title\" content=\"RA Shad 3&quot; FAT\u00a0- Molix - Pesca Fish\" \/>\n<meta property=\"og:description\" content=\"RA Shad 3&#8243; FAT Soft Swimbait realizzata con una \u201cmagica\u201d miscela ad alta densit\u00e0, arricchita con un nuovo aroma a base di estratto di pesce. La versione \u201cFat\u201d ne aumenta il volume rendendola pi\u00f9 visibile nonostante le dimensioni contenute. Forma e idrodinamica le conferiscono una stabilit\u00e0 e un nuoto molto naturale a qualsiasi velocit\u00e0 di [&hellip;]\" \/>\n<meta property=\"og:url\" content=\"https:\/\/www.pescafish.it\/new\/prodotto\/ra-shad-3-fat-molix\/\" \/>\n<meta property=\"og:site_name\" content=\"Pesca Fish\" \/>\n<meta property=\"article:publisher\" content=\"https:\/\/www.facebook.com\/pescafishvr\/\" \/>\n<meta property=\"og:image\" content=\"https:\/\/www.pescafish.it\/new\/wp-content\/uploads\/2025\/02\/ALBURNO-SHAD.jpg\" \/>\n\t<meta property=\"og:image:width\" content=\"789\" \/>\n\t<meta property=\"og:image:height\" content=\"794\" \/>\n<meta name=\"twitter:card\" content=\"summary_large_image\" \/>\n<meta name=\"twitter:label1\" content=\"Scritto da\">\n\t<meta name=\"twitter:data1\" content=\"francesca\">\n\t<meta name=\"twitter:label2\" content=\"Tempo di lettura stimato\">\n\t<meta name=\"twitter:data2\" content=\"0 minuti\">\n<script type=\"application\/ld+json\" class=\"yoast-schema-graph\">{\"@context\":\"https:\/\/schema.org\",\"@graph\":[{\"@type\":\"WebSite\",\"@id\":\"https:\/\/www.pescafish.it\/new\/#website\",\"url\":\"https:\/\/www.pescafish.it\/new\/\",\"name\":\"Pesca Fish\",\"description\":\"Benvenuti sul nostro sito!\",\"potentialAction\":[{\"@type\":\"SearchAction\",\"target\":\"https:\/\/www.pescafish.it\/new\/?s={search_term_string}\",\"query-input\":\"required name=search_term_string\"}],\"inLanguage\":\"it-IT\"},{\"@type\":\"ImageObject\",\"@id\":\"https:\/\/www.pescafish.it\/new\/prodotto\/ra-shad-3-fat-molix\/#primaryimage\",\"inLanguage\":\"it-IT\",\"url\":\"https:\/\/www.pescafish.it\/new\/wp-content\/uploads\/2025\/02\/ALBURNO-SHAD.jpg\",\"width\":789,\"height\":794,\"caption\":\"Molix\"},{\"@type\":\"WebPage\",\"@id\":\"https:\/\/www.pescafish.it\/new\/prodotto\/ra-shad-3-fat-molix\/#webpage\",\"url\":\"https:\/\/www.pescafish.it\/new\/prodotto\/ra-shad-3-fat-molix\/\",\"name\":\"RA Shad 3\\\" FAT\\u00a0- Molix - Pesca Fish\",\"isPartOf\":{\"@id\":\"https:\/\/www.pescafish.it\/new\/#website\"},\"primaryImageOfPage\":{\"@id\":\"https:\/\/www.pescafish.it\/new\/prodotto\/ra-shad-3-fat-molix\/#primaryimage\"},\"datePublished\":\"2025-02-14T10:03:26+00:00\",\"dateModified\":\"2025-02-14T10:03:26+00:00\",\"inLanguage\":\"it-IT\",\"potentialAction\":[{\"@type\":\"ReadAction\",\"target\":[\"https:\/\/www.pescafish.it\/new\/prodotto\/ra-shad-3-fat-molix\/\"]}]}]}<\/script>\n<!-- \/ Yoast SEO plugin. -->","_links":{"self":[{"href":"https:\/\/www.pescafish.it\/new\/wp-json\/wp\/v2\/product\/102494"}],"collection":[{"href":"https:\/\/www.pescafish.it\/new\/wp-json\/wp\/v2\/product"}],"about":[{"href":"https:\/\/www.pescafish.it\/new\/wp-json\/wp\/v2\/types\/product"}],"replies":[{"embeddable":true,"href":"https:\/\/www.pescafish.it\/new\/wp-json\/wp\/v2\/comments?post=102494"}],"wp:featuredmedia":[{"embeddable":true,"href":"https:\/\/www.pescafish.it\/new\/wp-json\/wp\/v2\/media\/102496"}],"wp:attachment":[{"href":"https:\/\/www.pescafish.it\/new\/wp-json\/wp\/v2\/media?parent=102494"}],"wp:term":[{"taxonomy":"product_cat","embeddable":true,"href":"https:\/\/www.pescafish.it\/new\/wp-json\/wp\/v2\/product_cat?post=102494"},{"taxonomy":"product_tag","embeddable":true,"href":"https:\/\/www.pescafish.it\/new\/wp-json\/wp\/v2\/product_tag?post=102494"}],"curies":[{"name":"wp","href":"https:\/\/api.w.org\/{rel}","templated":true}]}}