{"id":102421,"date":"2025-02-13T09:59:39","date_gmt":"2025-02-13T08:59:39","guid":{"rendered":"https:\/\/www.pescafish.it\/new\/?post_type=product&#038;p=102421"},"modified":"2025-10-15T09:08:59","modified_gmt":"2025-10-15T07:08:59","slug":"meet-29dr-ss-nories","status":"publish","type":"product","link":"https:\/\/www.pescafish.it\/new\/prodotto\/meet-29dr-ss-nories\/","title":{"rendered":"Meet 29DR-SS &#8211; Nories"},"content":{"rendered":"<h2>Meet 29DR-SS<\/h2>\n<p>Nories Meet 29DR-SS\u00a0\u00e8 il pi\u00f9 piccolo dei crank della famiglia Meet di Nories ed \u00e8 anche quello pi\u00f9 apprezzato dai pro angler del trout area e dagli agonisti per la sua capacit\u00e0 di &#8220;svegliare&#8221; anche gli esemplari meno inclini ad attaccare. Questa grazie alla sua inimitabile vibrazione stretta ad alta frequenza che per\u00f2 offre poca resistenza sulla vetta della canna grazie alla sua particolare paletta &#8220;piegata&#8221; a tutto vantgaggio della sensibilit\u00e0.<\/p>\n<p><strong>Caratteristiche:<\/strong><br \/>\n<strong>Peso:<\/strong> 2.2g<br \/>\n<strong>Lunghezza:<\/strong>\u00a025mm<br \/>\n<strong>Azione:<\/strong> Deep Running \/ Slow Sinking<\/p>\n<p><strong>Disponibile nelle seguenti colorazioni:<br \/>\n19269<\/strong>\u00a0 343M<\/p>\n","protected":false},"excerpt":{"rendered":"<p>Meet 29DR-SS Nories Meet 29DR-SS\u00a0\u00e8 il pi\u00f9 piccolo dei crank della famiglia Meet di Nories ed \u00e8 anche quello pi\u00f9 apprezzato dai pro angler del trout area e dagli agonisti per la sua capacit\u00e0 di &#8220;svegliare&#8221; anche gli esemplari meno inclini ad attaccare. Questa grazie alla sua inimitabile vibrazione stretta ad alta frequenza che per\u00f2 [&hellip;]<\/p>\n","protected":false},"featured_media":102422,"comment_status":"closed","ping_status":"closed","template":"","meta":[],"product_cat":[923],"product_tag":[1071],"yoast_head":"<!-- This site is optimized with the Yoast SEO plugin v15.3 - https:\/\/yoast.com\/wordpress\/plugins\/seo\/ -->\n<title>Meet 29DR-SS - Nories - Pesca Fish<\/title>\n<meta name=\"robots\" content=\"index, follow, max-snippet:-1, max-image-preview:large, max-video-preview:-1\" \/>\n<link rel=\"canonical\" href=\"https:\/\/www.pescafish.it\/new\/prodotto\/meet-29dr-ss-nories\/\" \/>\n<meta property=\"og:locale\" content=\"it_IT\" \/>\n<meta property=\"og:type\" content=\"article\" \/>\n<meta property=\"og:title\" content=\"Meet 29DR-SS - Nories - Pesca Fish\" \/>\n<meta property=\"og:description\" content=\"Meet 29DR-SS Nories Meet 29DR-SS\u00a0\u00e8 il pi\u00f9 piccolo dei crank della famiglia Meet di Nories ed \u00e8 anche quello pi\u00f9 apprezzato dai pro angler del trout area e dagli agonisti per la sua capacit\u00e0 di &#8220;svegliare&#8221; anche gli esemplari meno inclini ad attaccare. Questa grazie alla sua inimitabile vibrazione stretta ad alta frequenza che per\u00f2 [&hellip;]\" \/>\n<meta property=\"og:url\" content=\"https:\/\/www.pescafish.it\/new\/prodotto\/meet-29dr-ss-nories\/\" \/>\n<meta property=\"og:site_name\" content=\"Pesca Fish\" \/>\n<meta property=\"article:publisher\" content=\"https:\/\/www.facebook.com\/pescafishvr\/\" \/>\n<meta property=\"article:modified_time\" content=\"2025-10-15T07:08:59+00:00\" \/>\n<meta property=\"og:image\" content=\"https:\/\/www.pescafish.it\/new\/wp-content\/uploads\/2025\/02\/19269.jpg\" \/>\n\t<meta property=\"og:image:width\" content=\"789\" \/>\n\t<meta property=\"og:image:height\" content=\"794\" \/>\n<meta name=\"twitter:card\" content=\"summary_large_image\" \/>\n<meta name=\"twitter:label1\" content=\"Scritto da\">\n\t<meta name=\"twitter:data1\" content=\"francesca\">\n\t<meta name=\"twitter:label2\" content=\"Tempo di lettura stimato\">\n\t<meta name=\"twitter:data2\" content=\"0 minuti\">\n<script type=\"application\/ld+json\" class=\"yoast-schema-graph\">{\"@context\":\"https:\/\/schema.org\",\"@graph\":[{\"@type\":\"WebSite\",\"@id\":\"https:\/\/www.pescafish.it\/new\/#website\",\"url\":\"https:\/\/www.pescafish.it\/new\/\",\"name\":\"Pesca Fish\",\"description\":\"Benvenuti sul nostro sito!\",\"potentialAction\":[{\"@type\":\"SearchAction\",\"target\":\"https:\/\/www.pescafish.it\/new\/?s={search_term_string}\",\"query-input\":\"required name=search_term_string\"}],\"inLanguage\":\"it-IT\"},{\"@type\":\"ImageObject\",\"@id\":\"https:\/\/www.pescafish.it\/new\/prodotto\/meet-29dr-ss-nories\/#primaryimage\",\"inLanguage\":\"it-IT\",\"url\":\"https:\/\/www.pescafish.it\/new\/wp-content\/uploads\/2025\/02\/19269.jpg\",\"width\":789,\"height\":794,\"caption\":\"Nories\"},{\"@type\":\"WebPage\",\"@id\":\"https:\/\/www.pescafish.it\/new\/prodotto\/meet-29dr-ss-nories\/#webpage\",\"url\":\"https:\/\/www.pescafish.it\/new\/prodotto\/meet-29dr-ss-nories\/\",\"name\":\"Meet 29DR-SS - Nories - Pesca Fish\",\"isPartOf\":{\"@id\":\"https:\/\/www.pescafish.it\/new\/#website\"},\"primaryImageOfPage\":{\"@id\":\"https:\/\/www.pescafish.it\/new\/prodotto\/meet-29dr-ss-nories\/#primaryimage\"},\"datePublished\":\"2025-02-13T08:59:39+00:00\",\"dateModified\":\"2025-10-15T07:08:59+00:00\",\"inLanguage\":\"it-IT\",\"potentialAction\":[{\"@type\":\"ReadAction\",\"target\":[\"https:\/\/www.pescafish.it\/new\/prodotto\/meet-29dr-ss-nories\/\"]}]}]}<\/script>\n<!-- \/ Yoast SEO plugin. -->","_links":{"self":[{"href":"https:\/\/www.pescafish.it\/new\/wp-json\/wp\/v2\/product\/102421"}],"collection":[{"href":"https:\/\/www.pescafish.it\/new\/wp-json\/wp\/v2\/product"}],"about":[{"href":"https:\/\/www.pescafish.it\/new\/wp-json\/wp\/v2\/types\/product"}],"replies":[{"embeddable":true,"href":"https:\/\/www.pescafish.it\/new\/wp-json\/wp\/v2\/comments?post=102421"}],"wp:featuredmedia":[{"embeddable":true,"href":"https:\/\/www.pescafish.it\/new\/wp-json\/wp\/v2\/media\/102422"}],"wp:attachment":[{"href":"https:\/\/www.pescafish.it\/new\/wp-json\/wp\/v2\/media?parent=102421"}],"wp:term":[{"taxonomy":"product_cat","embeddable":true,"href":"https:\/\/www.pescafish.it\/new\/wp-json\/wp\/v2\/product_cat?post=102421"},{"taxonomy":"product_tag","embeddable":true,"href":"https:\/\/www.pescafish.it\/new\/wp-json\/wp\/v2\/product_tag?post=102421"}],"curies":[{"name":"wp","href":"https:\/\/api.w.org\/{rel}","templated":true}]}}