{"id":102325,"date":"2025-02-11T15:51:12","date_gmt":"2025-02-11T14:51:12","guid":{"rendered":"https:\/\/www.pescafish.it\/new\/?post_type=product&#038;p=102325"},"modified":"2025-08-13T17:13:04","modified_gmt":"2025-08-13T15:13:04","slug":"procare-retainer-sling-ridgemonkey","status":"publish","type":"product","link":"https:\/\/www.pescafish.it\/new\/prodotto\/procare-retainer-sling-ridgemonkey\/","title":{"rendered":"ProCare Retainer Sling &#8211; RidgeMonkey"},"content":{"rendered":"<h2>ProCare Retainer Sling<\/h2>\n<p>La ProCare Retainer Sling funge sia da imbracatura di pesatura che da fermo a breve termine, consentendoti di pesare la tua cattura e di tenerla al sicuro mentre prepari la tua attrezzatura fotografica o lasci che il pesce si riprenda prima del rilascio.<\/p>\n<p>Questa imbracatura assicura il benessere della tua cattura in ogni fase. Le sue cerniere YKK a tutta lunghezza, completate da galleggianti in schiuma e un cordino di ritenzione, forniscono un contenimento sicuro, impedendo al pesce di scappare durante la ritenzione temporanea. La clip di sicurezza integrata aumenta ulteriormente la tranquillit\u00e0 consentendoti di bloccare insieme le cerniere.<\/p>\n<p>Progettata per la facilit\u00e0 d&#8217;uso, l&#8217;imbracatura \u00e8 dotata di maniglie di trasporto su entrambe le estremit\u00e0 per un sollevamento senza sforzo, nonch\u00e9 di fasce catarifrangenti Hi-Viz sulla parte anteriore dell&#8217;imbracatura che brillano intensamente sotto la luce della torcia, rendendo facile individuare l&#8217;imbracatura al buio. Le fasce catarifrangenti orientano anche l&#8217;imbracatura, il che significa che puoi posizionare il pesce in linea con l&#8217;esclusiva cerniera allungata per garantire un rilascio sicuro.<\/p>\n<p>L&#8217;ampia rete a flusso libero consente un rapido drenaggio, facilitando una pesatura accurata e un&#8217;asciugatura rapida tra un utilizzo e l&#8217;altro, mentre l&#8217;inclusione di una custodia da viaggio antiodore aggiunge un ulteriore livello di praticit\u00e0 per il controllo degli odori durante il trasporto.<\/p>\n<p><strong>Caratteristiche:<\/strong><\/p>\n<p>\u2022 Doppie cerniere YKK con clip di sicurezza integrata per un contenimento sicuro<br \/>\n\u2022 Cinghie di pesatura resistenti con grandi anelli di pesatura fissi<br \/>\n\u2022 Maniglie di trasporto su entrambe le estremit\u00e0 per un facile sollevamento e trasporto<br \/>\n\u2022 Esclusiva cerniera anteriore allungata per un rilascio semplificato<br \/>\n\u2022 Cappucci terminali rinforzati<br \/>\n\u2022 La morbida rete scorrevole consente un rapido drenaggio<br \/>\n\u2022 Fasce riflettenti Hi-Viz per una facile visibilit\u00e0 in condizioni di scarsa illuminazione e per semplificare il processo di rilascio<br \/>\n\u2022 Morbida protezione interna della cerniera per una maggiore sicurezza<br \/>\n\u2022 I galleggianti a tutta lunghezza forniscono galleggiabilit\u00e0 e stabilit\u00e0<br \/>\n\u2022 Tasca con cordino di ritenzione integrale<br \/>\n\u2022 Fornito con cordino di ritenzione e adattatore per picchetto BSF da 3\/8<br \/>\n\u2022 Fodero da viaggio per sacchi antiodore incluso<\/p>\n<p><strong>Dimensioni:<br \/>\n<\/strong><br \/>\n\u2022 Standard: 1000 mm (larghezza) x 680 mm (altezza) x 50 mm (profondit\u00e0)<br \/>\n\u2022 XL: 1200 mm (larghezza) x 750 mm (altezza) x 55 mm (profondit\u00e0)<\/p>\n<p><strong>Peso:<br \/>\n<\/strong><br \/>\n\u2022 Standard: 470 g<br \/>\n\u2022 XL: 500 g<\/p>\n<p><strong>Disponibile nelle seguenti varianti:<\/strong><br \/>\n<strong>RM792<\/strong>\u00a0 Standard<br \/>\n<strong>RM793<\/strong>\u00a0 XL<\/p>\n","protected":false},"excerpt":{"rendered":"<p>ProCare Retainer Sling La ProCare Retainer Sling funge sia da imbracatura di pesatura che da fermo a breve termine, consentendoti di pesare la tua cattura e di tenerla al sicuro mentre prepari la tua attrezzatura fotografica o lasci che il pesce si riprenda prima del rilascio. Questa imbracatura assicura il benessere della tua cattura in [&hellip;]<\/p>\n","protected":false},"featured_media":102326,"comment_status":"closed","ping_status":"closed","template":"","meta":[],"product_cat":[411],"product_tag":[1101],"yoast_head":"<!-- This site is optimized with the Yoast SEO plugin v15.3 - https:\/\/yoast.com\/wordpress\/plugins\/seo\/ -->\n<title>ProCare Retainer Sling - RidgeMonkey - Pesca Fish<\/title>\n<meta name=\"robots\" content=\"index, follow, max-snippet:-1, max-image-preview:large, max-video-preview:-1\" \/>\n<link rel=\"canonical\" href=\"https:\/\/www.pescafish.it\/new\/prodotto\/procare-retainer-sling-ridgemonkey\/\" \/>\n<meta property=\"og:locale\" content=\"it_IT\" \/>\n<meta property=\"og:type\" content=\"article\" \/>\n<meta property=\"og:title\" content=\"ProCare Retainer Sling - RidgeMonkey - Pesca Fish\" \/>\n<meta property=\"og:description\" content=\"ProCare Retainer Sling La ProCare Retainer Sling funge sia da imbracatura di pesatura che da fermo a breve termine, consentendoti di pesare la tua cattura e di tenerla al sicuro mentre prepari la tua attrezzatura fotografica o lasci che il pesce si riprenda prima del rilascio. Questa imbracatura assicura il benessere della tua cattura in [&hellip;]\" \/>\n<meta property=\"og:url\" content=\"https:\/\/www.pescafish.it\/new\/prodotto\/procare-retainer-sling-ridgemonkey\/\" \/>\n<meta property=\"og:site_name\" content=\"Pesca Fish\" \/>\n<meta property=\"article:publisher\" content=\"https:\/\/www.facebook.com\/pescafishvr\/\" \/>\n<meta property=\"article:modified_time\" content=\"2025-08-13T15:13:04+00:00\" \/>\n<meta property=\"og:image\" content=\"https:\/\/www.pescafish.it\/new\/wp-content\/uploads\/2025\/02\/PRO.jpg\" \/>\n\t<meta property=\"og:image:width\" content=\"789\" \/>\n\t<meta property=\"og:image:height\" content=\"794\" \/>\n<meta name=\"twitter:card\" content=\"summary_large_image\" \/>\n<meta name=\"twitter:label1\" content=\"Scritto da\">\n\t<meta name=\"twitter:data1\" content=\"francesca\">\n\t<meta name=\"twitter:label2\" content=\"Tempo di lettura stimato\">\n\t<meta name=\"twitter:data2\" content=\"1 minuto\">\n<script type=\"application\/ld+json\" class=\"yoast-schema-graph\">{\"@context\":\"https:\/\/schema.org\",\"@graph\":[{\"@type\":\"WebSite\",\"@id\":\"https:\/\/www.pescafish.it\/new\/#website\",\"url\":\"https:\/\/www.pescafish.it\/new\/\",\"name\":\"Pesca Fish\",\"description\":\"Benvenuti sul nostro sito!\",\"potentialAction\":[{\"@type\":\"SearchAction\",\"target\":\"https:\/\/www.pescafish.it\/new\/?s={search_term_string}\",\"query-input\":\"required name=search_term_string\"}],\"inLanguage\":\"it-IT\"},{\"@type\":\"ImageObject\",\"@id\":\"https:\/\/www.pescafish.it\/new\/prodotto\/procare-retainer-sling-ridgemonkey\/#primaryimage\",\"inLanguage\":\"it-IT\",\"url\":\"https:\/\/www.pescafish.it\/new\/wp-content\/uploads\/2025\/02\/PRO.jpg\",\"width\":789,\"height\":794,\"caption\":\"RidgeMonkey\"},{\"@type\":\"WebPage\",\"@id\":\"https:\/\/www.pescafish.it\/new\/prodotto\/procare-retainer-sling-ridgemonkey\/#webpage\",\"url\":\"https:\/\/www.pescafish.it\/new\/prodotto\/procare-retainer-sling-ridgemonkey\/\",\"name\":\"ProCare Retainer Sling - RidgeMonkey - Pesca Fish\",\"isPartOf\":{\"@id\":\"https:\/\/www.pescafish.it\/new\/#website\"},\"primaryImageOfPage\":{\"@id\":\"https:\/\/www.pescafish.it\/new\/prodotto\/procare-retainer-sling-ridgemonkey\/#primaryimage\"},\"datePublished\":\"2025-02-11T14:51:12+00:00\",\"dateModified\":\"2025-08-13T15:13:04+00:00\",\"inLanguage\":\"it-IT\",\"potentialAction\":[{\"@type\":\"ReadAction\",\"target\":[\"https:\/\/www.pescafish.it\/new\/prodotto\/procare-retainer-sling-ridgemonkey\/\"]}]}]}<\/script>\n<!-- \/ Yoast SEO plugin. -->","_links":{"self":[{"href":"https:\/\/www.pescafish.it\/new\/wp-json\/wp\/v2\/product\/102325"}],"collection":[{"href":"https:\/\/www.pescafish.it\/new\/wp-json\/wp\/v2\/product"}],"about":[{"href":"https:\/\/www.pescafish.it\/new\/wp-json\/wp\/v2\/types\/product"}],"replies":[{"embeddable":true,"href":"https:\/\/www.pescafish.it\/new\/wp-json\/wp\/v2\/comments?post=102325"}],"wp:featuredmedia":[{"embeddable":true,"href":"https:\/\/www.pescafish.it\/new\/wp-json\/wp\/v2\/media\/102326"}],"wp:attachment":[{"href":"https:\/\/www.pescafish.it\/new\/wp-json\/wp\/v2\/media?parent=102325"}],"wp:term":[{"taxonomy":"product_cat","embeddable":true,"href":"https:\/\/www.pescafish.it\/new\/wp-json\/wp\/v2\/product_cat?post=102325"},{"taxonomy":"product_tag","embeddable":true,"href":"https:\/\/www.pescafish.it\/new\/wp-json\/wp\/v2\/product_tag?post=102325"}],"curies":[{"name":"wp","href":"https:\/\/api.w.org\/{rel}","templated":true}]}}