{"id":101719,"date":"2025-01-18T09:17:30","date_gmt":"2025-01-18T08:17:30","guid":{"rendered":"https:\/\/www.pescafish.it\/new\/?post_type=product&#038;p=101719"},"modified":"2025-02-16T19:25:14","modified_gmt":"2025-02-16T18:25:14","slug":"sardine-slider-micro-8-5cm-20gr-savage-gear","status":"publish","type":"product","link":"https:\/\/www.pescafish.it\/new\/prodotto\/sardine-slider-micro-8-5cm-20gr-savage-gear\/","title":{"rendered":"Sardine Slider Micro 8.5cm 20gr &#8211; Savage Gear"},"content":{"rendered":"<div class=\"accordion-item border-t border-gray-light\">\n<div id=\"Product8943402320101-description\" class=\"accordion-content\" aria-hidden=\"false\">\n<div class=\"product__description mb-md rte\">\n<h2>Sardine Slider Micro 8.5cm 20gr<\/h2>\n<p>I micro jig sono solitamente la scelta ideale quando vuoi lanciare lontano e raggiungere profondit\u00e0 con la tua attrezzatura da gioco leggera. Costruito sulla stessa filosofia del suo fratello maggiore, il Sardine Slider Micro \u00e8 stato creato per farti colpire sia durante il jigging che mentre l&#8217;esca cade, rendendolo perfetto per ottenere un po&#8217; di azione quando la pesca diventa dura. L&#8217;esca mostra una resistenza minima durante il jigging e un&#8217;estrema luminosit\u00e0 in caduta, \u00e8 dotata di ami super affilati e resistenti ed \u00e8 versatile per un micro jig: funziona altrettanto bene lanciando con attrezzatura da gioco leggera o da spinning dalla riva come quando viene utilizzato verticalmente da una barca. Che tu sia un principiante o un professionista, lo Slider Micro far\u00e0 il lavoro per te.<\/p>\n<p><strong>Caratteristiche:<\/strong><\/p>\n<p>\u2022 Design a lancio super lungo<br \/>\n\u2022 UV attivo<br \/>\n\u2022 Lampeggiante luminoso ed efficace<br \/>\n\u2022 Finitura resistente e durevole<br \/>\n\u2022 Progettato per colpi in caduta<br \/>\n\u2022 Ami super resistenti per acqua salata SGY3X<br \/>\n\u2022 Peso: 20gr<br \/>\n\u2022 Lunghezza: 8.5cm<\/p>\n<p><strong>Disponibile nelle seguenti colorazioni:<\/strong><br \/>\n<strong>1609232<\/strong>\u00a0 Sardine<br \/>\n<strong>1609233<\/strong>\u00a0 Lemonback<br \/>\n<strong>1609234<\/strong>\u00a0 White Glow<br \/>\n<strong>1609235<\/strong>\u00a0 Pink Glow<br \/>\n<strong>1609236<\/strong>\u00a0 Sayoris<\/p>\n<\/div>\n<\/div>\n<\/div>\n","protected":false},"excerpt":{"rendered":"<p>Sardine Slider Micro 8.5cm 20gr I micro jig sono solitamente la scelta ideale quando vuoi lanciare lontano e raggiungere profondit\u00e0 con la tua attrezzatura da gioco leggera. Costruito sulla stessa filosofia del suo fratello maggiore, il Sardine Slider Micro \u00e8 stato creato per farti colpire sia durante il jigging che mentre l&#8217;esca cade, rendendolo perfetto [&hellip;]<\/p>\n","protected":false},"featured_media":101720,"comment_status":"closed","ping_status":"closed","template":"","meta":[],"product_cat":[692],"product_tag":[1037],"yoast_head":"<!-- This site is optimized with the Yoast SEO plugin v15.3 - https:\/\/yoast.com\/wordpress\/plugins\/seo\/ -->\n<title>Sardine Slider Micro 8.5cm 20gr - Savage Gear - Pesca Fish<\/title>\n<meta name=\"robots\" content=\"index, follow, max-snippet:-1, max-image-preview:large, max-video-preview:-1\" \/>\n<link rel=\"canonical\" href=\"https:\/\/www.pescafish.it\/new\/prodotto\/sardine-slider-micro-8-5cm-20gr-savage-gear\/\" \/>\n<meta property=\"og:locale\" content=\"it_IT\" \/>\n<meta property=\"og:type\" content=\"article\" \/>\n<meta property=\"og:title\" content=\"Sardine Slider Micro 8.5cm 20gr - Savage Gear - Pesca Fish\" \/>\n<meta property=\"og:description\" content=\"Sardine Slider Micro 8.5cm 20gr I micro jig sono solitamente la scelta ideale quando vuoi lanciare lontano e raggiungere profondit\u00e0 con la tua attrezzatura da gioco leggera. Costruito sulla stessa filosofia del suo fratello maggiore, il Sardine Slider Micro \u00e8 stato creato per farti colpire sia durante il jigging che mentre l&#8217;esca cade, rendendolo perfetto [&hellip;]\" \/>\n<meta property=\"og:url\" content=\"https:\/\/www.pescafish.it\/new\/prodotto\/sardine-slider-micro-8-5cm-20gr-savage-gear\/\" \/>\n<meta property=\"og:site_name\" content=\"Pesca Fish\" \/>\n<meta property=\"article:publisher\" content=\"https:\/\/www.facebook.com\/pescafishvr\/\" \/>\n<meta property=\"article:modified_time\" content=\"2025-02-16T18:25:14+00:00\" \/>\n<meta property=\"og:image\" content=\"https:\/\/www.pescafish.it\/new\/wp-content\/uploads\/2025\/01\/sardine.jpg\" \/>\n\t<meta property=\"og:image:width\" content=\"789\" \/>\n\t<meta property=\"og:image:height\" content=\"794\" \/>\n<meta name=\"twitter:card\" content=\"summary_large_image\" \/>\n<meta name=\"twitter:label1\" content=\"Scritto da\">\n\t<meta name=\"twitter:data1\" content=\"francesca\">\n\t<meta name=\"twitter:label2\" content=\"Tempo di lettura stimato\">\n\t<meta name=\"twitter:data2\" content=\"1 minuto\">\n<script type=\"application\/ld+json\" class=\"yoast-schema-graph\">{\"@context\":\"https:\/\/schema.org\",\"@graph\":[{\"@type\":\"WebSite\",\"@id\":\"https:\/\/www.pescafish.it\/new\/#website\",\"url\":\"https:\/\/www.pescafish.it\/new\/\",\"name\":\"Pesca Fish\",\"description\":\"Benvenuti sul nostro sito!\",\"potentialAction\":[{\"@type\":\"SearchAction\",\"target\":\"https:\/\/www.pescafish.it\/new\/?s={search_term_string}\",\"query-input\":\"required name=search_term_string\"}],\"inLanguage\":\"it-IT\"},{\"@type\":\"ImageObject\",\"@id\":\"https:\/\/www.pescafish.it\/new\/prodotto\/sardine-slider-micro-8-5cm-20gr-savage-gear\/#primaryimage\",\"inLanguage\":\"it-IT\",\"url\":\"https:\/\/www.pescafish.it\/new\/wp-content\/uploads\/2025\/01\/sardine.jpg\",\"width\":789,\"height\":794,\"caption\":\"Savage Gear\"},{\"@type\":\"WebPage\",\"@id\":\"https:\/\/www.pescafish.it\/new\/prodotto\/sardine-slider-micro-8-5cm-20gr-savage-gear\/#webpage\",\"url\":\"https:\/\/www.pescafish.it\/new\/prodotto\/sardine-slider-micro-8-5cm-20gr-savage-gear\/\",\"name\":\"Sardine Slider Micro 8.5cm 20gr - Savage Gear - Pesca Fish\",\"isPartOf\":{\"@id\":\"https:\/\/www.pescafish.it\/new\/#website\"},\"primaryImageOfPage\":{\"@id\":\"https:\/\/www.pescafish.it\/new\/prodotto\/sardine-slider-micro-8-5cm-20gr-savage-gear\/#primaryimage\"},\"datePublished\":\"2025-01-18T08:17:30+00:00\",\"dateModified\":\"2025-02-16T18:25:14+00:00\",\"inLanguage\":\"it-IT\",\"potentialAction\":[{\"@type\":\"ReadAction\",\"target\":[\"https:\/\/www.pescafish.it\/new\/prodotto\/sardine-slider-micro-8-5cm-20gr-savage-gear\/\"]}]}]}<\/script>\n<!-- \/ Yoast SEO plugin. -->","_links":{"self":[{"href":"https:\/\/www.pescafish.it\/new\/wp-json\/wp\/v2\/product\/101719"}],"collection":[{"href":"https:\/\/www.pescafish.it\/new\/wp-json\/wp\/v2\/product"}],"about":[{"href":"https:\/\/www.pescafish.it\/new\/wp-json\/wp\/v2\/types\/product"}],"replies":[{"embeddable":true,"href":"https:\/\/www.pescafish.it\/new\/wp-json\/wp\/v2\/comments?post=101719"}],"wp:featuredmedia":[{"embeddable":true,"href":"https:\/\/www.pescafish.it\/new\/wp-json\/wp\/v2\/media\/101720"}],"wp:attachment":[{"href":"https:\/\/www.pescafish.it\/new\/wp-json\/wp\/v2\/media?parent=101719"}],"wp:term":[{"taxonomy":"product_cat","embeddable":true,"href":"https:\/\/www.pescafish.it\/new\/wp-json\/wp\/v2\/product_cat?post=101719"},{"taxonomy":"product_tag","embeddable":true,"href":"https:\/\/www.pescafish.it\/new\/wp-json\/wp\/v2\/product_tag?post=101719"}],"curies":[{"name":"wp","href":"https:\/\/api.w.org\/{rel}","templated":true}]}}