{"id":101574,"date":"2025-01-14T09:49:48","date_gmt":"2025-01-14T08:49:48","guid":{"rendered":"https:\/\/www.pescafish.it\/new\/?post_type=product&#038;p=101574"},"modified":"2025-01-14T09:49:49","modified_gmt":"2025-01-14T08:49:49","slug":"high-girp-hook-bead-large-korda","status":"publish","type":"product","link":"https:\/\/www.pescafish.it\/new\/prodotto\/high-girp-hook-bead-large-korda\/","title":{"rendered":"High Girp Hook Bead Large &#8211; Korda"},"content":{"rendered":"<h2>High Girp Hook Bead Large<\/h2>\n<p><span>Le nostre perline per ami High Grip appositamente progettate sono realizzate con una superficie maggiore, il che significa che una grande percentuale della perlina \u00e8 a contatto con il gambo dell&#8217;amo. Questa caratteristica di design assicura che la perlina per ami High Grip non scivoli quando si usano grandi esche per ami a lunga distanza. La forma affusolata e liscia della perlina le consente di rimanere il pi\u00f9 piccola possibile mantenendo la sua forza di presa.\u00a0<\/span><\/p>\n<p><span>La misura media \u00e8 progettata per incastrare una girella Micro Ring Swivel media (o una girella Bait Screw Swivel media) sul gambo dell&#8217;amo per una variet\u00e0 di presentazioni di rig.<\/span><\/p>\n<p><span>La perlina Large High Grip Hook \u00e8 ideale per chi usa ami di calibro pi\u00f9 pesante o modelli pi\u00f9 grandi come quelli di misura 1 e 2. Il nucleo dal diametro pi\u00f9 grande scivoler\u00e0 facilmente su questi ami pi\u00f9 grandi e pesanti e intrappoler\u00e0 in posizione una girella Large Micro Ring.<\/span><\/p>\n<p><strong>Confezione da 20pz<\/strong><\/p>\n","protected":false},"excerpt":{"rendered":"<p>High Girp Hook Bead Large Le nostre perline per ami High Grip appositamente progettate sono realizzate con una superficie maggiore, il che significa che una grande percentuale della perlina \u00e8 a contatto con il gambo dell&#8217;amo. Questa caratteristica di design assicura che la perlina per ami High Grip non scivoli quando si usano grandi esche [&hellip;]<\/p>\n","protected":false},"featured_media":101575,"comment_status":"closed","ping_status":"closed","template":"","meta":[],"product_cat":[587],"product_tag":[1018],"yoast_head":"<!-- This site is optimized with the Yoast SEO plugin v15.3 - https:\/\/yoast.com\/wordpress\/plugins\/seo\/ -->\n<title>High Girp Hook Bead Large - Korda - Pesca Fish<\/title>\n<meta name=\"robots\" content=\"index, follow, max-snippet:-1, max-image-preview:large, max-video-preview:-1\" \/>\n<link rel=\"canonical\" href=\"https:\/\/www.pescafish.it\/new\/prodotto\/high-girp-hook-bead-large-korda\/\" \/>\n<meta property=\"og:locale\" content=\"it_IT\" \/>\n<meta property=\"og:type\" content=\"article\" \/>\n<meta property=\"og:title\" content=\"High Girp Hook Bead Large - Korda - Pesca Fish\" \/>\n<meta property=\"og:description\" content=\"High Girp Hook Bead Large Le nostre perline per ami High Grip appositamente progettate sono realizzate con una superficie maggiore, il che significa che una grande percentuale della perlina \u00e8 a contatto con il gambo dell&#8217;amo. Questa caratteristica di design assicura che la perlina per ami High Grip non scivoli quando si usano grandi esche [&hellip;]\" \/>\n<meta property=\"og:url\" content=\"https:\/\/www.pescafish.it\/new\/prodotto\/high-girp-hook-bead-large-korda\/\" \/>\n<meta property=\"og:site_name\" content=\"Pesca Fish\" \/>\n<meta property=\"article:publisher\" content=\"https:\/\/www.facebook.com\/pescafishvr\/\" \/>\n<meta property=\"article:modified_time\" content=\"2025-01-14T08:49:49+00:00\" \/>\n<meta property=\"og:image\" content=\"https:\/\/www.pescafish.it\/new\/wp-content\/uploads\/2025\/01\/high-grip-hook-bead-large-1.jpg\" \/>\n\t<meta property=\"og:image:width\" content=\"490\" \/>\n\t<meta property=\"og:image:height\" content=\"490\" \/>\n<meta name=\"twitter:card\" content=\"summary_large_image\" \/>\n<meta name=\"twitter:label1\" content=\"Scritto da\">\n\t<meta name=\"twitter:data1\" content=\"francesca\">\n\t<meta name=\"twitter:label2\" content=\"Tempo di lettura stimato\">\n\t<meta name=\"twitter:data2\" content=\"1 minuto\">\n<script type=\"application\/ld+json\" class=\"yoast-schema-graph\">{\"@context\":\"https:\/\/schema.org\",\"@graph\":[{\"@type\":\"WebSite\",\"@id\":\"https:\/\/www.pescafish.it\/new\/#website\",\"url\":\"https:\/\/www.pescafish.it\/new\/\",\"name\":\"Pesca Fish\",\"description\":\"Benvenuti sul nostro sito!\",\"potentialAction\":[{\"@type\":\"SearchAction\",\"target\":\"https:\/\/www.pescafish.it\/new\/?s={search_term_string}\",\"query-input\":\"required name=search_term_string\"}],\"inLanguage\":\"it-IT\"},{\"@type\":\"ImageObject\",\"@id\":\"https:\/\/www.pescafish.it\/new\/prodotto\/high-girp-hook-bead-large-korda\/#primaryimage\",\"inLanguage\":\"it-IT\",\"url\":\"https:\/\/www.pescafish.it\/new\/wp-content\/uploads\/2025\/01\/high-grip-hook-bead-large-1.jpg\",\"width\":490,\"height\":490,\"caption\":\"Korda\"},{\"@type\":\"WebPage\",\"@id\":\"https:\/\/www.pescafish.it\/new\/prodotto\/high-girp-hook-bead-large-korda\/#webpage\",\"url\":\"https:\/\/www.pescafish.it\/new\/prodotto\/high-girp-hook-bead-large-korda\/\",\"name\":\"High Girp Hook Bead Large - Korda - Pesca Fish\",\"isPartOf\":{\"@id\":\"https:\/\/www.pescafish.it\/new\/#website\"},\"primaryImageOfPage\":{\"@id\":\"https:\/\/www.pescafish.it\/new\/prodotto\/high-girp-hook-bead-large-korda\/#primaryimage\"},\"datePublished\":\"2025-01-14T08:49:48+00:00\",\"dateModified\":\"2025-01-14T08:49:49+00:00\",\"inLanguage\":\"it-IT\",\"potentialAction\":[{\"@type\":\"ReadAction\",\"target\":[\"https:\/\/www.pescafish.it\/new\/prodotto\/high-girp-hook-bead-large-korda\/\"]}]}]}<\/script>\n<!-- \/ Yoast SEO plugin. -->","_links":{"self":[{"href":"https:\/\/www.pescafish.it\/new\/wp-json\/wp\/v2\/product\/101574"}],"collection":[{"href":"https:\/\/www.pescafish.it\/new\/wp-json\/wp\/v2\/product"}],"about":[{"href":"https:\/\/www.pescafish.it\/new\/wp-json\/wp\/v2\/types\/product"}],"replies":[{"embeddable":true,"href":"https:\/\/www.pescafish.it\/new\/wp-json\/wp\/v2\/comments?post=101574"}],"wp:featuredmedia":[{"embeddable":true,"href":"https:\/\/www.pescafish.it\/new\/wp-json\/wp\/v2\/media\/101575"}],"wp:attachment":[{"href":"https:\/\/www.pescafish.it\/new\/wp-json\/wp\/v2\/media?parent=101574"}],"wp:term":[{"taxonomy":"product_cat","embeddable":true,"href":"https:\/\/www.pescafish.it\/new\/wp-json\/wp\/v2\/product_cat?post=101574"},{"taxonomy":"product_tag","embeddable":true,"href":"https:\/\/www.pescafish.it\/new\/wp-json\/wp\/v2\/product_tag?post=101574"}],"curies":[{"name":"wp","href":"https:\/\/api.w.org\/{rel}","templated":true}]}}