{"id":101542,"date":"2025-01-13T18:03:52","date_gmt":"2025-01-13T17:03:52","guid":{"rendered":"https:\/\/www.pescafish.it\/new\/?post_type=product&#038;p=101542"},"modified":"2025-01-13T18:03:52","modified_gmt":"2025-01-13T17:03:52","slug":"txi-d-v2-digital-bite-alarm-delkim","status":"publish","type":"product","link":"https:\/\/www.pescafish.it\/new\/prodotto\/txi-d-v2-digital-bite-alarm-delkim\/","title":{"rendered":"Txi-D v2 Digital Bite Alarm &#8211; Delkim"},"content":{"rendered":"<h2>Txi-D v2 Digital Bite Alarm<\/h2>\n<p><strong>Caratteristiche:<\/strong><\/p>\n<p><strong><span>RISPOSTA ALLA VIBRAZIONE<\/span><\/strong><br \/>\n<span>Controlla la capacit\u00e0 dell&#8217;allarme di rilevare il movimento della linea e le vibrazioni.<\/span><br \/>\n<strong><span><br \/>\nVELOCIT\u00c0 DEL SEGNALE ACUSTICO<\/span><\/strong><br \/>\n<span>Aiuta a mantenere il miglior rapporto di velocit\u00e0 mentre regoli la RISPOSTA.<\/span><br \/>\n<strong><span><br \/>\nMUTE<\/span><\/strong><br \/>\n<span>Disattiva l&#8217;altoparlante Txi-D v2.<\/span><\/p>\n<p><strong><span>LED MULTICOLORE<\/span><\/strong><br \/>\n<span>Possono essere impostati su viola, rosso, bianco, blu, verde e giallo.<\/span><\/p>\n<p><strong><span>MODALIT\u00c0 GIORNO\/NOTTE<\/span><\/strong><br \/>\n<span>Consente di impostare la luminosit\u00e0 dei LED per entrambe le modalit\u00e0. I \u200b\u200bLED<\/span><\/p>\n<p><strong><span>DI MARCATURA NOTTURNA<\/span><\/strong><br \/>\n<span>si accendono costantemente a basso livello in modalit\u00e0 notturna.<\/span><\/p>\n<p><strong><span>32 TONI<\/span><\/strong><\/p>\n<p><strong><span>8 LIVELLI DI LUMINOSIT\u00c0 DEI LED<\/span><\/strong><\/p>\n<p><strong><span>MODALIT\u00c0 STEALTH<\/span><\/strong><br \/>\n<span>Disattiva i LED Txi-D v2 quando si ottiene un&#8217;attivazione.<\/span><\/p>\n<p><strong><span>SICUREZZA ANTIFURTO AVANZATA<\/span><\/strong><br \/>\n<span>Invia un avviso al tuo RX-D v2 quando l&#8217;allarme viene DISATTIVATO o spostato.<\/span><\/p>\n<p><strong><span>CONTROLLO BATTERIA SCARICA<\/span><\/strong><br \/>\n<span>Viene testato lo stato della batteria, se viene rilevato che \u00e8 scarica, viene emesso un avviso.<\/span><\/p>\n","protected":false},"excerpt":{"rendered":"<p>Txi-D v2 Digital Bite Alarm Caratteristiche: RISPOSTA ALLA VIBRAZIONE Controlla la capacit\u00e0 dell&#8217;allarme di rilevare il movimento della linea e le vibrazioni. VELOCIT\u00c0 DEL SEGNALE ACUSTICO Aiuta a mantenere il miglior rapporto di velocit\u00e0 mentre regoli la RISPOSTA. MUTE Disattiva l&#8217;altoparlante Txi-D v2. LED MULTICOLORE Possono essere impostati su viola, rosso, bianco, blu, verde e [&hellip;]<\/p>\n","protected":false},"featured_media":101543,"comment_status":"closed","ping_status":"closed","template":"","meta":[],"product_cat":[471],"product_tag":[1098],"yoast_head":"<!-- This site is optimized with the Yoast SEO plugin v15.3 - https:\/\/yoast.com\/wordpress\/plugins\/seo\/ -->\n<title>Txi-D v2 Digital Bite Alarm - Delkim - Pesca Fish<\/title>\n<meta name=\"robots\" content=\"index, follow, max-snippet:-1, max-image-preview:large, max-video-preview:-1\" \/>\n<link rel=\"canonical\" href=\"https:\/\/www.pescafish.it\/new\/prodotto\/txi-d-v2-digital-bite-alarm-delkim\/\" \/>\n<meta property=\"og:locale\" content=\"it_IT\" \/>\n<meta property=\"og:type\" content=\"article\" \/>\n<meta property=\"og:title\" content=\"Txi-D v2 Digital Bite Alarm - Delkim - Pesca Fish\" \/>\n<meta property=\"og:description\" content=\"Txi-D v2 Digital Bite Alarm Caratteristiche: RISPOSTA ALLA VIBRAZIONE Controlla la capacit\u00e0 dell&#8217;allarme di rilevare il movimento della linea e le vibrazioni. VELOCIT\u00c0 DEL SEGNALE ACUSTICO Aiuta a mantenere il miglior rapporto di velocit\u00e0 mentre regoli la RISPOSTA. MUTE Disattiva l&#8217;altoparlante Txi-D v2. LED MULTICOLORE Possono essere impostati su viola, rosso, bianco, blu, verde e [&hellip;]\" \/>\n<meta property=\"og:url\" content=\"https:\/\/www.pescafish.it\/new\/prodotto\/txi-d-v2-digital-bite-alarm-delkim\/\" \/>\n<meta property=\"og:site_name\" content=\"Pesca Fish\" \/>\n<meta property=\"article:publisher\" content=\"https:\/\/www.facebook.com\/pescafishvr\/\" \/>\n<meta property=\"og:image\" content=\"https:\/\/www.pescafish.it\/new\/wp-content\/uploads\/2025\/01\/69551723719302.jpg\" \/>\n\t<meta property=\"og:image:width\" content=\"400\" \/>\n\t<meta property=\"og:image:height\" content=\"400\" \/>\n<meta name=\"twitter:card\" content=\"summary_large_image\" \/>\n<meta name=\"twitter:label1\" content=\"Scritto da\">\n\t<meta name=\"twitter:data1\" content=\"francesca\">\n\t<meta name=\"twitter:label2\" content=\"Tempo di lettura stimato\">\n\t<meta name=\"twitter:data2\" content=\"1 minuto\">\n<script type=\"application\/ld+json\" class=\"yoast-schema-graph\">{\"@context\":\"https:\/\/schema.org\",\"@graph\":[{\"@type\":\"WebSite\",\"@id\":\"https:\/\/www.pescafish.it\/new\/#website\",\"url\":\"https:\/\/www.pescafish.it\/new\/\",\"name\":\"Pesca Fish\",\"description\":\"Benvenuti sul nostro sito!\",\"potentialAction\":[{\"@type\":\"SearchAction\",\"target\":\"https:\/\/www.pescafish.it\/new\/?s={search_term_string}\",\"query-input\":\"required name=search_term_string\"}],\"inLanguage\":\"it-IT\"},{\"@type\":\"ImageObject\",\"@id\":\"https:\/\/www.pescafish.it\/new\/prodotto\/txi-d-v2-digital-bite-alarm-delkim\/#primaryimage\",\"inLanguage\":\"it-IT\",\"url\":\"https:\/\/www.pescafish.it\/new\/wp-content\/uploads\/2025\/01\/69551723719302.jpg\",\"width\":400,\"height\":400,\"caption\":\"Delkim\"},{\"@type\":\"WebPage\",\"@id\":\"https:\/\/www.pescafish.it\/new\/prodotto\/txi-d-v2-digital-bite-alarm-delkim\/#webpage\",\"url\":\"https:\/\/www.pescafish.it\/new\/prodotto\/txi-d-v2-digital-bite-alarm-delkim\/\",\"name\":\"Txi-D v2 Digital Bite Alarm - Delkim - Pesca Fish\",\"isPartOf\":{\"@id\":\"https:\/\/www.pescafish.it\/new\/#website\"},\"primaryImageOfPage\":{\"@id\":\"https:\/\/www.pescafish.it\/new\/prodotto\/txi-d-v2-digital-bite-alarm-delkim\/#primaryimage\"},\"datePublished\":\"2025-01-13T17:03:52+00:00\",\"dateModified\":\"2025-01-13T17:03:52+00:00\",\"inLanguage\":\"it-IT\",\"potentialAction\":[{\"@type\":\"ReadAction\",\"target\":[\"https:\/\/www.pescafish.it\/new\/prodotto\/txi-d-v2-digital-bite-alarm-delkim\/\"]}]}]}<\/script>\n<!-- \/ Yoast SEO plugin. -->","_links":{"self":[{"href":"https:\/\/www.pescafish.it\/new\/wp-json\/wp\/v2\/product\/101542"}],"collection":[{"href":"https:\/\/www.pescafish.it\/new\/wp-json\/wp\/v2\/product"}],"about":[{"href":"https:\/\/www.pescafish.it\/new\/wp-json\/wp\/v2\/types\/product"}],"replies":[{"embeddable":true,"href":"https:\/\/www.pescafish.it\/new\/wp-json\/wp\/v2\/comments?post=101542"}],"wp:featuredmedia":[{"embeddable":true,"href":"https:\/\/www.pescafish.it\/new\/wp-json\/wp\/v2\/media\/101543"}],"wp:attachment":[{"href":"https:\/\/www.pescafish.it\/new\/wp-json\/wp\/v2\/media?parent=101542"}],"wp:term":[{"taxonomy":"product_cat","embeddable":true,"href":"https:\/\/www.pescafish.it\/new\/wp-json\/wp\/v2\/product_cat?post=101542"},{"taxonomy":"product_tag","embeddable":true,"href":"https:\/\/www.pescafish.it\/new\/wp-json\/wp\/v2\/product_tag?post=101542"}],"curies":[{"name":"wp","href":"https:\/\/api.w.org\/{rel}","templated":true}]}}