{"id":101481,"date":"2025-01-13T16:31:35","date_gmt":"2025-01-13T15:31:35","guid":{"rendered":"https:\/\/www.pescafish.it\/new\/?post_type=product&#038;p=101481"},"modified":"2025-02-13T12:37:02","modified_gmt":"2025-02-13T11:37:02","slug":"zt-helluva-waterproof-trousers-camo-nash","status":"publish","type":"product","link":"https:\/\/www.pescafish.it\/new\/prodotto\/zt-helluva-waterproof-trousers-camo-nash\/","title":{"rendered":"ZT Helluva Waterproof Trousers Camo &#8211; Nash"},"content":{"rendered":"<h2>ZT Helluva Waterproof Trousers Camo<\/h2>\n<p>Pantaloni impermeabili pesanti in stile combat che sono il risultato della missione personale di Alan di realizzare strati esterni pi\u00f9 resistenti, versatili e durevoli per il pescatore che vuole acquistare una volta, acquistare il meglio e non rimanere deluso quando il comfort e l&#8217;impegno contano davvero. Le prestazioni dei materiali, lo stile e le specifiche stabiliscono nuovi standard all&#8217;interno della gamma Zero Tolerance\u00ae.<\/p>\n<p>Gli indumenti Helluva hanno una sensazione unica, quasi cerata, che li distingue immediatamente dai tradizionali impermeabili. Utilizzando il materiale Aquasense\u00ae HD di grado pi\u00f9 pesante sviluppato per le tende Nash degli ultimi anni, sono progettati per superare le condizioni meteorologiche pi\u00f9 difficili, navigando tra rovi e sottobosco per trovare opportunit\u00e0 nascoste, resistendo costantemente a strappi, impigliamenti e forature che possono accadere con materiali di qualit\u00e0 inferiore. Tuttavia Aquasense\u00ae HD mantiene un&#8217;incredibile prestazione traspirante per prevenire l&#8217;accumulo di umidit\u00e0.<\/p>\n<p><strong>Disponibile nelle seguenti taglie:<\/strong><br \/>\n<strong>KNC6541<\/strong>\u00a0 M<br \/>\n<strong>KNC6542<\/strong>\u00a0 L<br \/>\n<strong>KNC6543<\/strong>\u00a0 XL<\/p>\n","protected":false},"excerpt":{"rendered":"<p>ZT Helluva Waterproof Trousers Camo Pantaloni impermeabili pesanti in stile combat che sono il risultato della missione personale di Alan di realizzare strati esterni pi\u00f9 resistenti, versatili e durevoli per il pescatore che vuole acquistare una volta, acquistare il meglio e non rimanere deluso quando il comfort e l&#8217;impegno contano davvero. Le prestazioni dei materiali, [&hellip;]<\/p>\n","protected":false},"featured_media":101482,"comment_status":"closed","ping_status":"closed","template":"","meta":[],"product_cat":[748],"product_tag":[1024],"yoast_head":"<!-- This site is optimized with the Yoast SEO plugin v15.3 - https:\/\/yoast.com\/wordpress\/plugins\/seo\/ -->\n<title>ZT Helluva Waterproof Trousers Camo - Nash - Pesca Fish<\/title>\n<meta name=\"robots\" content=\"index, follow, max-snippet:-1, max-image-preview:large, max-video-preview:-1\" \/>\n<link rel=\"canonical\" href=\"https:\/\/www.pescafish.it\/new\/prodotto\/zt-helluva-waterproof-trousers-camo-nash\/\" \/>\n<meta property=\"og:locale\" content=\"it_IT\" \/>\n<meta property=\"og:type\" content=\"article\" \/>\n<meta property=\"og:title\" content=\"ZT Helluva Waterproof Trousers Camo - Nash - Pesca Fish\" \/>\n<meta property=\"og:description\" content=\"ZT Helluva Waterproof Trousers Camo Pantaloni impermeabili pesanti in stile combat che sono il risultato della missione personale di Alan di realizzare strati esterni pi\u00f9 resistenti, versatili e durevoli per il pescatore che vuole acquistare una volta, acquistare il meglio e non rimanere deluso quando il comfort e l&#8217;impegno contano davvero. Le prestazioni dei materiali, [&hellip;]\" \/>\n<meta property=\"og:url\" content=\"https:\/\/www.pescafish.it\/new\/prodotto\/zt-helluva-waterproof-trousers-camo-nash\/\" \/>\n<meta property=\"og:site_name\" content=\"Pesca Fish\" \/>\n<meta property=\"article:publisher\" content=\"https:\/\/www.facebook.com\/pescafishvr\/\" \/>\n<meta property=\"article:modified_time\" content=\"2025-02-13T11:37:02+00:00\" \/>\n<meta property=\"og:image\" content=\"https:\/\/www.pescafish.it\/new\/wp-content\/uploads\/2025\/01\/14931-600x600-1.jpg\" \/>\n\t<meta property=\"og:image:width\" content=\"600\" \/>\n\t<meta property=\"og:image:height\" content=\"600\" \/>\n<meta name=\"twitter:card\" content=\"summary_large_image\" \/>\n<meta name=\"twitter:label1\" content=\"Scritto da\">\n\t<meta name=\"twitter:data1\" content=\"francesca\">\n\t<meta name=\"twitter:label2\" content=\"Tempo di lettura stimato\">\n\t<meta name=\"twitter:data2\" content=\"1 minuto\">\n<script type=\"application\/ld+json\" class=\"yoast-schema-graph\">{\"@context\":\"https:\/\/schema.org\",\"@graph\":[{\"@type\":\"WebSite\",\"@id\":\"https:\/\/www.pescafish.it\/new\/#website\",\"url\":\"https:\/\/www.pescafish.it\/new\/\",\"name\":\"Pesca Fish\",\"description\":\"Benvenuti sul nostro sito!\",\"potentialAction\":[{\"@type\":\"SearchAction\",\"target\":\"https:\/\/www.pescafish.it\/new\/?s={search_term_string}\",\"query-input\":\"required name=search_term_string\"}],\"inLanguage\":\"it-IT\"},{\"@type\":\"ImageObject\",\"@id\":\"https:\/\/www.pescafish.it\/new\/prodotto\/zt-helluva-waterproof-trousers-camo-nash\/#primaryimage\",\"inLanguage\":\"it-IT\",\"url\":\"https:\/\/www.pescafish.it\/new\/wp-content\/uploads\/2025\/01\/14931-600x600-1.jpg\",\"width\":600,\"height\":600,\"caption\":\"Nash\"},{\"@type\":\"WebPage\",\"@id\":\"https:\/\/www.pescafish.it\/new\/prodotto\/zt-helluva-waterproof-trousers-camo-nash\/#webpage\",\"url\":\"https:\/\/www.pescafish.it\/new\/prodotto\/zt-helluva-waterproof-trousers-camo-nash\/\",\"name\":\"ZT Helluva Waterproof Trousers Camo - Nash - Pesca Fish\",\"isPartOf\":{\"@id\":\"https:\/\/www.pescafish.it\/new\/#website\"},\"primaryImageOfPage\":{\"@id\":\"https:\/\/www.pescafish.it\/new\/prodotto\/zt-helluva-waterproof-trousers-camo-nash\/#primaryimage\"},\"datePublished\":\"2025-01-13T15:31:35+00:00\",\"dateModified\":\"2025-02-13T11:37:02+00:00\",\"inLanguage\":\"it-IT\",\"potentialAction\":[{\"@type\":\"ReadAction\",\"target\":[\"https:\/\/www.pescafish.it\/new\/prodotto\/zt-helluva-waterproof-trousers-camo-nash\/\"]}]}]}<\/script>\n<!-- \/ Yoast SEO plugin. -->","_links":{"self":[{"href":"https:\/\/www.pescafish.it\/new\/wp-json\/wp\/v2\/product\/101481"}],"collection":[{"href":"https:\/\/www.pescafish.it\/new\/wp-json\/wp\/v2\/product"}],"about":[{"href":"https:\/\/www.pescafish.it\/new\/wp-json\/wp\/v2\/types\/product"}],"replies":[{"embeddable":true,"href":"https:\/\/www.pescafish.it\/new\/wp-json\/wp\/v2\/comments?post=101481"}],"wp:featuredmedia":[{"embeddable":true,"href":"https:\/\/www.pescafish.it\/new\/wp-json\/wp\/v2\/media\/101482"}],"wp:attachment":[{"href":"https:\/\/www.pescafish.it\/new\/wp-json\/wp\/v2\/media?parent=101481"}],"wp:term":[{"taxonomy":"product_cat","embeddable":true,"href":"https:\/\/www.pescafish.it\/new\/wp-json\/wp\/v2\/product_cat?post=101481"},{"taxonomy":"product_tag","embeddable":true,"href":"https:\/\/www.pescafish.it\/new\/wp-json\/wp\/v2\/product_tag?post=101481"}],"curies":[{"name":"wp","href":"https:\/\/api.w.org\/{rel}","templated":true}]}}