{"id":101291,"date":"2025-01-10T09:51:17","date_gmt":"2025-01-10T08:51:17","guid":{"rendered":"https:\/\/www.pescafish.it\/new\/?post_type=product&#038;p=101291"},"modified":"2026-03-18T10:09:54","modified_gmt":"2026-03-18T09:09:54","slug":"20-bg-mq-h-ark-daiwa","status":"publish","type":"product","link":"https:\/\/www.pescafish.it\/new\/prodotto\/20-bg-mq-h-ark-daiwa\/","title":{"rendered":"20 BG MQ H-ARK &#8211; Daiwa"},"content":{"rendered":"<div class=\"flex_column av-9k6n0-7a94405798cf9041e59e558118a64381 av_one_full avia-builder-el-12 el_after_av_hr el_before_av_one_half first flex_column_div av-zero-column-padding \">\n<div class=\"av-special-heading av-2t92ci-e9a60666f79a25faad18710af8b8bf5d av-special-heading-h3 blockquote elegant-quote elegant-centered avia-builder-el-13 avia-builder-el-no-sibling \">\n<h2 class=\"av-special-heading-tag\">20 BG MQ H-ARK<\/h2>\n<\/div>\n<\/div>\n<div class=\"flex_column av-9k6n0-27-41661a76bdce3acc50dd1d6011d9bae5 av_one_half avia-builder-el-14 el_after_av_one_full el_before_av_one_half first flex_column_div av-zero-column-padding column-top-margin\">\n<section class=\"av_textblock_section av-kjog7pxe-3fdac9325328be63c9f1f043669b0f66 \">\n<div class=\"avia_textblock\">\n<p>La versione con pomello ARK (Aluminium Round Knob)\u00a0 del\u00a0BG MQ\u00a0\u00e8 ancora pi\u00f9 pratica e confortevole nei combattimenti pi\u00f9 duri e impegnativi che richiedono una maggiore azione di forza e un maggiore controllo in fase di recupero.<\/p>\n<p>Le caratteristiche tecniche sono le medesime eccezionali del BG Monocoque: corpo monoscocca costruito interamente in alluminio, robustissimo e a prova di torsione, 6 cuscinetti a sfera, frizione ATD con speciali dischi in carbonio e ingranaggi interni maggiorati e migliorati Tough Digigear.<\/p>\n<p>In questa speciale versione la cosmetica si aggiorna con finiture color oro.<\/p>\n<div class=\"flex_column av-9k6n0-21-ae7e438e85760ac0189fb4dc43bf65b7 av_one_third avia-builder-el-23 el_after_av_one_full el_before_av_one_third first flex_column_div av-zero-column-padding column-top-margin\">\n<section class=\"av_textblock_section av-kjog7pxe-25-5176138d37e5014b5be37e84cf481903 \">\n<div class=\"avia_textblock\">\n<p><strong>Caratteristiche:<\/strong><\/p>\n<p>\u2022 Corpo Monocoque Body in Alluminio<br \/>\n\u2022 Rotore Air Rotor<br \/>\n\u2022 Tough Digigear<br \/>\n\u2022 Bobina Long Cast ABS in Alluminio<br \/>\n\u2022 6 cuscinetto a sfera<br \/>\n\u2022 Frizione Carbon ATD (Automatic Tournament Drag) dotata di dischi in carbonio<br \/>\n\u2022 Infinite Anti-Reverse<br \/>\n\u2022 Cross Wrap<\/p>\n<p>Disponibile nelle seguenti misure:<\/p>\n<table style=\"height: 72px; width: 100%; border-collapse: collapse;\" border=\"1\">\n<tbody>\n<tr style=\"height: 24px;\">\n<td style=\"width: 16.6667%; height: 24px;\"><strong>Codice<\/strong><\/td>\n<td style=\"width: 16.6667%; height: 24px;\"><strong>Capacit\u00e0 Bobina<\/strong><\/td>\n<td style=\"width: 16.6667%; height: 24px;\"><strong>Rapporto Recupero<\/strong><\/td>\n<td style=\"width: 16.6667%; height: 24px;\"><strong>Cuscinetti<\/strong><\/td>\n<td style=\"width: 16.6667%; height: 24px;\"><strong>Peso<\/strong> (gr)<\/td>\n<td style=\"width: 16.6667%; height: 24px;\"><strong>Freno Frizione<\/strong> (kg)<\/td>\n<\/tr>\n<tr style=\"height: 24px;\">\n<td style=\"width: 16.6667%; height: 24px;\"><strong>20BGMQ14000HARK<\/strong><\/td>\n<td style=\"width: 16.6667%; height: 24px;\">300 m \u00d8 40<\/td>\n<td style=\"width: 16.6667%; height: 24px;\">5,7:1 (122 cm)<\/td>\n<td style=\"width: 16.6667%; height: 24px;\">6<\/td>\n<td style=\"width: 16.6667%; height: 24px;\">640<\/td>\n<td style=\"width: 16.6667%; height: 24px;\">15<\/td>\n<\/tr>\n<tr style=\"height: 24px;\">\n<td style=\"width: 16.6667%; height: 24px;\"><strong>20BGMQ6000DHARK<\/strong><\/td>\n<td style=\"width: 16.6667%; height: 24px;\">150 m \u00d8 43<\/td>\n<td style=\"width: 16.6667%; height: 24px;\">5,7:1 (101 cm)<\/td>\n<td style=\"width: 16.6667%; height: 24px;\">6<\/td>\n<td style=\"width: 16.6667%; height: 24px;\">450<\/td>\n<td style=\"width: 16.6667%; height: 24px;\">12<\/td>\n<\/tr>\n<\/tbody>\n<\/table>\n<\/div>\n<\/section>\n<\/div>\n<div class=\"flex_column av-9k6n0-20-ef433f8f28027b83a40f49599810c693 av_one_third avia-builder-el-25 el_after_av_one_third el_before_av_one_third flex_column_div av-zero-column-padding column-top-margin\">\n<section class=\"av_textblock_section av-kjog7pxe-19-3449c62b8f24f5649877c197b8eb0e73 \">\n<div class=\"avia_textblock\"><\/div>\n<\/section>\n<\/div>\n<\/div>\n<\/section>\n<\/div>\n","protected":false},"excerpt":{"rendered":"<p>20 BG MQ H-ARK La versione con pomello ARK (Aluminium Round Knob)\u00a0 del\u00a0BG MQ\u00a0\u00e8 ancora pi\u00f9 pratica e confortevole nei combattimenti pi\u00f9 duri e impegnativi che richiedono una maggiore azione di forza e un maggiore controllo in fase di recupero. Le caratteristiche tecniche sono le medesime eccezionali del BG Monocoque: corpo monoscocca costruito interamente in [&hellip;]<\/p>\n","protected":false},"featured_media":101292,"comment_status":"closed","ping_status":"closed","template":"","meta":[],"product_cat":[351],"product_tag":[1051],"yoast_head":"<!-- This site is optimized with the Yoast SEO plugin v15.3 - https:\/\/yoast.com\/wordpress\/plugins\/seo\/ -->\n<title>20 BG MQ H-ARK - Daiwa - Pesca Fish<\/title>\n<meta name=\"robots\" content=\"index, follow, max-snippet:-1, max-image-preview:large, max-video-preview:-1\" \/>\n<link rel=\"canonical\" href=\"https:\/\/www.pescafish.it\/new\/prodotto\/20-bg-mq-h-ark-daiwa\/\" \/>\n<meta property=\"og:locale\" content=\"it_IT\" \/>\n<meta property=\"og:type\" content=\"article\" \/>\n<meta property=\"og:title\" content=\"20 BG MQ H-ARK - Daiwa - Pesca Fish\" \/>\n<meta property=\"og:description\" content=\"20 BG MQ H-ARK La versione con pomello ARK (Aluminium Round Knob)\u00a0 del\u00a0BG MQ\u00a0\u00e8 ancora pi\u00f9 pratica e confortevole nei combattimenti pi\u00f9 duri e impegnativi che richiedono una maggiore azione di forza e un maggiore controllo in fase di recupero. Le caratteristiche tecniche sono le medesime eccezionali del BG Monocoque: corpo monoscocca costruito interamente in [&hellip;]\" \/>\n<meta property=\"og:url\" content=\"https:\/\/www.pescafish.it\/new\/prodotto\/20-bg-mq-h-ark-daiwa\/\" \/>\n<meta property=\"og:site_name\" content=\"Pesca Fish\" \/>\n<meta property=\"article:publisher\" content=\"https:\/\/www.facebook.com\/pescafishvr\/\" \/>\n<meta property=\"article:modified_time\" content=\"2026-03-18T09:09:54+00:00\" \/>\n<meta property=\"og:image\" content=\"https:\/\/www.pescafish.it\/new\/wp-content\/uploads\/2025\/01\/20BGMQ.jpg\" \/>\n\t<meta property=\"og:image:width\" content=\"789\" \/>\n\t<meta property=\"og:image:height\" content=\"794\" \/>\n<meta name=\"twitter:card\" content=\"summary_large_image\" \/>\n<meta name=\"twitter:label1\" content=\"Scritto da\">\n\t<meta name=\"twitter:data1\" content=\"francesca\">\n\t<meta name=\"twitter:label2\" content=\"Tempo di lettura stimato\">\n\t<meta name=\"twitter:data2\" content=\"1 minuto\">\n<script type=\"application\/ld+json\" class=\"yoast-schema-graph\">{\"@context\":\"https:\/\/schema.org\",\"@graph\":[{\"@type\":\"WebSite\",\"@id\":\"https:\/\/www.pescafish.it\/new\/#website\",\"url\":\"https:\/\/www.pescafish.it\/new\/\",\"name\":\"Pesca Fish\",\"description\":\"Benvenuti sul nostro sito!\",\"potentialAction\":[{\"@type\":\"SearchAction\",\"target\":\"https:\/\/www.pescafish.it\/new\/?s={search_term_string}\",\"query-input\":\"required name=search_term_string\"}],\"inLanguage\":\"it-IT\"},{\"@type\":\"ImageObject\",\"@id\":\"https:\/\/www.pescafish.it\/new\/prodotto\/20-bg-mq-h-ark-daiwa\/#primaryimage\",\"inLanguage\":\"it-IT\",\"url\":\"https:\/\/www.pescafish.it\/new\/wp-content\/uploads\/2025\/01\/20BGMQ.jpg\",\"width\":789,\"height\":794,\"caption\":\"Daiwa\"},{\"@type\":\"WebPage\",\"@id\":\"https:\/\/www.pescafish.it\/new\/prodotto\/20-bg-mq-h-ark-daiwa\/#webpage\",\"url\":\"https:\/\/www.pescafish.it\/new\/prodotto\/20-bg-mq-h-ark-daiwa\/\",\"name\":\"20 BG MQ H-ARK - Daiwa - Pesca Fish\",\"isPartOf\":{\"@id\":\"https:\/\/www.pescafish.it\/new\/#website\"},\"primaryImageOfPage\":{\"@id\":\"https:\/\/www.pescafish.it\/new\/prodotto\/20-bg-mq-h-ark-daiwa\/#primaryimage\"},\"datePublished\":\"2025-01-10T08:51:17+00:00\",\"dateModified\":\"2026-03-18T09:09:54+00:00\",\"inLanguage\":\"it-IT\",\"potentialAction\":[{\"@type\":\"ReadAction\",\"target\":[\"https:\/\/www.pescafish.it\/new\/prodotto\/20-bg-mq-h-ark-daiwa\/\"]}]}]}<\/script>\n<!-- \/ Yoast SEO plugin. -->","_links":{"self":[{"href":"https:\/\/www.pescafish.it\/new\/wp-json\/wp\/v2\/product\/101291"}],"collection":[{"href":"https:\/\/www.pescafish.it\/new\/wp-json\/wp\/v2\/product"}],"about":[{"href":"https:\/\/www.pescafish.it\/new\/wp-json\/wp\/v2\/types\/product"}],"replies":[{"embeddable":true,"href":"https:\/\/www.pescafish.it\/new\/wp-json\/wp\/v2\/comments?post=101291"}],"wp:featuredmedia":[{"embeddable":true,"href":"https:\/\/www.pescafish.it\/new\/wp-json\/wp\/v2\/media\/101292"}],"wp:attachment":[{"href":"https:\/\/www.pescafish.it\/new\/wp-json\/wp\/v2\/media?parent=101291"}],"wp:term":[{"taxonomy":"product_cat","embeddable":true,"href":"https:\/\/www.pescafish.it\/new\/wp-json\/wp\/v2\/product_cat?post=101291"},{"taxonomy":"product_tag","embeddable":true,"href":"https:\/\/www.pescafish.it\/new\/wp-json\/wp\/v2\/product_tag?post=101291"}],"curies":[{"name":"wp","href":"https:\/\/api.w.org\/{rel}","templated":true}]}}