{"id":101289,"date":"2025-01-10T09:42:39","date_gmt":"2025-01-10T08:42:39","guid":{"rendered":"https:\/\/www.pescafish.it\/new\/?post_type=product&#038;p=101289"},"modified":"2025-01-10T09:42:40","modified_gmt":"2025-01-10T08:42:40","slug":"canna-21-saltiga-casting-daiwa","status":"publish","type":"product","link":"https:\/\/www.pescafish.it\/new\/prodotto\/canna-21-saltiga-casting-daiwa\/","title":{"rendered":"Canna 21 Saltiga Casting &#8211; Daiwa"},"content":{"rendered":"<h2>Canna 21 Saltiga Casting<\/h2>\n<p>Le nuove Saltiga sono canne di alto livello progettate per lo spinning medio e pesante. Pensate per fronteggiare i pi\u00f9 temibili e forti predatori marini sia da riva che dalla barca, uniscono prestazioni di lancio ai vertici della categoria ad una grande potenza e robustezza.\u00a0 Le pi\u00f9 leggere (con max. casting 60 e 80 g) sono ideali per lo spinning a pelagici di taglia media come tonnetti, lecce, ricciole e lampughe, mentre quelle pi\u00f9 potenti e robuste sono adatte per lo spinning al tonno.<\/p>\n<p>l fusto \u00e8 composto da potenti blanks in carbonio\u00a0<b>HVF trattati con resina Nanoplus\u00a0<\/b>e sono rivestiti da uno speciale strato di carbonio che li rende ancora pi\u00f9 robusti e ne riduce la torsione:\u00a0<b>l\u2019X45 full Shield<\/b>. Questa nuova tecnologia consente di avere blanks enormemente pi\u00f9 rigidi e resistenti rispetto alla tradizionale X45 . Il trasferimento dell\u2019energia lungo il blank \u00e8 pi\u00f9 efficiente del 25%, conferendo maggiore rigidit\u00e0 strutturale e resistenza alla torsione.<\/p>\n<p>Le Saltiga Casting adottano i nuovissimi giunti\u00a0\u00a0<b>V-Joint Alpha<\/b>: questa ulteriore evoluzione dei famosi V-Joint \u00e8 costruita adottando resina Nanoplus che rende la giuntura ancora pi\u00f9 precisa e aderente, con un\u2019azione pi\u00f9 armonica e una dispersione di potenza pressoch\u00e8 nulla.<\/p>\n<p><strong>Caratteristiche:<\/strong><\/p>\n<p>\u2022 Blank in Carbonio HVF Nanoplus<br \/>\n\u2022 Tecnologia X45 FULL SHIELD<br \/>\n\u2022 Innesti V-Joint \u03b1<br \/>\n\u2022 Anelli Fuji K con anelli in acciaio inossidabile e pietre SiC<br \/>\n\u2022 Porta mulinello fuji<\/p>\n<table style=\"height: 48px; width: 100%; border-collapse: collapse;\" border=\"1\">\n<tbody>\n<tr style=\"height: 24px;\">\n<td style=\"width: 16.6667%; height: 24px;\"><strong>Codice<\/strong><\/td>\n<td style=\"width: 16.6667%; height: 24px;\"><strong>Lunghezza<\/strong> (mt)<\/td>\n<td style=\"width: 16.6667%; height: 24px;\"><strong>Sezioni<\/strong><\/td>\n<td style=\"width: 16.6667%; height: 24px;\"><strong>Ingombro<\/strong> (cm)<\/td>\n<td style=\"width: 16.6667%; height: 24px;\"><strong>Peso<\/strong> (gr)<\/td>\n<td style=\"width: 16.6667%; height: 24px;\"><strong>Max Casting<\/strong> (gr)<\/td>\n<\/tr>\n<tr style=\"height: 24px;\">\n<td style=\"width: 16.6667%; height: 24px;\"><strong>SALTCAST836<\/strong><\/td>\n<td style=\"width: 16.6667%; height: 24px;\">2,51<\/td>\n<td style=\"width: 16.6667%; height: 24px;\">1+ offset<\/td>\n<td style=\"width: 16.6667%; height: 24px;\">190<\/td>\n<td style=\"width: 16.6667%; height: 24px;\">365<\/td>\n<td style=\"width: 16.6667%; height: 24px;\">130<\/td>\n<\/tr>\n<\/tbody>\n<\/table>\n","protected":false},"excerpt":{"rendered":"<p>Canna 21 Saltiga Casting Le nuove Saltiga sono canne di alto livello progettate per lo spinning medio e pesante. Pensate per fronteggiare i pi\u00f9 temibili e forti predatori marini sia da riva che dalla barca, uniscono prestazioni di lancio ai vertici della categoria ad una grande potenza e robustezza.\u00a0 Le pi\u00f9 leggere (con max. casting [&hellip;]<\/p>\n","protected":false},"featured_media":101290,"comment_status":"closed","ping_status":"closed","template":"","meta":[],"product_cat":[80],"product_tag":[1051],"yoast_head":"<!-- This site is optimized with the Yoast SEO plugin v15.3 - https:\/\/yoast.com\/wordpress\/plugins\/seo\/ -->\n<title>Canna 21 Saltiga Casting - Daiwa - Pesca Fish<\/title>\n<meta name=\"robots\" content=\"index, follow, max-snippet:-1, max-image-preview:large, max-video-preview:-1\" \/>\n<link rel=\"canonical\" href=\"https:\/\/www.pescafish.it\/new\/prodotto\/canna-21-saltiga-casting-daiwa\/\" \/>\n<meta property=\"og:locale\" content=\"it_IT\" \/>\n<meta property=\"og:type\" content=\"article\" \/>\n<meta property=\"og:title\" content=\"Canna 21 Saltiga Casting - Daiwa - Pesca Fish\" \/>\n<meta property=\"og:description\" content=\"Canna 21 Saltiga Casting Le nuove Saltiga sono canne di alto livello progettate per lo spinning medio e pesante. Pensate per fronteggiare i pi\u00f9 temibili e forti predatori marini sia da riva che dalla barca, uniscono prestazioni di lancio ai vertici della categoria ad una grande potenza e robustezza.\u00a0 Le pi\u00f9 leggere (con max. casting [&hellip;]\" \/>\n<meta property=\"og:url\" content=\"https:\/\/www.pescafish.it\/new\/prodotto\/canna-21-saltiga-casting-daiwa\/\" \/>\n<meta property=\"og:site_name\" content=\"Pesca Fish\" \/>\n<meta property=\"article:publisher\" content=\"https:\/\/www.facebook.com\/pescafishvr\/\" \/>\n<meta property=\"article:modified_time\" content=\"2025-01-10T08:42:40+00:00\" \/>\n<meta property=\"og:image\" content=\"https:\/\/www.pescafish.it\/new\/wp-content\/uploads\/2025\/01\/SALTIGA-CASTING-1.jpg\" \/>\n\t<meta property=\"og:image:width\" content=\"789\" \/>\n\t<meta property=\"og:image:height\" content=\"794\" \/>\n<meta name=\"twitter:card\" content=\"summary_large_image\" \/>\n<meta name=\"twitter:label1\" content=\"Scritto da\">\n\t<meta name=\"twitter:data1\" content=\"francesca\">\n\t<meta name=\"twitter:label2\" content=\"Tempo di lettura stimato\">\n\t<meta name=\"twitter:data2\" content=\"1 minuto\">\n<script type=\"application\/ld+json\" class=\"yoast-schema-graph\">{\"@context\":\"https:\/\/schema.org\",\"@graph\":[{\"@type\":\"WebSite\",\"@id\":\"https:\/\/www.pescafish.it\/new\/#website\",\"url\":\"https:\/\/www.pescafish.it\/new\/\",\"name\":\"Pesca Fish\",\"description\":\"Benvenuti sul nostro sito!\",\"potentialAction\":[{\"@type\":\"SearchAction\",\"target\":\"https:\/\/www.pescafish.it\/new\/?s={search_term_string}\",\"query-input\":\"required name=search_term_string\"}],\"inLanguage\":\"it-IT\"},{\"@type\":\"ImageObject\",\"@id\":\"https:\/\/www.pescafish.it\/new\/prodotto\/canna-21-saltiga-casting-daiwa\/#primaryimage\",\"inLanguage\":\"it-IT\",\"url\":\"https:\/\/www.pescafish.it\/new\/wp-content\/uploads\/2025\/01\/SALTIGA-CASTING-1.jpg\",\"width\":789,\"height\":794,\"caption\":\"Daiwa\"},{\"@type\":\"WebPage\",\"@id\":\"https:\/\/www.pescafish.it\/new\/prodotto\/canna-21-saltiga-casting-daiwa\/#webpage\",\"url\":\"https:\/\/www.pescafish.it\/new\/prodotto\/canna-21-saltiga-casting-daiwa\/\",\"name\":\"Canna 21 Saltiga Casting - Daiwa - Pesca Fish\",\"isPartOf\":{\"@id\":\"https:\/\/www.pescafish.it\/new\/#website\"},\"primaryImageOfPage\":{\"@id\":\"https:\/\/www.pescafish.it\/new\/prodotto\/canna-21-saltiga-casting-daiwa\/#primaryimage\"},\"datePublished\":\"2025-01-10T08:42:39+00:00\",\"dateModified\":\"2025-01-10T08:42:40+00:00\",\"inLanguage\":\"it-IT\",\"potentialAction\":[{\"@type\":\"ReadAction\",\"target\":[\"https:\/\/www.pescafish.it\/new\/prodotto\/canna-21-saltiga-casting-daiwa\/\"]}]}]}<\/script>\n<!-- \/ Yoast SEO plugin. -->","_links":{"self":[{"href":"https:\/\/www.pescafish.it\/new\/wp-json\/wp\/v2\/product\/101289"}],"collection":[{"href":"https:\/\/www.pescafish.it\/new\/wp-json\/wp\/v2\/product"}],"about":[{"href":"https:\/\/www.pescafish.it\/new\/wp-json\/wp\/v2\/types\/product"}],"replies":[{"embeddable":true,"href":"https:\/\/www.pescafish.it\/new\/wp-json\/wp\/v2\/comments?post=101289"}],"wp:featuredmedia":[{"embeddable":true,"href":"https:\/\/www.pescafish.it\/new\/wp-json\/wp\/v2\/media\/101290"}],"wp:attachment":[{"href":"https:\/\/www.pescafish.it\/new\/wp-json\/wp\/v2\/media?parent=101289"}],"wp:term":[{"taxonomy":"product_cat","embeddable":true,"href":"https:\/\/www.pescafish.it\/new\/wp-json\/wp\/v2\/product_cat?post=101289"},{"taxonomy":"product_tag","embeddable":true,"href":"https:\/\/www.pescafish.it\/new\/wp-json\/wp\/v2\/product_tag?post=101289"}],"curies":[{"name":"wp","href":"https:\/\/api.w.org\/{rel}","templated":true}]}}