{"id":101254,"date":"2025-01-08T11:43:23","date_gmt":"2025-01-08T10:43:23","guid":{"rendered":"https:\/\/www.pescafish.it\/new\/?post_type=product&#038;p=101254"},"modified":"2025-01-08T11:43:24","modified_gmt":"2025-01-08T10:43:24","slug":"amo-bottom-expert-bc-33f-vanfook","status":"publish","type":"product","link":"https:\/\/www.pescafish.it\/new\/prodotto\/amo-bottom-expert-bc-33f-vanfook\/","title":{"rendered":"Amo Bottom Expert BC-33F &#8211; Vanfook"},"content":{"rendered":"<p>Di recente, le tecniche pi\u00f9 innovative da utilizzare sono quelle del Crank Bait e del Bottom, soprattutto nella pesca alla trota in acque profonde.<br \/>\nIl BC-33F \u00e8 stato sviluppato per catturare pi\u00f9 pezzi con un solo amo in modo accurato, nonostante le prestazioni richieste varino notevolmente a seconda delle occasioni.<br \/>\nProgettato per avere un&#8217;ampia apertura e un punto di aggancio dritto, non perde piccoli attacchi e pu\u00f2 agganciare anche fuori dalla bocca quando l&#8217;amo non \u00e8 entrato.<br \/>\nDesign distintivo nell&#8217;occhiello superiore, pu\u00f2 mantenere il punto di aggancio in verticale anche quando si recupera lentamente o si ferma, ed \u00e8 in grado di catturare anche nell&#8217;attacco pi\u00f9 lento.<br \/>\nPu\u00f2 essere utilizzato non solo su Crank Baits e Bottom, ma anche in esche da superficie per attacchi pi\u00f9 rapidi.<\/p>\n<p><strong>Disponibile nelle seguenti misure:<\/strong><br \/>\n<strong>BC33F-8<\/strong>\u00a0 Size 8<br \/>\n<strong>BC33F-10<\/strong>\u00a0 Size 10<\/p>\n<p><strong>Confezione da 16 ami<\/strong><\/p>\n","protected":false},"excerpt":{"rendered":"<p>Di recente, le tecniche pi\u00f9 innovative da utilizzare sono quelle del Crank Bait e del Bottom, soprattutto nella pesca alla trota in acque profonde. Il BC-33F \u00e8 stato sviluppato per catturare pi\u00f9 pezzi con un solo amo in modo accurato, nonostante le prestazioni richieste varino notevolmente a seconda delle occasioni. Progettato per avere un&#8217;ampia apertura [&hellip;]<\/p>\n","protected":false},"featured_media":101256,"comment_status":"closed","ping_status":"closed","template":"","meta":[],"product_cat":[1015],"product_tag":[1085],"yoast_head":"<!-- This site is optimized with the Yoast SEO plugin v15.3 - https:\/\/yoast.com\/wordpress\/plugins\/seo\/ -->\n<title>Amo Bottom Expert BC-33F - Vanfook - Pesca Fish<\/title>\n<meta name=\"robots\" content=\"index, follow, max-snippet:-1, max-image-preview:large, max-video-preview:-1\" \/>\n<link rel=\"canonical\" href=\"https:\/\/www.pescafish.it\/new\/prodotto\/amo-bottom-expert-bc-33f-vanfook\/\" \/>\n<meta property=\"og:locale\" content=\"it_IT\" \/>\n<meta property=\"og:type\" content=\"article\" \/>\n<meta property=\"og:title\" content=\"Amo Bottom Expert BC-33F - Vanfook - Pesca Fish\" \/>\n<meta property=\"og:description\" content=\"Di recente, le tecniche pi\u00f9 innovative da utilizzare sono quelle del Crank Bait e del Bottom, soprattutto nella pesca alla trota in acque profonde. Il BC-33F \u00e8 stato sviluppato per catturare pi\u00f9 pezzi con un solo amo in modo accurato, nonostante le prestazioni richieste varino notevolmente a seconda delle occasioni. Progettato per avere un&#8217;ampia apertura [&hellip;]\" \/>\n<meta property=\"og:url\" content=\"https:\/\/www.pescafish.it\/new\/prodotto\/amo-bottom-expert-bc-33f-vanfook\/\" \/>\n<meta property=\"og:site_name\" content=\"Pesca Fish\" \/>\n<meta property=\"article:publisher\" content=\"https:\/\/www.facebook.com\/pescafishvr\/\" \/>\n<meta property=\"article:modified_time\" content=\"2025-01-08T10:43:24+00:00\" \/>\n<meta property=\"og:image\" content=\"https:\/\/www.pescafish.it\/new\/wp-content\/uploads\/2025\/01\/BC-33F.jpg\" \/>\n\t<meta property=\"og:image:width\" content=\"800\" \/>\n\t<meta property=\"og:image:height\" content=\"800\" \/>\n<meta name=\"twitter:card\" content=\"summary_large_image\" \/>\n<meta name=\"twitter:label1\" content=\"Scritto da\">\n\t<meta name=\"twitter:data1\" content=\"francesca\">\n\t<meta name=\"twitter:label2\" content=\"Tempo di lettura stimato\">\n\t<meta name=\"twitter:data2\" content=\"1 minuto\">\n<script type=\"application\/ld+json\" class=\"yoast-schema-graph\">{\"@context\":\"https:\/\/schema.org\",\"@graph\":[{\"@type\":\"WebSite\",\"@id\":\"https:\/\/www.pescafish.it\/new\/#website\",\"url\":\"https:\/\/www.pescafish.it\/new\/\",\"name\":\"Pesca Fish\",\"description\":\"Benvenuti sul nostro sito!\",\"potentialAction\":[{\"@type\":\"SearchAction\",\"target\":\"https:\/\/www.pescafish.it\/new\/?s={search_term_string}\",\"query-input\":\"required name=search_term_string\"}],\"inLanguage\":\"it-IT\"},{\"@type\":\"ImageObject\",\"@id\":\"https:\/\/www.pescafish.it\/new\/prodotto\/amo-bottom-expert-bc-33f-vanfook\/#primaryimage\",\"inLanguage\":\"it-IT\",\"url\":\"https:\/\/www.pescafish.it\/new\/wp-content\/uploads\/2025\/01\/BC-33F.jpg\",\"width\":800,\"height\":800,\"caption\":\"bc-33f vanfook\"},{\"@type\":\"WebPage\",\"@id\":\"https:\/\/www.pescafish.it\/new\/prodotto\/amo-bottom-expert-bc-33f-vanfook\/#webpage\",\"url\":\"https:\/\/www.pescafish.it\/new\/prodotto\/amo-bottom-expert-bc-33f-vanfook\/\",\"name\":\"Amo Bottom Expert BC-33F - Vanfook - Pesca Fish\",\"isPartOf\":{\"@id\":\"https:\/\/www.pescafish.it\/new\/#website\"},\"primaryImageOfPage\":{\"@id\":\"https:\/\/www.pescafish.it\/new\/prodotto\/amo-bottom-expert-bc-33f-vanfook\/#primaryimage\"},\"datePublished\":\"2025-01-08T10:43:23+00:00\",\"dateModified\":\"2025-01-08T10:43:24+00:00\",\"inLanguage\":\"it-IT\",\"potentialAction\":[{\"@type\":\"ReadAction\",\"target\":[\"https:\/\/www.pescafish.it\/new\/prodotto\/amo-bottom-expert-bc-33f-vanfook\/\"]}]}]}<\/script>\n<!-- \/ Yoast SEO plugin. -->","_links":{"self":[{"href":"https:\/\/www.pescafish.it\/new\/wp-json\/wp\/v2\/product\/101254"}],"collection":[{"href":"https:\/\/www.pescafish.it\/new\/wp-json\/wp\/v2\/product"}],"about":[{"href":"https:\/\/www.pescafish.it\/new\/wp-json\/wp\/v2\/types\/product"}],"replies":[{"embeddable":true,"href":"https:\/\/www.pescafish.it\/new\/wp-json\/wp\/v2\/comments?post=101254"}],"wp:featuredmedia":[{"embeddable":true,"href":"https:\/\/www.pescafish.it\/new\/wp-json\/wp\/v2\/media\/101256"}],"wp:attachment":[{"href":"https:\/\/www.pescafish.it\/new\/wp-json\/wp\/v2\/media?parent=101254"}],"wp:term":[{"taxonomy":"product_cat","embeddable":true,"href":"https:\/\/www.pescafish.it\/new\/wp-json\/wp\/v2\/product_cat?post=101254"},{"taxonomy":"product_tag","embeddable":true,"href":"https:\/\/www.pescafish.it\/new\/wp-json\/wp\/v2\/product_tag?post=101254"}],"curies":[{"name":"wp","href":"https:\/\/api.w.org\/{rel}","templated":true}]}}