{"id":101099,"date":"2024-12-19T14:15:27","date_gmt":"2024-12-19T13:15:27","guid":{"rendered":"https:\/\/www.pescafish.it\/new\/?post_type=product&#038;p=101099"},"modified":"2024-12-19T14:31:06","modified_gmt":"2024-12-19T13:31:06","slug":"101099","status":"publish","type":"product","link":"https:\/\/www.pescafish.it\/new\/prodotto\/101099\/","title":{"rendered":"Kore- Original Kombats Military Olive &#8211; Korda"},"content":{"rendered":"<h2 class=\"title\">Kore- Original Kombats Military Olive<\/h2>\n<p>Questi pantaloni in stile combat sono stati progettati per essere perfetti per i pescatori. Il nostro team di progettazione ha rimodellato questo classico design militare e ha optato per un tessuto ripstop da 150 gsm, che non \u00e8 solo leggero ed estremamente resistente, ma si asciuga anche molto rapidamente se vieni sorpreso dalla pioggia o se cadi nel lago!<\/p>\n<p>Sono la scelta perfetta durante i mesi pi\u00f9 caldi dell&#8217;anno, poich\u00e9 questo materiale allontana anche l&#8217;umidit\u00e0 dalla pelle e sono anche intrecciati per prevenire le punture di zanzara. Sono fissati tramite un bottone e una cerniera, inoltre hanno fibbie su entrambi i lati in modo che possano essere regolati per una vestibilit\u00e0 perfetta; ci sono anche passanti per cintura se desideri indossarne uno. Non ti mancheranno nemmeno le tasche, poich\u00e9 ce ne sono nove in totale, con due su ogni lato, una con cerniera e l&#8217;altra aperta, pi\u00f9 una grande con chiusura in velcro sul lato di ogni gamba e sul retro, pi\u00f9 tasche all&#8217;interno delle tasche per aiutarti a riporre tutto in modo da poterlo trovare facilmente ma non cadere accidentalmente.<\/p>\n<p>*I materiali utilizzati per realizzare questo prodotto sono:<\/p>\n<p>96% nylon, 4% spandex, 150 GSM.<\/p>\n<p><strong>Disponibile nelle seguenti taglie:<\/strong><br \/>\n<strong>KCL074<\/strong>\u00a0 M<br \/>\n<strong>KCL075<\/strong>\u00a0 L<br \/>\n<strong>KCL076<\/strong>\u00a0 XL<br \/>\n<strong>KCL077<\/strong>\u00a0 XXL<\/p>\n","protected":false},"excerpt":{"rendered":"<p>Kore- Original Kombats Military Olive Questi pantaloni in stile combat sono stati progettati per essere perfetti per i pescatori. Il nostro team di progettazione ha rimodellato questo classico design militare e ha optato per un tessuto ripstop da 150 gsm, che non \u00e8 solo leggero ed estremamente resistente, ma si asciuga anche molto rapidamente se [&hellip;]<\/p>\n","protected":false},"featured_media":101100,"comment_status":"closed","ping_status":"closed","template":"","meta":[],"product_cat":[771],"product_tag":[1018],"yoast_head":"<!-- This site is optimized with the Yoast SEO plugin v15.3 - https:\/\/yoast.com\/wordpress\/plugins\/seo\/ -->\n<title>Kore- Original Kombats Military Olive - Korda - Pesca Fish<\/title>\n<meta name=\"robots\" content=\"index, follow, max-snippet:-1, max-image-preview:large, max-video-preview:-1\" \/>\n<link rel=\"canonical\" href=\"https:\/\/www.pescafish.it\/new\/prodotto\/101099\/\" \/>\n<meta property=\"og:locale\" content=\"it_IT\" \/>\n<meta property=\"og:type\" content=\"article\" \/>\n<meta property=\"og:title\" content=\"Kore- Original Kombats Military Olive - Korda - Pesca Fish\" \/>\n<meta property=\"og:description\" content=\"Kore- Original Kombats Military Olive Questi pantaloni in stile combat sono stati progettati per essere perfetti per i pescatori. Il nostro team di progettazione ha rimodellato questo classico design militare e ha optato per un tessuto ripstop da 150 gsm, che non \u00e8 solo leggero ed estremamente resistente, ma si asciuga anche molto rapidamente se [&hellip;]\" \/>\n<meta property=\"og:url\" content=\"https:\/\/www.pescafish.it\/new\/prodotto\/101099\/\" \/>\n<meta property=\"og:site_name\" content=\"Pesca Fish\" \/>\n<meta property=\"article:publisher\" content=\"https:\/\/www.facebook.com\/pescafishvr\/\" \/>\n<meta property=\"article:modified_time\" content=\"2024-12-19T13:31:06+00:00\" \/>\n<meta property=\"og:image\" content=\"https:\/\/www.pescafish.it\/new\/wp-content\/uploads\/2024\/12\/A.jpg\" \/>\n\t<meta property=\"og:image:width\" content=\"1181\" \/>\n\t<meta property=\"og:image:height\" content=\"1181\" \/>\n<meta name=\"twitter:card\" content=\"summary_large_image\" \/>\n<meta name=\"twitter:label1\" content=\"Scritto da\">\n\t<meta name=\"twitter:data1\" content=\"francesca\">\n\t<meta name=\"twitter:label2\" content=\"Tempo di lettura stimato\">\n\t<meta name=\"twitter:data2\" content=\"1 minuto\">\n<script type=\"application\/ld+json\" class=\"yoast-schema-graph\">{\"@context\":\"https:\/\/schema.org\",\"@graph\":[{\"@type\":\"WebSite\",\"@id\":\"https:\/\/www.pescafish.it\/new\/#website\",\"url\":\"https:\/\/www.pescafish.it\/new\/\",\"name\":\"Pesca Fish\",\"description\":\"Benvenuti sul nostro sito!\",\"potentialAction\":[{\"@type\":\"SearchAction\",\"target\":\"https:\/\/www.pescafish.it\/new\/?s={search_term_string}\",\"query-input\":\"required name=search_term_string\"}],\"inLanguage\":\"it-IT\"},{\"@type\":\"ImageObject\",\"@id\":\"https:\/\/www.pescafish.it\/new\/prodotto\/101099\/#primaryimage\",\"inLanguage\":\"it-IT\",\"url\":\"https:\/\/www.pescafish.it\/new\/wp-content\/uploads\/2024\/12\/A.jpg\",\"width\":1181,\"height\":1181,\"caption\":\"Korda\"},{\"@type\":\"WebPage\",\"@id\":\"https:\/\/www.pescafish.it\/new\/prodotto\/101099\/#webpage\",\"url\":\"https:\/\/www.pescafish.it\/new\/prodotto\/101099\/\",\"name\":\"Kore- Original Kombats Military Olive - Korda - Pesca Fish\",\"isPartOf\":{\"@id\":\"https:\/\/www.pescafish.it\/new\/#website\"},\"primaryImageOfPage\":{\"@id\":\"https:\/\/www.pescafish.it\/new\/prodotto\/101099\/#primaryimage\"},\"datePublished\":\"2024-12-19T13:15:27+00:00\",\"dateModified\":\"2024-12-19T13:31:06+00:00\",\"inLanguage\":\"it-IT\",\"potentialAction\":[{\"@type\":\"ReadAction\",\"target\":[\"https:\/\/www.pescafish.it\/new\/prodotto\/101099\/\"]}]}]}<\/script>\n<!-- \/ Yoast SEO plugin. -->","_links":{"self":[{"href":"https:\/\/www.pescafish.it\/new\/wp-json\/wp\/v2\/product\/101099"}],"collection":[{"href":"https:\/\/www.pescafish.it\/new\/wp-json\/wp\/v2\/product"}],"about":[{"href":"https:\/\/www.pescafish.it\/new\/wp-json\/wp\/v2\/types\/product"}],"replies":[{"embeddable":true,"href":"https:\/\/www.pescafish.it\/new\/wp-json\/wp\/v2\/comments?post=101099"}],"wp:featuredmedia":[{"embeddable":true,"href":"https:\/\/www.pescafish.it\/new\/wp-json\/wp\/v2\/media\/101100"}],"wp:attachment":[{"href":"https:\/\/www.pescafish.it\/new\/wp-json\/wp\/v2\/media?parent=101099"}],"wp:term":[{"taxonomy":"product_cat","embeddable":true,"href":"https:\/\/www.pescafish.it\/new\/wp-json\/wp\/v2\/product_cat?post=101099"},{"taxonomy":"product_tag","embeddable":true,"href":"https:\/\/www.pescafish.it\/new\/wp-json\/wp\/v2\/product_tag?post=101099"}],"curies":[{"name":"wp","href":"https:\/\/api.w.org\/{rel}","templated":true}]}}