{"id":100905,"date":"2024-12-12T10:21:04","date_gmt":"2024-12-12T09:21:04","guid":{"rendered":"https:\/\/www.pescafish.it\/new\/?post_type=product&#038;p=100905"},"modified":"2024-12-12T10:21:05","modified_gmt":"2024-12-12T09:21:05","slug":"drykore-over-trouser-dark-olive-korda","status":"publish","type":"product","link":"https:\/\/www.pescafish.it\/new\/prodotto\/drykore-over-trouser-dark-olive-korda\/","title":{"rendered":"Drykore Over Trouser Dark Olive &#8211; Korda"},"content":{"rendered":"<h2 class=\"title\">Drykore Over Trouser Dark Olive<\/h2>\n<p><span>Costruiti per resistere alle condizioni meteorologiche pi\u00f9 estreme, i Drykore MK2 Over-Trousers offrono una protezione senza compromessi per le tue gambe. Realizzati con lo stesso tessuto impermeabile e traspirante da 20K leader del settore della Drykore MK2 Jacket, questi over-pantaloni sono incredibilmente leggeri e resistenti, assicurandoti di rimanere asciutto e comodo indipendentemente dalle condizioni.<\/span><\/p>\n<p><span>Proprio come la giacca, gli MK2 Over-Trousers sono veramente impermeabili, con cuciture nastrate e sigillate e una membrana interna idrofila da 20K che blocca anche i pi\u00f9 forti acquazzoni e le nevicate. Le eccezionali propriet\u00e0 antivento significano che sarai protetto dalle raffiche pungenti, mantenendo le tue gambe calde e asciutte.<\/span><\/p>\n<p><span>Il materiale intrecciato ad alta tecnologia offre un&#8217;elasticit\u00e0 eccezionale e una vestibilit\u00e0 ergonomica e su misura, consentendo una completa libert\u00e0 di movimento, senza essere eccessivamente largo. Che tu stia lanciando, innescando o semplicemente rilassandoti nella tua nuotata, i pantaloni MK2 Over-Trousers non limiteranno i tuoi movimenti n\u00e9 ti ostacoleranno in alcun modo.<\/span><\/p>\n<p><span>Presentano una ricchezza di dettagli pratici e ben progettati. Uno dei pi\u00f9 importanti sono le cerniere laterali impermeabili che scendono fino al ginocchio. Ci\u00f2 consente di accedere facilmente alle tasche di qualsiasi pantalone che si indossa sotto, che si tratti di chiavi, telefono o altri oggetti essenziali. Niente pi\u00f9 difficolt\u00e0 a raggiungere quegli oggetti essenziali dopo aver indossato tutti i tuoi strati impermeabili: i pantaloni MK2 Over-Trousers rendono tutto semplice e senza problemi.<\/span><\/p>\n<p><span>Progettati per la versatilit\u00e0, i pantaloni sopra possono essere indossati come strato esterno o facilmente infilati sopra altri indumenti. Hanno una cintura a sgancio rapido con elastico in vita per garantire una vestibilit\u00e0 sicura e personalizzata, mentre i cinturini in velcro alla caviglia li rendono facili da indossare e togliere, anche quando si indossano gli stivali. Inoltre, questi pantaloni hanno anche toppe in microfibra sulle ginocchia, che non solo aumentano la durata in un&#8217;area soggetta a usura, ma migliorano anche il comfort quando ci si inginocchia a terra.<\/span><\/p>\n<p><span>Rigorosamente testati secondo i pi\u00f9 alti standard, i pantaloni MK2 Over-Trousers sono il massimo in termini di protezione della parte inferiore del corpo resistente alle intemperie. Che tu stia affrontando una miniera aperta spazzata dal vento o semplicemente godendoti la vita all&#8217;aria aperta, questi pantaloni over ti manterranno asciutto e comodo<\/span><\/p>\n<p><span>I pantaloni Drykore MK2 Over sono disponibili nel colore oliva scuro e nelle taglie dalla S alla 4XL, per garantire una vestibilit\u00e0 comoda a tutti.<\/span><\/p>\n<p><span>*I materiali utilizzati per realizzare questo prodotto sono:<\/span><\/p>\n<p><span>100% poliestere.<\/span><\/p>\n<p><strong>Disponibile nelle seguenti taglie:<\/strong><br \/>\n<strong>KCL819<\/strong>\u00a0 S<br \/>\n<strong>KCL820<\/strong>\u00a0 M<br \/>\n<strong>KCL821<\/strong>\u00a0 L<br \/>\n<strong>KCL822<\/strong>\u00a0 XL<br \/>\n<strong>KCL823<\/strong>\u00a0 XXL<br \/>\n<strong>KCL824<\/strong>\u00a0 XXXL<br \/>\n<strong>KCL825<\/strong>\u00a0 XXXXL<\/p>\n","protected":false},"excerpt":{"rendered":"<p>Drykore Over Trouser Dark Olive Costruiti per resistere alle condizioni meteorologiche pi\u00f9 estreme, i Drykore MK2 Over-Trousers offrono una protezione senza compromessi per le tue gambe. Realizzati con lo stesso tessuto impermeabile e traspirante da 20K leader del settore della Drykore MK2 Jacket, questi over-pantaloni sono incredibilmente leggeri e resistenti, assicurandoti di rimanere asciutto e [&hellip;]<\/p>\n","protected":false},"featured_media":100919,"comment_status":"closed","ping_status":"closed","template":"","meta":[],"product_cat":[771],"product_tag":[1018],"yoast_head":"<!-- This site is optimized with the Yoast SEO plugin v15.3 - https:\/\/yoast.com\/wordpress\/plugins\/seo\/ -->\n<title>Drykore Over Trouser Dark Olive - Korda - Pesca Fish<\/title>\n<meta name=\"robots\" content=\"index, follow, max-snippet:-1, max-image-preview:large, max-video-preview:-1\" \/>\n<link rel=\"canonical\" href=\"https:\/\/www.pescafish.it\/new\/prodotto\/drykore-over-trouser-dark-olive-korda\/\" \/>\n<meta property=\"og:locale\" content=\"it_IT\" \/>\n<meta property=\"og:type\" content=\"article\" \/>\n<meta property=\"og:title\" content=\"Drykore Over Trouser Dark Olive - Korda - Pesca Fish\" \/>\n<meta property=\"og:description\" content=\"Drykore Over Trouser Dark Olive Costruiti per resistere alle condizioni meteorologiche pi\u00f9 estreme, i Drykore MK2 Over-Trousers offrono una protezione senza compromessi per le tue gambe. Realizzati con lo stesso tessuto impermeabile e traspirante da 20K leader del settore della Drykore MK2 Jacket, questi over-pantaloni sono incredibilmente leggeri e resistenti, assicurandoti di rimanere asciutto e [&hellip;]\" \/>\n<meta property=\"og:url\" content=\"https:\/\/www.pescafish.it\/new\/prodotto\/drykore-over-trouser-dark-olive-korda\/\" \/>\n<meta property=\"og:site_name\" content=\"Pesca Fish\" \/>\n<meta property=\"article:publisher\" content=\"https:\/\/www.facebook.com\/pescafishvr\/\" \/>\n<meta property=\"article:modified_time\" content=\"2024-12-12T09:21:05+00:00\" \/>\n<meta property=\"og:image\" content=\"https:\/\/www.pescafish.it\/new\/wp-content\/uploads\/2024\/12\/kcl819.jpg\" \/>\n\t<meta property=\"og:image:width\" content=\"794\" \/>\n\t<meta property=\"og:image:height\" content=\"794\" \/>\n<meta name=\"twitter:card\" content=\"summary_large_image\" \/>\n<meta name=\"twitter:label1\" content=\"Scritto da\">\n\t<meta name=\"twitter:data1\" content=\"francesca\">\n\t<meta name=\"twitter:label2\" content=\"Tempo di lettura stimato\">\n\t<meta name=\"twitter:data2\" content=\"2 minuti\">\n<script type=\"application\/ld+json\" class=\"yoast-schema-graph\">{\"@context\":\"https:\/\/schema.org\",\"@graph\":[{\"@type\":\"WebSite\",\"@id\":\"https:\/\/www.pescafish.it\/new\/#website\",\"url\":\"https:\/\/www.pescafish.it\/new\/\",\"name\":\"Pesca Fish\",\"description\":\"Benvenuti sul nostro sito!\",\"potentialAction\":[{\"@type\":\"SearchAction\",\"target\":\"https:\/\/www.pescafish.it\/new\/?s={search_term_string}\",\"query-input\":\"required name=search_term_string\"}],\"inLanguage\":\"it-IT\"},{\"@type\":\"ImageObject\",\"@id\":\"https:\/\/www.pescafish.it\/new\/prodotto\/drykore-over-trouser-dark-olive-korda\/#primaryimage\",\"inLanguage\":\"it-IT\",\"url\":\"https:\/\/www.pescafish.it\/new\/wp-content\/uploads\/2024\/12\/kcl819.jpg\",\"width\":794,\"height\":794,\"caption\":\"Korda\"},{\"@type\":\"WebPage\",\"@id\":\"https:\/\/www.pescafish.it\/new\/prodotto\/drykore-over-trouser-dark-olive-korda\/#webpage\",\"url\":\"https:\/\/www.pescafish.it\/new\/prodotto\/drykore-over-trouser-dark-olive-korda\/\",\"name\":\"Drykore Over Trouser Dark Olive - Korda - Pesca Fish\",\"isPartOf\":{\"@id\":\"https:\/\/www.pescafish.it\/new\/#website\"},\"primaryImageOfPage\":{\"@id\":\"https:\/\/www.pescafish.it\/new\/prodotto\/drykore-over-trouser-dark-olive-korda\/#primaryimage\"},\"datePublished\":\"2024-12-12T09:21:04+00:00\",\"dateModified\":\"2024-12-12T09:21:05+00:00\",\"inLanguage\":\"it-IT\",\"potentialAction\":[{\"@type\":\"ReadAction\",\"target\":[\"https:\/\/www.pescafish.it\/new\/prodotto\/drykore-over-trouser-dark-olive-korda\/\"]}]}]}<\/script>\n<!-- \/ Yoast SEO plugin. -->","_links":{"self":[{"href":"https:\/\/www.pescafish.it\/new\/wp-json\/wp\/v2\/product\/100905"}],"collection":[{"href":"https:\/\/www.pescafish.it\/new\/wp-json\/wp\/v2\/product"}],"about":[{"href":"https:\/\/www.pescafish.it\/new\/wp-json\/wp\/v2\/types\/product"}],"replies":[{"embeddable":true,"href":"https:\/\/www.pescafish.it\/new\/wp-json\/wp\/v2\/comments?post=100905"}],"wp:featuredmedia":[{"embeddable":true,"href":"https:\/\/www.pescafish.it\/new\/wp-json\/wp\/v2\/media\/100919"}],"wp:attachment":[{"href":"https:\/\/www.pescafish.it\/new\/wp-json\/wp\/v2\/media?parent=100905"}],"wp:term":[{"taxonomy":"product_cat","embeddable":true,"href":"https:\/\/www.pescafish.it\/new\/wp-json\/wp\/v2\/product_cat?post=100905"},{"taxonomy":"product_tag","embeddable":true,"href":"https:\/\/www.pescafish.it\/new\/wp-json\/wp\/v2\/product_tag?post=100905"}],"curies":[{"name":"wp","href":"https:\/\/api.w.org\/{rel}","templated":true}]}}