{"id":100895,"date":"2024-12-12T09:03:04","date_gmt":"2024-12-12T08:03:04","guid":{"rendered":"https:\/\/www.pescafish.it\/new\/?post_type=product&#038;p=100895"},"modified":"2024-12-12T09:03:04","modified_gmt":"2024-12-12T08:03:04","slug":"drykore-jacket-dark-kamo-korda","status":"publish","type":"product","link":"https:\/\/www.pescafish.it\/new\/prodotto\/drykore-jacket-dark-kamo-korda\/","title":{"rendered":"Drykore Jacket Dark Kamo\u00a0&#8211; Korda"},"content":{"rendered":"<h2 class=\"title\">Drykore Jacket Dark Kamo<\/h2>\n<p><span>Le nostre giacche Drykore non hanno bisogno di presentazioni, dato che il feedback delle versioni originali \u00e8 stato fuori scala. Tuttavia, noi di Korda non ci fermiamo mai, quindi abbiamo reso la versione MK2 ancora migliore.<\/span><\/p>\n<p><span>La giacca Drykore MK2 \u00e8 la massima protezione dalle intemperie, progettata per mantenerti asciutto e comodo indipendentemente dalle condizioni. Realizzata in tessuto impermeabile e traspirante da 20K, questa giacca \u00e8 incredibilmente leggera ma estremamente resistente, quindi difficilmente ti accorgerai di indossarla.<\/span><\/p>\n<p><span>Questa giacca \u00e8 davvero impermeabile, grazie alle cuciture nastrate e sigillate e alla membrana interna idrofila da 20K. Anche se vieni sorpreso da un acquazzone o da una forte nevicata, rimarrai completamente asciutto. Inoltre, vanta eccezionali propriet\u00e0 antivento, il che significa che sarai protetto dai pi\u00f9 rigidi venti da nord-est.<\/span><\/p>\n<p><span>Nonostante la sua robusta impermeabilit\u00e0, la giacca MK2 consente una completa libert\u00e0 di movimento. Il materiale intrecciato ad alta tecnologia offre un&#8217;elasticit\u00e0 eccezionale e una vestibilit\u00e0 ergonomica e su misura, cos\u00ec puoi rimanere attivo intorno al lago senza restrizioni. La giacca \u00e8 sagomata per essere pi\u00f9 lunga nella parte posteriore rispetto a quella anteriore, assicurando che non si sollevi quando si innesca o si lancia. Questa caratteristica di design ti mantiene coperto e asciutto, anche quando sei seduto.<\/span><\/p>\n<p><span>Progettata per la versatilit\u00e0, la giacca MK2 pu\u00f2 essere indossata sopra altri strati durante i mesi pi\u00f9 freddi per fornire un isolamento essenziale. Il cappuccio regolabile con visiera, il collo alto e i polsini in velcro lavorano all&#8217;unisono per tenere fuori gli elementi, mentre le tasche interne offrono un comodo spazio per telefono, chiavi e ricevitori.<\/span><\/p>\n<p><span>Rigorosamente testata alla perfezione, se pensavi che l&#8217;originale Drykore fosse buona, la giacca MK2 \u00e8 il massimo dell&#8217;abbigliamento esterno impermeabile. Che tu sia in una missione di esca furtiva, in un paio di giorni in riva al lago o anche a spasso con il cane ed esplori la natura, questa giacca ti manterr\u00e0 asciutto, comodo e protetto anche dalle condizioni atmosferiche pi\u00f9 avverse.<\/span><\/p>\n<p><span>La giacca Drykore MK2 \u00e8 disponibile in Dark Olive e per la prima volta in assoluto, \u00e8 ora disponibile nel nostro esclusivo Dark Kamo. Con taglie che vanno dalla S alla 4XL, c&#8217;\u00e8 una giacca per tutti.<\/span><\/p>\n<p><span>*I materiali utilizzati per realizzare questo prodotto sono:<\/span><\/p>\n<p><span>100% poliestere.<\/span><\/p>\n<p><strong>Disponibile nelle seguenti taglie:<br \/>\nKCL812\u00a0 <\/strong>S<strong><br \/>\nKCL813\u00a0 <\/strong>M<strong><br \/>\nKCL814\u00a0 <\/strong>L<strong><br \/>\nKCL815\u00a0<\/strong>\u00a0XL<strong><br \/>\nKCL816\u00a0<\/strong> XXL<strong><br \/>\nKCL817\u00a0<\/strong> XXXL<strong><br \/>\nKCL818\u00a0 <\/strong>XXXXL<strong><br \/>\n<\/strong><\/p>\n","protected":false},"excerpt":{"rendered":"<p>Drykore Jacket Dark Kamo Le nostre giacche Drykore non hanno bisogno di presentazioni, dato che il feedback delle versioni originali \u00e8 stato fuori scala. Tuttavia, noi di Korda non ci fermiamo mai, quindi abbiamo reso la versione MK2 ancora migliore. La giacca Drykore MK2 \u00e8 la massima protezione dalle intemperie, progettata per mantenerti asciutto e [&hellip;]<\/p>\n","protected":false},"featured_media":100896,"comment_status":"closed","ping_status":"closed","template":"","meta":[],"product_cat":[771],"product_tag":[1018],"yoast_head":"<!-- This site is optimized with the Yoast SEO plugin v15.3 - https:\/\/yoast.com\/wordpress\/plugins\/seo\/ -->\n<title>Drykore Jacket Dark Kamo\u00a0- Korda - Pesca Fish<\/title>\n<meta name=\"robots\" content=\"index, follow, max-snippet:-1, max-image-preview:large, max-video-preview:-1\" \/>\n<link rel=\"canonical\" href=\"https:\/\/www.pescafish.it\/new\/prodotto\/drykore-jacket-dark-kamo-korda\/\" \/>\n<meta property=\"og:locale\" content=\"it_IT\" \/>\n<meta property=\"og:type\" content=\"article\" \/>\n<meta property=\"og:title\" content=\"Drykore Jacket Dark Kamo\u00a0- Korda - Pesca Fish\" \/>\n<meta property=\"og:description\" content=\"Drykore Jacket Dark Kamo Le nostre giacche Drykore non hanno bisogno di presentazioni, dato che il feedback delle versioni originali \u00e8 stato fuori scala. Tuttavia, noi di Korda non ci fermiamo mai, quindi abbiamo reso la versione MK2 ancora migliore. La giacca Drykore MK2 \u00e8 la massima protezione dalle intemperie, progettata per mantenerti asciutto e [&hellip;]\" \/>\n<meta property=\"og:url\" content=\"https:\/\/www.pescafish.it\/new\/prodotto\/drykore-jacket-dark-kamo-korda\/\" \/>\n<meta property=\"og:site_name\" content=\"Pesca Fish\" \/>\n<meta property=\"article:publisher\" content=\"https:\/\/www.facebook.com\/pescafishvr\/\" \/>\n<meta property=\"og:image\" content=\"https:\/\/www.pescafish.it\/new\/wp-content\/uploads\/2024\/12\/KCL812.jpg\" \/>\n\t<meta property=\"og:image:width\" content=\"794\" \/>\n\t<meta property=\"og:image:height\" content=\"794\" \/>\n<meta name=\"twitter:card\" content=\"summary_large_image\" \/>\n<meta name=\"twitter:label1\" content=\"Scritto da\">\n\t<meta name=\"twitter:data1\" content=\"francesca\">\n\t<meta name=\"twitter:label2\" content=\"Tempo di lettura stimato\">\n\t<meta name=\"twitter:data2\" content=\"2 minuti\">\n<script type=\"application\/ld+json\" class=\"yoast-schema-graph\">{\"@context\":\"https:\/\/schema.org\",\"@graph\":[{\"@type\":\"WebSite\",\"@id\":\"https:\/\/www.pescafish.it\/new\/#website\",\"url\":\"https:\/\/www.pescafish.it\/new\/\",\"name\":\"Pesca Fish\",\"description\":\"Benvenuti sul nostro sito!\",\"potentialAction\":[{\"@type\":\"SearchAction\",\"target\":\"https:\/\/www.pescafish.it\/new\/?s={search_term_string}\",\"query-input\":\"required name=search_term_string\"}],\"inLanguage\":\"it-IT\"},{\"@type\":\"ImageObject\",\"@id\":\"https:\/\/www.pescafish.it\/new\/prodotto\/drykore-jacket-dark-kamo-korda\/#primaryimage\",\"inLanguage\":\"it-IT\",\"url\":\"https:\/\/www.pescafish.it\/new\/wp-content\/uploads\/2024\/12\/KCL812.jpg\",\"width\":794,\"height\":794,\"caption\":\"Korda\"},{\"@type\":\"WebPage\",\"@id\":\"https:\/\/www.pescafish.it\/new\/prodotto\/drykore-jacket-dark-kamo-korda\/#webpage\",\"url\":\"https:\/\/www.pescafish.it\/new\/prodotto\/drykore-jacket-dark-kamo-korda\/\",\"name\":\"Drykore Jacket Dark Kamo\\u00a0- Korda - Pesca Fish\",\"isPartOf\":{\"@id\":\"https:\/\/www.pescafish.it\/new\/#website\"},\"primaryImageOfPage\":{\"@id\":\"https:\/\/www.pescafish.it\/new\/prodotto\/drykore-jacket-dark-kamo-korda\/#primaryimage\"},\"datePublished\":\"2024-12-12T08:03:04+00:00\",\"dateModified\":\"2024-12-12T08:03:04+00:00\",\"inLanguage\":\"it-IT\",\"potentialAction\":[{\"@type\":\"ReadAction\",\"target\":[\"https:\/\/www.pescafish.it\/new\/prodotto\/drykore-jacket-dark-kamo-korda\/\"]}]}]}<\/script>\n<!-- \/ Yoast SEO plugin. -->","_links":{"self":[{"href":"https:\/\/www.pescafish.it\/new\/wp-json\/wp\/v2\/product\/100895"}],"collection":[{"href":"https:\/\/www.pescafish.it\/new\/wp-json\/wp\/v2\/product"}],"about":[{"href":"https:\/\/www.pescafish.it\/new\/wp-json\/wp\/v2\/types\/product"}],"replies":[{"embeddable":true,"href":"https:\/\/www.pescafish.it\/new\/wp-json\/wp\/v2\/comments?post=100895"}],"wp:featuredmedia":[{"embeddable":true,"href":"https:\/\/www.pescafish.it\/new\/wp-json\/wp\/v2\/media\/100896"}],"wp:attachment":[{"href":"https:\/\/www.pescafish.it\/new\/wp-json\/wp\/v2\/media?parent=100895"}],"wp:term":[{"taxonomy":"product_cat","embeddable":true,"href":"https:\/\/www.pescafish.it\/new\/wp-json\/wp\/v2\/product_cat?post=100895"},{"taxonomy":"product_tag","embeddable":true,"href":"https:\/\/www.pescafish.it\/new\/wp-json\/wp\/v2\/product_tag?post=100895"}],"curies":[{"name":"wp","href":"https:\/\/api.w.org\/{rel}","templated":true}]}}