{"id":100814,"date":"2024-12-06T09:41:35","date_gmt":"2024-12-06T08:41:35","guid":{"rendered":"https:\/\/www.pescafish.it\/new\/?post_type=product&#038;p=100814"},"modified":"2024-12-06T09:41:35","modified_gmt":"2024-12-06T08:41:35","slug":"deluxe-chair-supa-lite-stretch-korum","status":"publish","type":"product","link":"https:\/\/www.pescafish.it\/new\/prodotto\/deluxe-chair-supa-lite-stretch-korum\/","title":{"rendered":"Deluxe Chair Supa Lite Stretch &#8211; Korum"},"content":{"rendered":"<p>Deluxe Chair Supa Lite Stretch, comfort leggero senza pari!!! Dotata di un nuovo materiale STRETCH che \u00e8 comodo, durevole e resistente alle intemperie, la serie di sedie Supa Lite raggiunge un livello superiore. Il telaio \u00e8 ancora realizzato in Aeronium, uno speciale materiale in lega di magnesio che \u00e8 straordinariamente leggero e resistente. Abbiamo migliorato le dimensioni dei piedini autolivellanti e offerto un&#8217;imbottitura generosa su tutta la superficie della sedia, per fornire una sedia da pesca leggera e di alta qualit\u00e0. Il modello Deluxe presenta braccioli imbottiti e le lunghezze delle gambe sono state regolate per fornire la massima estensione disponibile nella parte anteriore della sedia, rendendo questo modello perfetto per le sponde pi\u00f9 ripide.<\/p>\n<p><strong>Materiali:<\/strong> poliestere, TPEE, lega di magnesio<br \/>\n<strong>Dimensioni:<\/strong> 48 x 43 x 32 (estensibile a 42)<br \/>\n<strong>Peso:<\/strong> 3,9 kg<\/p>\n","protected":false},"excerpt":{"rendered":"<p>Deluxe Chair Supa Lite Stretch, comfort leggero senza pari!!! Dotata di un nuovo materiale STRETCH che \u00e8 comodo, durevole e resistente alle intemperie, la serie di sedie Supa Lite raggiunge un livello superiore. Il telaio \u00e8 ancora realizzato in Aeronium, uno speciale materiale in lega di magnesio che \u00e8 straordinariamente leggero e resistente. Abbiamo migliorato [&hellip;]<\/p>\n","protected":false},"featured_media":100815,"comment_status":"closed","ping_status":"closed","template":"","meta":[],"product_cat":[188],"product_tag":[1031],"yoast_head":"<!-- This site is optimized with the Yoast SEO plugin v15.3 - https:\/\/yoast.com\/wordpress\/plugins\/seo\/ -->\n<title>Deluxe Chair Supa Lite Stretch - Korum - Pesca Fish<\/title>\n<meta name=\"robots\" content=\"index, follow, max-snippet:-1, max-image-preview:large, max-video-preview:-1\" \/>\n<link rel=\"canonical\" href=\"https:\/\/www.pescafish.it\/new\/prodotto\/deluxe-chair-supa-lite-stretch-korum\/\" \/>\n<meta property=\"og:locale\" content=\"it_IT\" \/>\n<meta property=\"og:type\" content=\"article\" \/>\n<meta property=\"og:title\" content=\"Deluxe Chair Supa Lite Stretch - Korum - Pesca Fish\" \/>\n<meta property=\"og:description\" content=\"Deluxe Chair Supa Lite Stretch, comfort leggero senza pari!!! Dotata di un nuovo materiale STRETCH che \u00e8 comodo, durevole e resistente alle intemperie, la serie di sedie Supa Lite raggiunge un livello superiore. Il telaio \u00e8 ancora realizzato in Aeronium, uno speciale materiale in lega di magnesio che \u00e8 straordinariamente leggero e resistente. Abbiamo migliorato [&hellip;]\" \/>\n<meta property=\"og:url\" content=\"https:\/\/www.pescafish.it\/new\/prodotto\/deluxe-chair-supa-lite-stretch-korum\/\" \/>\n<meta property=\"og:site_name\" content=\"Pesca Fish\" \/>\n<meta property=\"article:publisher\" content=\"https:\/\/www.facebook.com\/pescafishvr\/\" \/>\n<meta property=\"og:image\" content=\"https:\/\/www.pescafish.it\/new\/wp-content\/uploads\/2024\/12\/supa-lite-stretch.jpg\" \/>\n\t<meta property=\"og:image:width\" content=\"1000\" \/>\n\t<meta property=\"og:image:height\" content=\"1000\" \/>\n<meta name=\"twitter:card\" content=\"summary_large_image\" \/>\n<meta name=\"twitter:label1\" content=\"Scritto da\">\n\t<meta name=\"twitter:data1\" content=\"francesca\">\n\t<meta name=\"twitter:label2\" content=\"Tempo di lettura stimato\">\n\t<meta name=\"twitter:data2\" content=\"1 minuto\">\n<script type=\"application\/ld+json\" class=\"yoast-schema-graph\">{\"@context\":\"https:\/\/schema.org\",\"@graph\":[{\"@type\":\"WebSite\",\"@id\":\"https:\/\/www.pescafish.it\/new\/#website\",\"url\":\"https:\/\/www.pescafish.it\/new\/\",\"name\":\"Pesca Fish\",\"description\":\"Benvenuti sul nostro sito!\",\"potentialAction\":[{\"@type\":\"SearchAction\",\"target\":\"https:\/\/www.pescafish.it\/new\/?s={search_term_string}\",\"query-input\":\"required name=search_term_string\"}],\"inLanguage\":\"it-IT\"},{\"@type\":\"ImageObject\",\"@id\":\"https:\/\/www.pescafish.it\/new\/prodotto\/deluxe-chair-supa-lite-stretch-korum\/#primaryimage\",\"inLanguage\":\"it-IT\",\"url\":\"https:\/\/www.pescafish.it\/new\/wp-content\/uploads\/2024\/12\/supa-lite-stretch.jpg\",\"width\":1000,\"height\":1000,\"caption\":\"deluxe chair supa lite stretch korum\"},{\"@type\":\"WebPage\",\"@id\":\"https:\/\/www.pescafish.it\/new\/prodotto\/deluxe-chair-supa-lite-stretch-korum\/#webpage\",\"url\":\"https:\/\/www.pescafish.it\/new\/prodotto\/deluxe-chair-supa-lite-stretch-korum\/\",\"name\":\"Deluxe Chair Supa Lite Stretch - Korum - Pesca Fish\",\"isPartOf\":{\"@id\":\"https:\/\/www.pescafish.it\/new\/#website\"},\"primaryImageOfPage\":{\"@id\":\"https:\/\/www.pescafish.it\/new\/prodotto\/deluxe-chair-supa-lite-stretch-korum\/#primaryimage\"},\"datePublished\":\"2024-12-06T08:41:35+00:00\",\"dateModified\":\"2024-12-06T08:41:35+00:00\",\"inLanguage\":\"it-IT\",\"potentialAction\":[{\"@type\":\"ReadAction\",\"target\":[\"https:\/\/www.pescafish.it\/new\/prodotto\/deluxe-chair-supa-lite-stretch-korum\/\"]}]}]}<\/script>\n<!-- \/ Yoast SEO plugin. -->","_links":{"self":[{"href":"https:\/\/www.pescafish.it\/new\/wp-json\/wp\/v2\/product\/100814"}],"collection":[{"href":"https:\/\/www.pescafish.it\/new\/wp-json\/wp\/v2\/product"}],"about":[{"href":"https:\/\/www.pescafish.it\/new\/wp-json\/wp\/v2\/types\/product"}],"replies":[{"embeddable":true,"href":"https:\/\/www.pescafish.it\/new\/wp-json\/wp\/v2\/comments?post=100814"}],"wp:featuredmedia":[{"embeddable":true,"href":"https:\/\/www.pescafish.it\/new\/wp-json\/wp\/v2\/media\/100815"}],"wp:attachment":[{"href":"https:\/\/www.pescafish.it\/new\/wp-json\/wp\/v2\/media?parent=100814"}],"wp:term":[{"taxonomy":"product_cat","embeddable":true,"href":"https:\/\/www.pescafish.it\/new\/wp-json\/wp\/v2\/product_cat?post=100814"},{"taxonomy":"product_tag","embeddable":true,"href":"https:\/\/www.pescafish.it\/new\/wp-json\/wp\/v2\/product_tag?post=100814"}],"curies":[{"name":"wp","href":"https:\/\/api.w.org\/{rel}","templated":true}]}}