{"id":100802,"date":"2024-12-05T19:00:53","date_gmt":"2024-12-05T18:00:53","guid":{"rendered":"https:\/\/www.pescafish.it\/new\/?post_type=product&#038;p=100802"},"modified":"2025-09-02T18:12:47","modified_gmt":"2025-09-02T16:12:47","slug":"dt-shot-on-the-hook-bead-pb-products","status":"publish","type":"product","link":"https:\/\/www.pescafish.it\/new\/prodotto\/dt-shot-on-the-hook-bead-pb-products\/","title":{"rendered":"DT Shot-On The Hook Bead &#8211; PB Products"},"content":{"rendered":"<h2>DT Shot-On The Hook Bead<\/h2>\n<p>Pb realizza un tungsteno a forma di goccia d&#8217;acqua che pu\u00f2 essere messo direttamente sull&#8217;amo.<\/p>\n<p>Questa forma a lacrima \u00e8 composta del tungsteno pi\u00f9 pesante disponibile sul mercato con un colore naturale grigio scuro.<\/p>\n<p>Permette di mantenere un peso sulla punta dell&#8217;amo.<\/p>\n<p>lo Shot \u00e8 munito di un foro nel quale deve essere infilata la punta dell&#8217;amo. In questo modo, \u00e8 mantenuta saldamente sull&#8217;amo anche nel caso di lanci forzati.<\/p>\n<p>Pratico e facile da usare, \u00e8 un ust per i pescatori che vogliono ottimizzare le capacit\u00e0 allamanti dei propri montaggi.<\/p>\n<p><strong>Disponibile nelle seguenti varianti:<\/strong><br \/>\n<strong>PB19458<\/strong>\u00a0 0,2gr<br \/>\n<strong>PB19459<\/strong>\u00a0 0,3gr<br \/>\n<strong>PB19460<\/strong>\u00a0 0,4gr<\/p>\n<p><strong>Confezione da 15pz<\/strong><\/p>\n","protected":false},"excerpt":{"rendered":"<p>DT Shot-On The Hook Bead Pb realizza un tungsteno a forma di goccia d&#8217;acqua che pu\u00f2 essere messo direttamente sull&#8217;amo. Questa forma a lacrima \u00e8 composta del tungsteno pi\u00f9 pesante disponibile sul mercato con un colore naturale grigio scuro. Permette di mantenere un peso sulla punta dell&#8217;amo. lo Shot \u00e8 munito di un foro nel [&hellip;]<\/p>\n","protected":false},"featured_media":100806,"comment_status":"closed","ping_status":"closed","template":"","meta":[],"product_cat":[1455],"product_tag":[1443],"yoast_head":"<!-- This site is optimized with the Yoast SEO plugin v15.3 - https:\/\/yoast.com\/wordpress\/plugins\/seo\/ -->\n<title>DT Shot-On The Hook Bead - PB Products - Pesca Fish<\/title>\n<meta name=\"robots\" content=\"index, follow, max-snippet:-1, max-image-preview:large, max-video-preview:-1\" \/>\n<link rel=\"canonical\" href=\"https:\/\/www.pescafish.it\/new\/prodotto\/dt-shot-on-the-hook-bead-pb-products\/\" \/>\n<meta property=\"og:locale\" content=\"it_IT\" \/>\n<meta property=\"og:type\" content=\"article\" \/>\n<meta property=\"og:title\" content=\"DT Shot-On The Hook Bead - PB Products - Pesca Fish\" \/>\n<meta property=\"og:description\" content=\"DT Shot-On The Hook Bead Pb realizza un tungsteno a forma di goccia d&#8217;acqua che pu\u00f2 essere messo direttamente sull&#8217;amo. Questa forma a lacrima \u00e8 composta del tungsteno pi\u00f9 pesante disponibile sul mercato con un colore naturale grigio scuro. Permette di mantenere un peso sulla punta dell&#8217;amo. lo Shot \u00e8 munito di un foro nel [&hellip;]\" \/>\n<meta property=\"og:url\" content=\"https:\/\/www.pescafish.it\/new\/prodotto\/dt-shot-on-the-hook-bead-pb-products\/\" \/>\n<meta property=\"og:site_name\" content=\"Pesca Fish\" \/>\n<meta property=\"article:publisher\" content=\"https:\/\/www.facebook.com\/pescafishvr\/\" \/>\n<meta property=\"article:modified_time\" content=\"2025-09-02T16:12:47+00:00\" \/>\n<meta property=\"og:image\" content=\"https:\/\/www.pescafish.it\/new\/wp-content\/uploads\/2024\/12\/PB19458.jpg\" \/>\n\t<meta property=\"og:image:width\" content=\"789\" \/>\n\t<meta property=\"og:image:height\" content=\"794\" \/>\n<meta name=\"twitter:card\" content=\"summary_large_image\" \/>\n<meta name=\"twitter:label1\" content=\"Scritto da\">\n\t<meta name=\"twitter:data1\" content=\"francesca\">\n\t<meta name=\"twitter:label2\" content=\"Tempo di lettura stimato\">\n\t<meta name=\"twitter:data2\" content=\"0 minuti\">\n<script type=\"application\/ld+json\" class=\"yoast-schema-graph\">{\"@context\":\"https:\/\/schema.org\",\"@graph\":[{\"@type\":\"WebSite\",\"@id\":\"https:\/\/www.pescafish.it\/new\/#website\",\"url\":\"https:\/\/www.pescafish.it\/new\/\",\"name\":\"Pesca Fish\",\"description\":\"Benvenuti sul nostro sito!\",\"potentialAction\":[{\"@type\":\"SearchAction\",\"target\":\"https:\/\/www.pescafish.it\/new\/?s={search_term_string}\",\"query-input\":\"required name=search_term_string\"}],\"inLanguage\":\"it-IT\"},{\"@type\":\"ImageObject\",\"@id\":\"https:\/\/www.pescafish.it\/new\/prodotto\/dt-shot-on-the-hook-bead-pb-products\/#primaryimage\",\"inLanguage\":\"it-IT\",\"url\":\"https:\/\/www.pescafish.it\/new\/wp-content\/uploads\/2024\/12\/PB19458.jpg\",\"width\":789,\"height\":794,\"caption\":\"PB Products\"},{\"@type\":\"WebPage\",\"@id\":\"https:\/\/www.pescafish.it\/new\/prodotto\/dt-shot-on-the-hook-bead-pb-products\/#webpage\",\"url\":\"https:\/\/www.pescafish.it\/new\/prodotto\/dt-shot-on-the-hook-bead-pb-products\/\",\"name\":\"DT Shot-On The Hook Bead - PB Products - Pesca Fish\",\"isPartOf\":{\"@id\":\"https:\/\/www.pescafish.it\/new\/#website\"},\"primaryImageOfPage\":{\"@id\":\"https:\/\/www.pescafish.it\/new\/prodotto\/dt-shot-on-the-hook-bead-pb-products\/#primaryimage\"},\"datePublished\":\"2024-12-05T18:00:53+00:00\",\"dateModified\":\"2025-09-02T16:12:47+00:00\",\"inLanguage\":\"it-IT\",\"potentialAction\":[{\"@type\":\"ReadAction\",\"target\":[\"https:\/\/www.pescafish.it\/new\/prodotto\/dt-shot-on-the-hook-bead-pb-products\/\"]}]}]}<\/script>\n<!-- \/ Yoast SEO plugin. -->","_links":{"self":[{"href":"https:\/\/www.pescafish.it\/new\/wp-json\/wp\/v2\/product\/100802"}],"collection":[{"href":"https:\/\/www.pescafish.it\/new\/wp-json\/wp\/v2\/product"}],"about":[{"href":"https:\/\/www.pescafish.it\/new\/wp-json\/wp\/v2\/types\/product"}],"replies":[{"embeddable":true,"href":"https:\/\/www.pescafish.it\/new\/wp-json\/wp\/v2\/comments?post=100802"}],"wp:featuredmedia":[{"embeddable":true,"href":"https:\/\/www.pescafish.it\/new\/wp-json\/wp\/v2\/media\/100806"}],"wp:attachment":[{"href":"https:\/\/www.pescafish.it\/new\/wp-json\/wp\/v2\/media?parent=100802"}],"wp:term":[{"taxonomy":"product_cat","embeddable":true,"href":"https:\/\/www.pescafish.it\/new\/wp-json\/wp\/v2\/product_cat?post=100802"},{"taxonomy":"product_tag","embeddable":true,"href":"https:\/\/www.pescafish.it\/new\/wp-json\/wp\/v2\/product_tag?post=100802"}],"curies":[{"name":"wp","href":"https:\/\/api.w.org\/{rel}","templated":true}]}}