{"id":100749,"date":"2024-12-03T19:22:01","date_gmt":"2024-12-03T18:22:01","guid":{"rendered":"https:\/\/www.pescafish.it\/new\/?post_type=product&#038;p=100749"},"modified":"2024-12-03T19:22:01","modified_gmt":"2024-12-03T18:22:01","slug":"stopwatch-preston-innovations","status":"publish","type":"product","link":"https:\/\/www.pescafish.it\/new\/prodotto\/stopwatch-preston-innovations\/","title":{"rendered":"Stopwatch &#8211; Preston Innovations"},"content":{"rendered":"<p>Il cronometro Offbox \u00e8 un articolo indispensabile per il pescatore agonista, infatti grazie alle sue funzioni \u00e8 possibile cronometrare la durata di attesa nella disciplina del Feeder e del Free Style Method Feeder o semplicemente controllare il tempo rimanente prima del suono di fine gara tramite la funzione orologio.<br \/>\nFornito con un giunto Snaplok da 36 mm, il cronometro Offbox pu\u00f2 essere posizionato su qualsiasi gamba del panchetto, consentendo la massima facilit\u00e0 d&#8217;uso. Il supporto viene fornito con un inserto da 30mm.<\/p>\n<p><strong>Istruzioni<\/strong><br \/>\nFunzione cronometro. Tramite il pulsante Modalit\u00e0 settate la funzione Cronometro, il timer pu\u00f2 essere avviato e arrestato utilizzando il pulsante di avvio\/arresto e ripristinato utilizzando quello di ripristino.<br \/>\nFunzione tempo. Per regolare l\u2019ora premere mode tre volte in modalit\u00e0 orologio per accedere alla modalit\u00e0 di impostazione dell&#8217;ora. \u00c8 quindi possibile regolare i secondi, i minuti e le ore, utilizzando il pulsante start\/stop e quello Reset dopo aver confermato ciascuno di essi.<\/p>\n","protected":false},"excerpt":{"rendered":"<p>Il cronometro Offbox \u00e8 un articolo indispensabile per il pescatore agonista, infatti grazie alle sue funzioni \u00e8 possibile cronometrare la durata di attesa nella disciplina del Feeder e del Free Style Method Feeder o semplicemente controllare il tempo rimanente prima del suono di fine gara tramite la funzione orologio. Fornito con un giunto Snaplok da [&hellip;]<\/p>\n","protected":false},"featured_media":100750,"comment_status":"closed","ping_status":"closed","template":"","meta":[],"product_cat":[180],"product_tag":[1020],"yoast_head":"<!-- This site is optimized with the Yoast SEO plugin v15.3 - https:\/\/yoast.com\/wordpress\/plugins\/seo\/ -->\n<title>Stopwatch - Preston Innovations - Pesca Fish<\/title>\n<meta name=\"robots\" content=\"index, follow, max-snippet:-1, max-image-preview:large, max-video-preview:-1\" \/>\n<link rel=\"canonical\" href=\"https:\/\/www.pescafish.it\/new\/prodotto\/stopwatch-preston-innovations\/\" \/>\n<meta property=\"og:locale\" content=\"it_IT\" \/>\n<meta property=\"og:type\" content=\"article\" \/>\n<meta property=\"og:title\" content=\"Stopwatch - Preston Innovations - Pesca Fish\" \/>\n<meta property=\"og:description\" content=\"Il cronometro Offbox \u00e8 un articolo indispensabile per il pescatore agonista, infatti grazie alle sue funzioni \u00e8 possibile cronometrare la durata di attesa nella disciplina del Feeder e del Free Style Method Feeder o semplicemente controllare il tempo rimanente prima del suono di fine gara tramite la funzione orologio. Fornito con un giunto Snaplok da [&hellip;]\" \/>\n<meta property=\"og:url\" content=\"https:\/\/www.pescafish.it\/new\/prodotto\/stopwatch-preston-innovations\/\" \/>\n<meta property=\"og:site_name\" content=\"Pesca Fish\" \/>\n<meta property=\"article:publisher\" content=\"https:\/\/www.facebook.com\/pescafishvr\/\" \/>\n<meta property=\"og:image\" content=\"https:\/\/www.pescafish.it\/new\/wp-content\/uploads\/2024\/12\/stopwatch.jpg\" \/>\n\t<meta property=\"og:image:width\" content=\"1000\" \/>\n\t<meta property=\"og:image:height\" content=\"1000\" \/>\n<meta name=\"twitter:card\" content=\"summary_large_image\" \/>\n<meta name=\"twitter:label1\" content=\"Scritto da\">\n\t<meta name=\"twitter:data1\" content=\"francesca\">\n\t<meta name=\"twitter:label2\" content=\"Tempo di lettura stimato\">\n\t<meta name=\"twitter:data2\" content=\"1 minuto\">\n<script type=\"application\/ld+json\" class=\"yoast-schema-graph\">{\"@context\":\"https:\/\/schema.org\",\"@graph\":[{\"@type\":\"WebSite\",\"@id\":\"https:\/\/www.pescafish.it\/new\/#website\",\"url\":\"https:\/\/www.pescafish.it\/new\/\",\"name\":\"Pesca Fish\",\"description\":\"Benvenuti sul nostro sito!\",\"potentialAction\":[{\"@type\":\"SearchAction\",\"target\":\"https:\/\/www.pescafish.it\/new\/?s={search_term_string}\",\"query-input\":\"required name=search_term_string\"}],\"inLanguage\":\"it-IT\"},{\"@type\":\"ImageObject\",\"@id\":\"https:\/\/www.pescafish.it\/new\/prodotto\/stopwatch-preston-innovations\/#primaryimage\",\"inLanguage\":\"it-IT\",\"url\":\"https:\/\/www.pescafish.it\/new\/wp-content\/uploads\/2024\/12\/stopwatch.jpg\",\"width\":1000,\"height\":1000,\"caption\":\"stopwatch preston innovations\"},{\"@type\":\"WebPage\",\"@id\":\"https:\/\/www.pescafish.it\/new\/prodotto\/stopwatch-preston-innovations\/#webpage\",\"url\":\"https:\/\/www.pescafish.it\/new\/prodotto\/stopwatch-preston-innovations\/\",\"name\":\"Stopwatch - Preston Innovations - Pesca Fish\",\"isPartOf\":{\"@id\":\"https:\/\/www.pescafish.it\/new\/#website\"},\"primaryImageOfPage\":{\"@id\":\"https:\/\/www.pescafish.it\/new\/prodotto\/stopwatch-preston-innovations\/#primaryimage\"},\"datePublished\":\"2024-12-03T18:22:01+00:00\",\"dateModified\":\"2024-12-03T18:22:01+00:00\",\"inLanguage\":\"it-IT\",\"potentialAction\":[{\"@type\":\"ReadAction\",\"target\":[\"https:\/\/www.pescafish.it\/new\/prodotto\/stopwatch-preston-innovations\/\"]}]}]}<\/script>\n<!-- \/ Yoast SEO plugin. -->","_links":{"self":[{"href":"https:\/\/www.pescafish.it\/new\/wp-json\/wp\/v2\/product\/100749"}],"collection":[{"href":"https:\/\/www.pescafish.it\/new\/wp-json\/wp\/v2\/product"}],"about":[{"href":"https:\/\/www.pescafish.it\/new\/wp-json\/wp\/v2\/types\/product"}],"replies":[{"embeddable":true,"href":"https:\/\/www.pescafish.it\/new\/wp-json\/wp\/v2\/comments?post=100749"}],"wp:featuredmedia":[{"embeddable":true,"href":"https:\/\/www.pescafish.it\/new\/wp-json\/wp\/v2\/media\/100750"}],"wp:attachment":[{"href":"https:\/\/www.pescafish.it\/new\/wp-json\/wp\/v2\/media?parent=100749"}],"wp:term":[{"taxonomy":"product_cat","embeddable":true,"href":"https:\/\/www.pescafish.it\/new\/wp-json\/wp\/v2\/product_cat?post=100749"},{"taxonomy":"product_tag","embeddable":true,"href":"https:\/\/www.pescafish.it\/new\/wp-json\/wp\/v2\/product_tag?post=100749"}],"curies":[{"name":"wp","href":"https:\/\/api.w.org\/{rel}","templated":true}]}}