{"id":100661,"date":"2024-11-26T09:17:13","date_gmt":"2024-11-26T08:17:13","guid":{"rendered":"https:\/\/www.pescafish.it\/new\/?post_type=product&#038;p=100661"},"modified":"2026-02-08T11:28:40","modified_gmt":"2026-02-08T10:28:40","slug":"canna-supera-x-superlight-feeder-preston-innovations","status":"publish","type":"product","link":"https:\/\/www.pescafish.it\/new\/prodotto\/canna-supera-x-superlight-feeder-preston-innovations\/","title":{"rendered":"Canna Supera X SuperLight Feeder &#8211; Preston Innovations"},"content":{"rendered":"<p>Basate sull&#8217;enorme successo della gamma di canne Supera X, le versioni Superlight offrono un&#8217;altra opzione per coloro che desiderano una canna ad azione morbida. Utilizzando la tecnologia X Wrap, i grezzi di tutte le canne hanno un diametro eccezionalmente sottile e splendidamente bilanciato che culmina in una gamma di canne semplicemente fantastiche da usare.<br \/>\nTutti i modelli della gamma sono caratterizzati da azioni progressiva morbida, perfetta per catturare specie pi\u00f9 piccole o per affrontare situazioni in cui sono richiesti terminali pi\u00f9 fini. Adatta per l&#8217;uso sia con lenze trecciate che con monofilo, questa gamma epica di canne ti metter\u00e0 a tuo agio in qualsiasi luogo.<br \/>\nTra le innovazioni troverete anche le vette a bassa conicit\u00e0, che offrono un rilevamento eccezionale delle mangiate anche in condizioni meteo avverse.<\/p>\n<p><strong>Disponibile nei seguenti modelli:<\/strong><\/p>\n<p><strong>P0070063<\/strong>\u00a0 <span style=\"text-decoration: underline;\"><strong>10ft<\/strong>:<\/span> (Potenza 30gr; Peso: 137gr; Ingombro: 157cm) Il modello pi\u00f9 corto della gamma, questa canna \u00e8 adatta a distanze di lancio fino a 40 m. Perfetta sia in ambienti naturali che commerciali, questo modello \u00e8 ideale per catturare piccoli pesci a distanza ravvicinata e anche come canna invernale da feeder\/method per acque commerciali, dove \u00e8 necessaria una canna ad azione morbida per gestire terminali super sottili.<\/p>\n<p><strong>P0070064<\/strong>\u00a0 <span style=\"text-decoration: underline;\"><strong>11ft<\/strong>:<\/span> (Potenza 35gr; Peso: 142gr; Ingombro: 172cm) Canna progettata per coprire distanze tra 40 e 50 m, questo modello \u00e8 la scelta perfetta quando l&#8217;obiettivo sono specie come carassi, skimmer e breme. Dotata di un&#8217;azione progressiva meravigliosamente morbida ammortizza tutti gli affondi dei pesci durante la loro cattura, prevenendo le fastidiose slamature e la conseguente perdita del pesce.<\/p>\n<p><strong>P0070065<\/strong>\u00a0 <span style=\"text-decoration: underline;\"><strong>12ft<\/strong>:<\/span> (Potenza 40gr; Peso: 171gr; Ingombro: 127cm) Una delle canne preferite da Lee Kerry, questo modello copre un ampio numero di scenari ed \u00e8 il vero tuttofare della gamma. Capace di lanciare a una distanza superiore a 50 m, possiede ancora quella bellissima azione morbida pur avendo abbastanza potenza per lanciare il feeder con facilit\u00e0.<\/p>\n","protected":false},"excerpt":{"rendered":"<p>Basate sull&#8217;enorme successo della gamma di canne Supera X, le versioni Superlight offrono un&#8217;altra opzione per coloro che desiderano una canna ad azione morbida. Utilizzando la tecnologia X Wrap, i grezzi di tutte le canne hanno un diametro eccezionalmente sottile e splendidamente bilanciato che culmina in una gamma di canne semplicemente fantastiche da usare. Tutti [&hellip;]<\/p>\n","protected":false},"featured_media":100662,"comment_status":"closed","ping_status":"closed","template":"","meta":[],"product_cat":[317],"product_tag":[1020],"yoast_head":"<!-- This site is optimized with the Yoast SEO plugin v15.3 - https:\/\/yoast.com\/wordpress\/plugins\/seo\/ -->\n<title>Canna Supera X SuperLight Feeder - Preston Innovations - Pesca Fish<\/title>\n<meta name=\"robots\" content=\"index, follow, max-snippet:-1, max-image-preview:large, max-video-preview:-1\" \/>\n<link rel=\"canonical\" href=\"https:\/\/www.pescafish.it\/new\/prodotto\/canna-supera-x-superlight-feeder-preston-innovations\/\" \/>\n<meta property=\"og:locale\" content=\"it_IT\" \/>\n<meta property=\"og:type\" content=\"article\" \/>\n<meta property=\"og:title\" content=\"Canna Supera X SuperLight Feeder - Preston Innovations - Pesca Fish\" \/>\n<meta property=\"og:description\" content=\"Basate sull&#8217;enorme successo della gamma di canne Supera X, le versioni Superlight offrono un&#8217;altra opzione per coloro che desiderano una canna ad azione morbida. Utilizzando la tecnologia X Wrap, i grezzi di tutte le canne hanno un diametro eccezionalmente sottile e splendidamente bilanciato che culmina in una gamma di canne semplicemente fantastiche da usare. Tutti [&hellip;]\" \/>\n<meta property=\"og:url\" content=\"https:\/\/www.pescafish.it\/new\/prodotto\/canna-supera-x-superlight-feeder-preston-innovations\/\" \/>\n<meta property=\"og:site_name\" content=\"Pesca Fish\" \/>\n<meta property=\"article:publisher\" content=\"https:\/\/www.facebook.com\/pescafishvr\/\" \/>\n<meta property=\"article:modified_time\" content=\"2026-02-08T10:28:40+00:00\" \/>\n<meta property=\"og:image\" content=\"https:\/\/www.pescafish.it\/new\/wp-content\/uploads\/2024\/11\/supera-x-superlight-feeder.jpg\" \/>\n\t<meta property=\"og:image:width\" content=\"1000\" \/>\n\t<meta property=\"og:image:height\" content=\"1000\" \/>\n<meta name=\"twitter:card\" content=\"summary_large_image\" \/>\n<meta name=\"twitter:label1\" content=\"Scritto da\">\n\t<meta name=\"twitter:data1\" content=\"francesca\">\n\t<meta name=\"twitter:label2\" content=\"Tempo di lettura stimato\">\n\t<meta name=\"twitter:data2\" content=\"1 minuto\">\n<script type=\"application\/ld+json\" class=\"yoast-schema-graph\">{\"@context\":\"https:\/\/schema.org\",\"@graph\":[{\"@type\":\"WebSite\",\"@id\":\"https:\/\/www.pescafish.it\/new\/#website\",\"url\":\"https:\/\/www.pescafish.it\/new\/\",\"name\":\"Pesca Fish\",\"description\":\"Benvenuti sul nostro sito!\",\"potentialAction\":[{\"@type\":\"SearchAction\",\"target\":\"https:\/\/www.pescafish.it\/new\/?s={search_term_string}\",\"query-input\":\"required name=search_term_string\"}],\"inLanguage\":\"it-IT\"},{\"@type\":\"ImageObject\",\"@id\":\"https:\/\/www.pescafish.it\/new\/prodotto\/canna-supera-x-superlight-feeder-preston-innovations\/#primaryimage\",\"inLanguage\":\"it-IT\",\"url\":\"https:\/\/www.pescafish.it\/new\/wp-content\/uploads\/2024\/11\/supera-x-superlight-feeder.jpg\",\"width\":1000,\"height\":1000,\"caption\":\"supera x superlight feeder preston innovations\"},{\"@type\":\"WebPage\",\"@id\":\"https:\/\/www.pescafish.it\/new\/prodotto\/canna-supera-x-superlight-feeder-preston-innovations\/#webpage\",\"url\":\"https:\/\/www.pescafish.it\/new\/prodotto\/canna-supera-x-superlight-feeder-preston-innovations\/\",\"name\":\"Canna Supera X SuperLight Feeder - Preston Innovations - Pesca Fish\",\"isPartOf\":{\"@id\":\"https:\/\/www.pescafish.it\/new\/#website\"},\"primaryImageOfPage\":{\"@id\":\"https:\/\/www.pescafish.it\/new\/prodotto\/canna-supera-x-superlight-feeder-preston-innovations\/#primaryimage\"},\"datePublished\":\"2024-11-26T08:17:13+00:00\",\"dateModified\":\"2026-02-08T10:28:40+00:00\",\"inLanguage\":\"it-IT\",\"potentialAction\":[{\"@type\":\"ReadAction\",\"target\":[\"https:\/\/www.pescafish.it\/new\/prodotto\/canna-supera-x-superlight-feeder-preston-innovations\/\"]}]}]}<\/script>\n<!-- \/ Yoast SEO plugin. -->","_links":{"self":[{"href":"https:\/\/www.pescafish.it\/new\/wp-json\/wp\/v2\/product\/100661"}],"collection":[{"href":"https:\/\/www.pescafish.it\/new\/wp-json\/wp\/v2\/product"}],"about":[{"href":"https:\/\/www.pescafish.it\/new\/wp-json\/wp\/v2\/types\/product"}],"replies":[{"embeddable":true,"href":"https:\/\/www.pescafish.it\/new\/wp-json\/wp\/v2\/comments?post=100661"}],"wp:featuredmedia":[{"embeddable":true,"href":"https:\/\/www.pescafish.it\/new\/wp-json\/wp\/v2\/media\/100662"}],"wp:attachment":[{"href":"https:\/\/www.pescafish.it\/new\/wp-json\/wp\/v2\/media?parent=100661"}],"wp:term":[{"taxonomy":"product_cat","embeddable":true,"href":"https:\/\/www.pescafish.it\/new\/wp-json\/wp\/v2\/product_cat?post=100661"},{"taxonomy":"product_tag","embeddable":true,"href":"https:\/\/www.pescafish.it\/new\/wp-json\/wp\/v2\/product_tag?post=100661"}],"curies":[{"name":"wp","href":"https:\/\/api.w.org\/{rel}","templated":true}]}}