{"id":100526,"date":"2024-11-12T09:51:16","date_gmt":"2024-11-12T08:51:16","guid":{"rendered":"https:\/\/www.pescafish.it\/new\/?post_type=product&#038;p=100526"},"modified":"2025-11-06T10:01:05","modified_gmt":"2025-11-06T09:01:05","slug":"solidz-inline-leads-korda","status":"publish","type":"product","link":"https:\/\/www.pescafish.it\/new\/prodotto\/solidz-inline-leads-korda\/","title":{"rendered":"Solidz Inline Leads &#8211; Korda"},"content":{"rendered":"<h2>Solidz Inline Leads<\/h2>\n<p>Il design di questi Solidz Inline Leads \u00e8 stato attentamente studiato per adattarsi perfettamente a un sacchetto in PVA solido, ottimizzando lo spazio all&#8217;interno del sacchetto e attorno al piombo.<\/p>\n<p>Una scanalatura corre lungo l&#8217;esterno del piombo, consentendo ai terminali\/leadcore di appoggiarsi piatti sulla sua superficie. Questa caratteristica di design facilita l&#8217;espulsione rapida e pulita del piombo quando si pesca in stile &#8220;drop off&#8221;.<\/p>\n<p>La girella \u00e8 posizionata strategicamente vicino al centro di massa del piombo, per migliorare l&#8217;efficienza dell&#8217;aggancio. Questa posizione sfrutta la parte pi\u00f9 pesante del piombo, con conseguenti prelievi pi\u00f9 efficaci e affidabili.<\/p>\n<p>Il piombo Solidz \u00e8 fornito con un inserto rigido, che pu\u00f2 essere sostituito da una guaina shockleader pi\u00f9 morbida, se preferito.<\/p>\n<p>I piombi dedicati per sacchetti in PVA porteranno il tuo lavoro con i sacchetti a un livello superiore, non solo dandoti la possibilit\u00e0 di legare sacchetti molto pi\u00f9 stretti e compatti, ma anche migliorando il tuo rapporto di pesci allamati.<\/p>\n<p>I piombi Solidz Inline sono disponibili in un&#8217;ampia gamma di pesi per adattarsi a vari scenari di pesca. Le opzioni pi\u00f9 leggere da 2oz, 2.5oz e 3oz sono perfette per un approccio pi\u00f9 delicato. Per lanciare piccole borse compatte su lunghe distanze o usare borse pi\u00f9 grandi, prendi in considerazione le versioni di fascia media da 3.5oz, 4oz e 5oz. I piombi pi\u00f9 pesanti, da 6oz e 8oz, sono progettati specificamente per la pesca in barca a distanze estese. Questi forniscono un potenziale di aggancio ottimale mantenendo la stabilit\u00e0 durante il recupero.<\/p>\n<p><strong>Disponibile nelle seguenti varianti:<\/strong><br \/>\n<strong>SOL2<\/strong>\u00a0 2oz \/ 56gr<br \/>\n<strong>SOL25<\/strong>\u00a0 2.5oz \/ 70gr<br \/>\n<strong>SOL3<\/strong>\u00a0 3oz \/ 84gr<br \/>\n<strong>SOL35<\/strong>\u00a0 3.5oz \/ 98gr<\/p>\n","protected":false},"excerpt":{"rendered":"<p>Solidz Inline Leads Il design di questi Solidz Inline Leads \u00e8 stato attentamente studiato per adattarsi perfettamente a un sacchetto in PVA solido, ottimizzando lo spazio all&#8217;interno del sacchetto e attorno al piombo. Una scanalatura corre lungo l&#8217;esterno del piombo, consentendo ai terminali\/leadcore di appoggiarsi piatti sulla sua superficie. Questa caratteristica di design facilita l&#8217;espulsione [&hellip;]<\/p>\n","protected":false},"featured_media":100528,"comment_status":"closed","ping_status":"closed","template":"","meta":[],"product_cat":[1173],"product_tag":[1018],"yoast_head":"<!-- This site is optimized with the Yoast SEO plugin v15.3 - https:\/\/yoast.com\/wordpress\/plugins\/seo\/ -->\n<title>Solidz Inline Leads - Korda - Pesca Fish<\/title>\n<meta name=\"robots\" content=\"index, follow, max-snippet:-1, max-image-preview:large, max-video-preview:-1\" \/>\n<link rel=\"canonical\" href=\"https:\/\/www.pescafish.it\/new\/prodotto\/solidz-inline-leads-korda\/\" \/>\n<meta property=\"og:locale\" content=\"it_IT\" \/>\n<meta property=\"og:type\" content=\"article\" \/>\n<meta property=\"og:title\" content=\"Solidz Inline Leads - Korda - Pesca Fish\" \/>\n<meta property=\"og:description\" content=\"Solidz Inline Leads Il design di questi Solidz Inline Leads \u00e8 stato attentamente studiato per adattarsi perfettamente a un sacchetto in PVA solido, ottimizzando lo spazio all&#8217;interno del sacchetto e attorno al piombo. Una scanalatura corre lungo l&#8217;esterno del piombo, consentendo ai terminali\/leadcore di appoggiarsi piatti sulla sua superficie. Questa caratteristica di design facilita l&#8217;espulsione [&hellip;]\" \/>\n<meta property=\"og:url\" content=\"https:\/\/www.pescafish.it\/new\/prodotto\/solidz-inline-leads-korda\/\" \/>\n<meta property=\"og:site_name\" content=\"Pesca Fish\" \/>\n<meta property=\"article:publisher\" content=\"https:\/\/www.facebook.com\/pescafishvr\/\" \/>\n<meta property=\"article:modified_time\" content=\"2025-11-06T09:01:05+00:00\" \/>\n<meta property=\"og:image\" content=\"https:\/\/www.pescafish.it\/new\/wp-content\/uploads\/2024\/11\/sol.jpg\" \/>\n\t<meta property=\"og:image:width\" content=\"794\" \/>\n\t<meta property=\"og:image:height\" content=\"794\" \/>\n<meta name=\"twitter:card\" content=\"summary_large_image\" \/>\n<meta name=\"twitter:label1\" content=\"Scritto da\">\n\t<meta name=\"twitter:data1\" content=\"francesca\">\n\t<meta name=\"twitter:label2\" content=\"Tempo di lettura stimato\">\n\t<meta name=\"twitter:data2\" content=\"1 minuto\">\n<script type=\"application\/ld+json\" class=\"yoast-schema-graph\">{\"@context\":\"https:\/\/schema.org\",\"@graph\":[{\"@type\":\"WebSite\",\"@id\":\"https:\/\/www.pescafish.it\/new\/#website\",\"url\":\"https:\/\/www.pescafish.it\/new\/\",\"name\":\"Pesca Fish\",\"description\":\"Benvenuti sul nostro sito!\",\"potentialAction\":[{\"@type\":\"SearchAction\",\"target\":\"https:\/\/www.pescafish.it\/new\/?s={search_term_string}\",\"query-input\":\"required name=search_term_string\"}],\"inLanguage\":\"it-IT\"},{\"@type\":\"ImageObject\",\"@id\":\"https:\/\/www.pescafish.it\/new\/prodotto\/solidz-inline-leads-korda\/#primaryimage\",\"inLanguage\":\"it-IT\",\"url\":\"https:\/\/www.pescafish.it\/new\/wp-content\/uploads\/2024\/11\/sol.jpg\",\"width\":794,\"height\":794,\"caption\":\"Korda\"},{\"@type\":\"WebPage\",\"@id\":\"https:\/\/www.pescafish.it\/new\/prodotto\/solidz-inline-leads-korda\/#webpage\",\"url\":\"https:\/\/www.pescafish.it\/new\/prodotto\/solidz-inline-leads-korda\/\",\"name\":\"Solidz Inline Leads - Korda - Pesca Fish\",\"isPartOf\":{\"@id\":\"https:\/\/www.pescafish.it\/new\/#website\"},\"primaryImageOfPage\":{\"@id\":\"https:\/\/www.pescafish.it\/new\/prodotto\/solidz-inline-leads-korda\/#primaryimage\"},\"datePublished\":\"2024-11-12T08:51:16+00:00\",\"dateModified\":\"2025-11-06T09:01:05+00:00\",\"inLanguage\":\"it-IT\",\"potentialAction\":[{\"@type\":\"ReadAction\",\"target\":[\"https:\/\/www.pescafish.it\/new\/prodotto\/solidz-inline-leads-korda\/\"]}]}]}<\/script>\n<!-- \/ Yoast SEO plugin. -->","_links":{"self":[{"href":"https:\/\/www.pescafish.it\/new\/wp-json\/wp\/v2\/product\/100526"}],"collection":[{"href":"https:\/\/www.pescafish.it\/new\/wp-json\/wp\/v2\/product"}],"about":[{"href":"https:\/\/www.pescafish.it\/new\/wp-json\/wp\/v2\/types\/product"}],"replies":[{"embeddable":true,"href":"https:\/\/www.pescafish.it\/new\/wp-json\/wp\/v2\/comments?post=100526"}],"wp:featuredmedia":[{"embeddable":true,"href":"https:\/\/www.pescafish.it\/new\/wp-json\/wp\/v2\/media\/100528"}],"wp:attachment":[{"href":"https:\/\/www.pescafish.it\/new\/wp-json\/wp\/v2\/media?parent=100526"}],"wp:term":[{"taxonomy":"product_cat","embeddable":true,"href":"https:\/\/www.pescafish.it\/new\/wp-json\/wp\/v2\/product_cat?post=100526"},{"taxonomy":"product_tag","embeddable":true,"href":"https:\/\/www.pescafish.it\/new\/wp-json\/wp\/v2\/product_tag?post=100526"}],"curies":[{"name":"wp","href":"https:\/\/api.w.org\/{rel}","templated":true}]}}