{"id":100521,"date":"2024-11-12T09:39:25","date_gmt":"2024-11-12T08:39:25","guid":{"rendered":"https:\/\/www.pescafish.it\/new\/?post_type=product&#038;p=100521"},"modified":"2024-11-12T09:39:25","modified_gmt":"2024-11-12T08:39:25","slug":"kaizen-green-net-42in-korda","status":"publish","type":"product","link":"https:\/\/www.pescafish.it\/new\/prodotto\/kaizen-green-net-42in-korda\/","title":{"rendered":"Kaizen Green Net 42in\u00a0&#8211; Korda"},"content":{"rendered":"<h2>Kaizen Green Net 42in<\/h2>\n<p>Il guadino Kaizen Green \u00e8 stato sviluppato sulla base dell&#8217;incredibile guadino Spring Bow, mantenendo la qualit\u00e0 e il prezzo competitivo che ci si aspetta dalla gamma Kaizen Green.<\/p>\n<p>Realizzato in fibra di carbonio ultraleggera, questo guadino presenta un manico da 6 piedi con un design a cono inverso. La costruzione innovativa garantisce una rigidit\u00e0 eccezionale, consentendo una cattura rapida e precisa del pesce. Per migliorare la versatilit\u00e0, abbiamo integrato un picchetto in acciaio inossidabile, che consente di ancorare saldamente il guadino al fondale del lago per una maggiore stabilit\u00e0.<\/p>\n<p>Progettato ingegnosamente con componenti robusti ma leggeri, il guadino Kaizen Green Net vanta una galleggiabilit\u00e0 intrinseca. Questo design intelligente elimina la necessit\u00e0 di un galleggiante aggiuntivo. Basta posizionare il guadino sulla superficie dell&#8217;acqua, dove rimarr\u00e0 a galla fino a quando non si \u00e8 pronti a catturare il pesce.<\/p>\n<p>Il guadino presenta anche un robusto blocco di distribuzione stampato a iniezione con un inserto in alluminio che garantisce una durata superiore. Inoltre, c&#8217;\u00e8 una fessura sul blocco di distribuzione che si adatta a un Mini Stow-Lite (non incluso) che consente di individuare il guadino al buio.<\/p>\n<p>Il Kaizen Green Net \u00e8 rifinito in un elegante nero opaco con marchio Korda verde in linea con le canne Kaizen e fornito in una custodia in nylon di alta qualit\u00e0 con marchio Korda. Abbinato a una maglia di rete bassa da 42 pollici, questo guadino unisce funzionalit\u00e0 e stile, rendendolo l&#8217;aggiunta perfetta alla gamma Kaizen Green.<\/p>\n","protected":false},"excerpt":{"rendered":"<p>Kaizen Green Net 42in Il guadino Kaizen Green \u00e8 stato sviluppato sulla base dell&#8217;incredibile guadino Spring Bow, mantenendo la qualit\u00e0 e il prezzo competitivo che ci si aspetta dalla gamma Kaizen Green. Realizzato in fibra di carbonio ultraleggera, questo guadino presenta un manico da 6 piedi con un design a cono inverso. La costruzione innovativa [&hellip;]<\/p>\n","protected":false},"featured_media":100522,"comment_status":"closed","ping_status":"closed","template":"","meta":[],"product_cat":[410],"product_tag":[1018],"yoast_head":"<!-- This site is optimized with the Yoast SEO plugin v15.3 - https:\/\/yoast.com\/wordpress\/plugins\/seo\/ -->\n<title>Kaizen Green Net 42in\u00a0- Korda - Pesca Fish<\/title>\n<meta name=\"robots\" content=\"index, follow, max-snippet:-1, max-image-preview:large, max-video-preview:-1\" \/>\n<link rel=\"canonical\" href=\"https:\/\/www.pescafish.it\/new\/prodotto\/kaizen-green-net-42in-korda\/\" \/>\n<meta property=\"og:locale\" content=\"it_IT\" \/>\n<meta property=\"og:type\" content=\"article\" \/>\n<meta property=\"og:title\" content=\"Kaizen Green Net 42in\u00a0- Korda - Pesca Fish\" \/>\n<meta property=\"og:description\" content=\"Kaizen Green Net 42in Il guadino Kaizen Green \u00e8 stato sviluppato sulla base dell&#8217;incredibile guadino Spring Bow, mantenendo la qualit\u00e0 e il prezzo competitivo che ci si aspetta dalla gamma Kaizen Green. Realizzato in fibra di carbonio ultraleggera, questo guadino presenta un manico da 6 piedi con un design a cono inverso. La costruzione innovativa [&hellip;]\" \/>\n<meta property=\"og:url\" content=\"https:\/\/www.pescafish.it\/new\/prodotto\/kaizen-green-net-42in-korda\/\" \/>\n<meta property=\"og:site_name\" content=\"Pesca Fish\" \/>\n<meta property=\"article:publisher\" content=\"https:\/\/www.facebook.com\/pescafishvr\/\" \/>\n<meta property=\"og:image\" content=\"https:\/\/www.pescafish.it\/new\/wp-content\/uploads\/2024\/11\/1.jpg\" \/>\n\t<meta property=\"og:image:width\" content=\"794\" \/>\n\t<meta property=\"og:image:height\" content=\"794\" \/>\n<meta name=\"twitter:card\" content=\"summary_large_image\" \/>\n<meta name=\"twitter:label1\" content=\"Scritto da\">\n\t<meta name=\"twitter:data1\" content=\"francesca\">\n\t<meta name=\"twitter:label2\" content=\"Tempo di lettura stimato\">\n\t<meta name=\"twitter:data2\" content=\"1 minuto\">\n<script type=\"application\/ld+json\" class=\"yoast-schema-graph\">{\"@context\":\"https:\/\/schema.org\",\"@graph\":[{\"@type\":\"WebSite\",\"@id\":\"https:\/\/www.pescafish.it\/new\/#website\",\"url\":\"https:\/\/www.pescafish.it\/new\/\",\"name\":\"Pesca Fish\",\"description\":\"Benvenuti sul nostro sito!\",\"potentialAction\":[{\"@type\":\"SearchAction\",\"target\":\"https:\/\/www.pescafish.it\/new\/?s={search_term_string}\",\"query-input\":\"required name=search_term_string\"}],\"inLanguage\":\"it-IT\"},{\"@type\":\"ImageObject\",\"@id\":\"https:\/\/www.pescafish.it\/new\/prodotto\/kaizen-green-net-42in-korda\/#primaryimage\",\"inLanguage\":\"it-IT\",\"url\":\"https:\/\/www.pescafish.it\/new\/wp-content\/uploads\/2024\/11\/1.jpg\",\"width\":794,\"height\":794,\"caption\":\"Korda\"},{\"@type\":\"WebPage\",\"@id\":\"https:\/\/www.pescafish.it\/new\/prodotto\/kaizen-green-net-42in-korda\/#webpage\",\"url\":\"https:\/\/www.pescafish.it\/new\/prodotto\/kaizen-green-net-42in-korda\/\",\"name\":\"Kaizen Green Net 42in\\u00a0- Korda - Pesca Fish\",\"isPartOf\":{\"@id\":\"https:\/\/www.pescafish.it\/new\/#website\"},\"primaryImageOfPage\":{\"@id\":\"https:\/\/www.pescafish.it\/new\/prodotto\/kaizen-green-net-42in-korda\/#primaryimage\"},\"datePublished\":\"2024-11-12T08:39:25+00:00\",\"dateModified\":\"2024-11-12T08:39:25+00:00\",\"inLanguage\":\"it-IT\",\"potentialAction\":[{\"@type\":\"ReadAction\",\"target\":[\"https:\/\/www.pescafish.it\/new\/prodotto\/kaizen-green-net-42in-korda\/\"]}]}]}<\/script>\n<!-- \/ Yoast SEO plugin. -->","_links":{"self":[{"href":"https:\/\/www.pescafish.it\/new\/wp-json\/wp\/v2\/product\/100521"}],"collection":[{"href":"https:\/\/www.pescafish.it\/new\/wp-json\/wp\/v2\/product"}],"about":[{"href":"https:\/\/www.pescafish.it\/new\/wp-json\/wp\/v2\/types\/product"}],"replies":[{"embeddable":true,"href":"https:\/\/www.pescafish.it\/new\/wp-json\/wp\/v2\/comments?post=100521"}],"wp:featuredmedia":[{"embeddable":true,"href":"https:\/\/www.pescafish.it\/new\/wp-json\/wp\/v2\/media\/100522"}],"wp:attachment":[{"href":"https:\/\/www.pescafish.it\/new\/wp-json\/wp\/v2\/media?parent=100521"}],"wp:term":[{"taxonomy":"product_cat","embeddable":true,"href":"https:\/\/www.pescafish.it\/new\/wp-json\/wp\/v2\/product_cat?post=100521"},{"taxonomy":"product_tag","embeddable":true,"href":"https:\/\/www.pescafish.it\/new\/wp-json\/wp\/v2\/product_tag?post=100521"}],"curies":[{"name":"wp","href":"https:\/\/api.w.org\/{rel}","templated":true}]}}