{"id":100478,"date":"2024-11-09T09:42:13","date_gmt":"2024-11-09T08:42:13","guid":{"rendered":"https:\/\/www.pescafish.it\/new\/?post_type=product&#038;p=100478"},"modified":"2025-12-17T17:13:27","modified_gmt":"2025-12-17T16:13:27","slug":"canna-tribal-tx-ultra-a-13ft-350lb-int-shimano","status":"publish","type":"product","link":"https:\/\/www.pescafish.it\/new\/prodotto\/canna-tribal-tx-ultra-a-13ft-350lb-int-shimano\/","title":{"rendered":"Canna Tribal TX-Ultra A 13ft 3,50lb INT\u00a0&#8211; Shimano"},"content":{"rendered":"<h2 class=\"name ng-star-inserted\">Canna Tribal TX-Ultra A 13ft 3,50lb INT<\/h2>\n<p>La Tribal TX Ultra \u00e8 un esempio straordinario di ingegneria avanzata nella realizzazion delle canne. Le impareggiabili prestazioni di lancio, ottenute grazie alla combinazione di tre esclusive tecnologie Shimano, unite alle eccellenti caratteristiche di combattimento con i pesci, fanno di questa gamma la scelta ideale per i pescatori che ricercano la massima distanza di lancio senza compromessi.<br \/>\nSe state cercando la canna da pesca da lunga distanza per eccellenza, non troverete niente di meglio della TX Ultra. Questa \u00e8 la canna che vi permetter\u00e0 di raggiungere distanze che un tempo ritenevate impossibili, con una precisione che massimizza la vostra tecnica. Il design futuristico, con una grafica signorile, la rendono unica ed \u00e8 un investimento di cui non vi pentirete mai. Per la massima distanza o per piombi pesanti, le versioni Intensity offrono prestazioni da record, mentre le versioni 3,00lb e 3,25lb sono pi\u00f9 adatte alla media distanza o per ambienti pi\u00f9 piccoli. Qualunque sia la vostra scelta, potete essere certi che non c&#8217;\u00e8 niente di meglio.<\/p>\n<p>La performance di lancio da record della TX Ultra \u00e8 generata dall&#8217;uso di tre esclusive tecnologie SHIMANO per il carbonio: Spiral X Core per la rigidit\u00e0 torsionale, Hi-Power X per la riduzione della torsione del blank e un futuristico manico in Carbon Monocoque per un pi\u00f9 rapido trasferimento della potenza e una migliore sensazione durante la pescata. Queste tecnologie riducono anche il peso complessivo della canna, rendendola la pi\u00f9 leggera della gamma TX, il che si traduce in un aumento della velocit\u00e0 della punta quando si usa la massima forza di lancio e in una maggiore &#8220;sensibilit\u00e0&#8221; quando si combatte con i pesci, soprattutto a distanza ravvicinata.<br \/>\nSono stati raggiunti lanci superiori alle 220 iarde utilizzando il modello INT da 13&#8242; con un piombo da 4,5 oz (128 g) e non solo la TX Ultra \u00e8 pi\u00f9 resistente, ma \u00e8 anche incredibilmente precisa e notevolmente indulgente quando si tratta di combattere i pesci, specialmente nei modelli da 3,0 lb e 3,25 lb.<br \/>\nTutti i modelli sono dotati di anelli Kigan 3D di alta qualit\u00e0 (50mm butt\/16mm anti-frap tip) e di un esclusivo portamulinello CI4+ progettato su misura, che blocca completamente il mulinello all&#8217;impugnatura in Carbon Monocoque per garantire la massima stabilit\u00e0 sotto pressione.<\/p>\n<p><strong>Caratteristiche:<\/strong><\/p>\n<p><strong>Lunghezza<\/strong>: 13ft ( 3.96mt )<br \/>\n<strong>Test Curvatura:<\/strong> 3.75lb Int<br \/>\n<strong>Numero Sezioni:<\/strong> 2ps<\/p>\n<p><strong><span style=\"color: #ff0000;\">DUE ANNI DI GARANZIA<\/span><br \/>\n<span style=\"color: #ff0000;\">Da oggi per avere il TERZO ANNO DI GARANZIA, collegati al nuovo portale e registra il tuo prodotto su:<\/span><br \/>\n<span style=\"color: #000000; background-color: #ffff00;\"><a style=\"color: #000000; background-color: #ffff00;\" href=\"http:\/\/www.shimanofishnetwork.it\/garanzia\/sign_in\">http:\/\/www.shimanofishnetwork.it\/garanzia\/sign_in<\/a><\/span><\/strong><\/p>\n","protected":false},"excerpt":{"rendered":"<p>Canna Tribal TX-Ultra A 13ft 3,50lb INT La Tribal TX Ultra \u00e8 un esempio straordinario di ingegneria avanzata nella realizzazion delle canne. Le impareggiabili prestazioni di lancio, ottenute grazie alla combinazione di tre esclusive tecnologie Shimano, unite alle eccellenti caratteristiche di combattimento con i pesci, fanno di questa gamma la scelta ideale per i pescatori [&hellip;]<\/p>\n","protected":false},"featured_media":100479,"comment_status":"closed","ping_status":"closed","template":"","meta":[],"product_cat":[257],"product_tag":[1023],"yoast_head":"<!-- This site is optimized with the Yoast SEO plugin v15.3 - https:\/\/yoast.com\/wordpress\/plugins\/seo\/ -->\n<title>Canna Tribal TX-Ultra A 13ft 3,50lb INT\u00a0- Shimano - Pesca Fish<\/title>\n<meta name=\"robots\" content=\"index, follow, max-snippet:-1, max-image-preview:large, max-video-preview:-1\" \/>\n<link rel=\"canonical\" href=\"https:\/\/www.pescafish.it\/new\/prodotto\/canna-tribal-tx-ultra-a-13ft-350lb-int-shimano\/\" \/>\n<meta property=\"og:locale\" content=\"it_IT\" \/>\n<meta property=\"og:type\" content=\"article\" \/>\n<meta property=\"og:title\" content=\"Canna Tribal TX-Ultra A 13ft 3,50lb INT\u00a0- Shimano - Pesca Fish\" \/>\n<meta property=\"og:description\" content=\"Canna Tribal TX-Ultra A 13ft 3,50lb INT La Tribal TX Ultra \u00e8 un esempio straordinario di ingegneria avanzata nella realizzazion delle canne. Le impareggiabili prestazioni di lancio, ottenute grazie alla combinazione di tre esclusive tecnologie Shimano, unite alle eccellenti caratteristiche di combattimento con i pesci, fanno di questa gamma la scelta ideale per i pescatori [&hellip;]\" \/>\n<meta property=\"og:url\" content=\"https:\/\/www.pescafish.it\/new\/prodotto\/canna-tribal-tx-ultra-a-13ft-350lb-int-shimano\/\" \/>\n<meta property=\"og:site_name\" content=\"Pesca Fish\" \/>\n<meta property=\"article:publisher\" content=\"https:\/\/www.facebook.com\/pescafishvr\/\" \/>\n<meta property=\"article:modified_time\" content=\"2025-12-17T16:13:27+00:00\" \/>\n<meta property=\"og:image\" content=\"https:\/\/www.pescafish.it\/new\/wp-content\/uploads\/2024\/11\/ultra.jpg\" \/>\n\t<meta property=\"og:image:width\" content=\"789\" \/>\n\t<meta property=\"og:image:height\" content=\"794\" \/>\n<meta name=\"twitter:card\" content=\"summary_large_image\" \/>\n<meta name=\"twitter:label1\" content=\"Scritto da\">\n\t<meta name=\"twitter:data1\" content=\"francesca\">\n\t<meta name=\"twitter:label2\" content=\"Tempo di lettura stimato\">\n\t<meta name=\"twitter:data2\" content=\"2 minuti\">\n<script type=\"application\/ld+json\" class=\"yoast-schema-graph\">{\"@context\":\"https:\/\/schema.org\",\"@graph\":[{\"@type\":\"WebSite\",\"@id\":\"https:\/\/www.pescafish.it\/new\/#website\",\"url\":\"https:\/\/www.pescafish.it\/new\/\",\"name\":\"Pesca Fish\",\"description\":\"Benvenuti sul nostro sito!\",\"potentialAction\":[{\"@type\":\"SearchAction\",\"target\":\"https:\/\/www.pescafish.it\/new\/?s={search_term_string}\",\"query-input\":\"required name=search_term_string\"}],\"inLanguage\":\"it-IT\"},{\"@type\":\"ImageObject\",\"@id\":\"https:\/\/www.pescafish.it\/new\/prodotto\/canna-tribal-tx-ultra-a-13ft-350lb-int-shimano\/#primaryimage\",\"inLanguage\":\"it-IT\",\"url\":\"https:\/\/www.pescafish.it\/new\/wp-content\/uploads\/2024\/11\/ultra.jpg\",\"width\":789,\"height\":794,\"caption\":\"Shimano\"},{\"@type\":\"WebPage\",\"@id\":\"https:\/\/www.pescafish.it\/new\/prodotto\/canna-tribal-tx-ultra-a-13ft-350lb-int-shimano\/#webpage\",\"url\":\"https:\/\/www.pescafish.it\/new\/prodotto\/canna-tribal-tx-ultra-a-13ft-350lb-int-shimano\/\",\"name\":\"Canna Tribal TX-Ultra A 13ft 3,50lb INT\\u00a0- Shimano - Pesca Fish\",\"isPartOf\":{\"@id\":\"https:\/\/www.pescafish.it\/new\/#website\"},\"primaryImageOfPage\":{\"@id\":\"https:\/\/www.pescafish.it\/new\/prodotto\/canna-tribal-tx-ultra-a-13ft-350lb-int-shimano\/#primaryimage\"},\"datePublished\":\"2024-11-09T08:42:13+00:00\",\"dateModified\":\"2025-12-17T16:13:27+00:00\",\"inLanguage\":\"it-IT\",\"potentialAction\":[{\"@type\":\"ReadAction\",\"target\":[\"https:\/\/www.pescafish.it\/new\/prodotto\/canna-tribal-tx-ultra-a-13ft-350lb-int-shimano\/\"]}]}]}<\/script>\n<!-- \/ Yoast SEO plugin. -->","_links":{"self":[{"href":"https:\/\/www.pescafish.it\/new\/wp-json\/wp\/v2\/product\/100478"}],"collection":[{"href":"https:\/\/www.pescafish.it\/new\/wp-json\/wp\/v2\/product"}],"about":[{"href":"https:\/\/www.pescafish.it\/new\/wp-json\/wp\/v2\/types\/product"}],"replies":[{"embeddable":true,"href":"https:\/\/www.pescafish.it\/new\/wp-json\/wp\/v2\/comments?post=100478"}],"wp:featuredmedia":[{"embeddable":true,"href":"https:\/\/www.pescafish.it\/new\/wp-json\/wp\/v2\/media\/100479"}],"wp:attachment":[{"href":"https:\/\/www.pescafish.it\/new\/wp-json\/wp\/v2\/media?parent=100478"}],"wp:term":[{"taxonomy":"product_cat","embeddable":true,"href":"https:\/\/www.pescafish.it\/new\/wp-json\/wp\/v2\/product_cat?post=100478"},{"taxonomy":"product_tag","embeddable":true,"href":"https:\/\/www.pescafish.it\/new\/wp-json\/wp\/v2\/product_tag?post=100478"}],"curies":[{"name":"wp","href":"https:\/\/api.w.org\/{rel}","templated":true}]}}