{"id":100402,"date":"2024-11-07T17:32:06","date_gmt":"2024-11-07T16:32:06","guid":{"rendered":"https:\/\/www.pescafish.it\/new\/?post_type=product&#038;p=100402"},"modified":"2024-11-07T17:32:07","modified_gmt":"2024-11-07T16:32:07","slug":"kuga-dimension-l-f-valkein","status":"publish","type":"product","link":"https:\/\/www.pescafish.it\/new\/prodotto\/kuga-dimension-l-f-valkein\/","title":{"rendered":"Kuga Dimension L F &#8211; ValkeIN"},"content":{"rendered":"<h2>Kuga Dimension L F<\/h2>\n<p>Il Kuga Dimension L \u00e8 il nuovo crank per Trout Area del marchio giapponese Valkein. Novit\u00e0 2023<\/p>\n<p>Si tratta di un crankbait slow floating dalla classica forma a &#8220;banana&#8221;, con un profilo slim e una paletta molto ampia.<\/p>\n<p>Rispetto al Kuga classico \u00e8 capace di scendere pi\u00f9 velocemente alla profondit\u00e0 desiderata. Il suo wobbling ampio anche a bassissime velocit\u00e0 di recupero e la sua elevata azione wide walk gli permettono di stimolare anche le trote pi\u00f9 apatiche. Montato con ami singoli senza ardiglione (barbless).<\/p>\n<p><strong>Disponibile nelle seguenti colorazioni:<\/strong><br \/>\n<strong>4570027048584<\/strong>\u00a0 #M182<\/p>\n","protected":false},"excerpt":{"rendered":"<p>Kuga Dimension L F Il Kuga Dimension L \u00e8 il nuovo crank per Trout Area del marchio giapponese Valkein. Novit\u00e0 2023 Si tratta di un crankbait slow floating dalla classica forma a &#8220;banana&#8221;, con un profilo slim e una paletta molto ampia. Rispetto al Kuga classico \u00e8 capace di scendere pi\u00f9 velocemente alla profondit\u00e0 desiderata. [&hellip;]<\/p>\n","protected":false},"featured_media":100403,"comment_status":"closed","ping_status":"closed","template":"","meta":[],"product_cat":[923],"product_tag":[1174],"yoast_head":"<!-- This site is optimized with the Yoast SEO plugin v15.3 - https:\/\/yoast.com\/wordpress\/plugins\/seo\/ -->\n<title>Kuga Dimension L F - ValkeIN - Pesca Fish<\/title>\n<meta name=\"robots\" content=\"index, follow, max-snippet:-1, max-image-preview:large, max-video-preview:-1\" \/>\n<link rel=\"canonical\" href=\"https:\/\/www.pescafish.it\/new\/prodotto\/kuga-dimension-l-f-valkein\/\" \/>\n<meta property=\"og:locale\" content=\"it_IT\" \/>\n<meta property=\"og:type\" content=\"article\" \/>\n<meta property=\"og:title\" content=\"Kuga Dimension L F - ValkeIN - Pesca Fish\" \/>\n<meta property=\"og:description\" content=\"Kuga Dimension L F Il Kuga Dimension L \u00e8 il nuovo crank per Trout Area del marchio giapponese Valkein. Novit\u00e0 2023 Si tratta di un crankbait slow floating dalla classica forma a &#8220;banana&#8221;, con un profilo slim e una paletta molto ampia. Rispetto al Kuga classico \u00e8 capace di scendere pi\u00f9 velocemente alla profondit\u00e0 desiderata. [&hellip;]\" \/>\n<meta property=\"og:url\" content=\"https:\/\/www.pescafish.it\/new\/prodotto\/kuga-dimension-l-f-valkein\/\" \/>\n<meta property=\"og:site_name\" content=\"Pesca Fish\" \/>\n<meta property=\"article:publisher\" content=\"https:\/\/www.facebook.com\/pescafishvr\/\" \/>\n<meta property=\"article:modified_time\" content=\"2024-11-07T16:32:07+00:00\" \/>\n<meta property=\"og:image\" content=\"https:\/\/www.pescafish.it\/new\/wp-content\/uploads\/2024\/11\/COLm182.jpg\" \/>\n\t<meta property=\"og:image:width\" content=\"789\" \/>\n\t<meta property=\"og:image:height\" content=\"794\" \/>\n<meta name=\"twitter:card\" content=\"summary_large_image\" \/>\n<meta name=\"twitter:label1\" content=\"Scritto da\">\n\t<meta name=\"twitter:data1\" content=\"francesca\">\n\t<meta name=\"twitter:label2\" content=\"Tempo di lettura stimato\">\n\t<meta name=\"twitter:data2\" content=\"0 minuti\">\n<script type=\"application\/ld+json\" class=\"yoast-schema-graph\">{\"@context\":\"https:\/\/schema.org\",\"@graph\":[{\"@type\":\"WebSite\",\"@id\":\"https:\/\/www.pescafish.it\/new\/#website\",\"url\":\"https:\/\/www.pescafish.it\/new\/\",\"name\":\"Pesca Fish\",\"description\":\"Benvenuti sul nostro sito!\",\"potentialAction\":[{\"@type\":\"SearchAction\",\"target\":\"https:\/\/www.pescafish.it\/new\/?s={search_term_string}\",\"query-input\":\"required name=search_term_string\"}],\"inLanguage\":\"it-IT\"},{\"@type\":\"ImageObject\",\"@id\":\"https:\/\/www.pescafish.it\/new\/prodotto\/kuga-dimension-l-f-valkein\/#primaryimage\",\"inLanguage\":\"it-IT\",\"url\":\"https:\/\/www.pescafish.it\/new\/wp-content\/uploads\/2024\/11\/COLm182.jpg\",\"width\":789,\"height\":794,\"caption\":\"ValkeIN\"},{\"@type\":\"WebPage\",\"@id\":\"https:\/\/www.pescafish.it\/new\/prodotto\/kuga-dimension-l-f-valkein\/#webpage\",\"url\":\"https:\/\/www.pescafish.it\/new\/prodotto\/kuga-dimension-l-f-valkein\/\",\"name\":\"Kuga Dimension L F - ValkeIN - Pesca Fish\",\"isPartOf\":{\"@id\":\"https:\/\/www.pescafish.it\/new\/#website\"},\"primaryImageOfPage\":{\"@id\":\"https:\/\/www.pescafish.it\/new\/prodotto\/kuga-dimension-l-f-valkein\/#primaryimage\"},\"datePublished\":\"2024-11-07T16:32:06+00:00\",\"dateModified\":\"2024-11-07T16:32:07+00:00\",\"inLanguage\":\"it-IT\",\"potentialAction\":[{\"@type\":\"ReadAction\",\"target\":[\"https:\/\/www.pescafish.it\/new\/prodotto\/kuga-dimension-l-f-valkein\/\"]}]}]}<\/script>\n<!-- \/ Yoast SEO plugin. -->","_links":{"self":[{"href":"https:\/\/www.pescafish.it\/new\/wp-json\/wp\/v2\/product\/100402"}],"collection":[{"href":"https:\/\/www.pescafish.it\/new\/wp-json\/wp\/v2\/product"}],"about":[{"href":"https:\/\/www.pescafish.it\/new\/wp-json\/wp\/v2\/types\/product"}],"replies":[{"embeddable":true,"href":"https:\/\/www.pescafish.it\/new\/wp-json\/wp\/v2\/comments?post=100402"}],"wp:featuredmedia":[{"embeddable":true,"href":"https:\/\/www.pescafish.it\/new\/wp-json\/wp\/v2\/media\/100403"}],"wp:attachment":[{"href":"https:\/\/www.pescafish.it\/new\/wp-json\/wp\/v2\/media?parent=100402"}],"wp:term":[{"taxonomy":"product_cat","embeddable":true,"href":"https:\/\/www.pescafish.it\/new\/wp-json\/wp\/v2\/product_cat?post=100402"},{"taxonomy":"product_tag","embeddable":true,"href":"https:\/\/www.pescafish.it\/new\/wp-json\/wp\/v2\/product_tag?post=100402"}],"curies":[{"name":"wp","href":"https:\/\/api.w.org\/{rel}","templated":true}]}}