{"id":100317,"date":"2024-11-06T10:44:18","date_gmt":"2024-11-06T09:44:18","guid":{"rendered":"https:\/\/www.pescafish.it\/new\/?post_type=product&#038;p=100317"},"modified":"2024-11-06T10:44:18","modified_gmt":"2024-11-06T09:44:18","slug":"mulinello-beastmaster-xc-shimano","status":"publish","type":"product","link":"https:\/\/www.pescafish.it\/new\/prodotto\/mulinello-beastmaster-xc-shimano\/","title":{"rendered":"Mulinello BeastMaster XC &#8211; Shimano"},"content":{"rendered":"<p>Il Beastmaster 14000 \u00e8 il mulinello Shimano BigPit entry level rivolto ai pescatori alle prime armi che vogliono portare la pesca alla carpa o a surf a un livello superiore, o a chi ha un budget pi\u00f9 limitato. Con caratteristiche derivate direttamente dai modelli Shimano pi\u00f9 costosi, come l&#8217;oscillazione Super Slow 5 e il Parallel Body, il Beastmaster \u00e8 un eccellente mulinello da lancio a media e lunga distanza.<br \/>\nCon un nome come Beastmaster puoi essere sicuro che questo grande e resistente mulinello soddisfer\u00e0 le tue aspettative. Offrendo un eccellente rapporto qualit\u00e0-prezzo, se sei nuovo alla pesca a lunga distanza, o vuoi un secondo mulinello per la pesca alla carpa o a surf, il Beastmaster \u00e8 la scelta giusta. Sebbene non sia di fascia alta, il Beastmaster ha certamente una cosmetica accattivante, con la stessa silhouette G Free Body dei mulinelli di punta di Shimano. L&#8217; oscillazione Super Slow 5 e il Parallel Body aiutano a massimizzare la distanza di lancio, indipendentemente dalla vostra esperienza o capacit\u00e0.<br \/>\nAnche se il Beastmaster \u00e8 il mulinello pi\u00f9 economico di Shimano, contiene ancora una buona quantit\u00e0 di tecnologie avanzate. Il line-lay a oscillazione Super Slow 5 \u00e8 ancora il line-lay di default con cui vengono giudicati gli altri mulinelli e il design della bobina AR-C \u00e8 esattamente lo stesso profilo che si trova sui migliori mulinelli Shimano a lungo raggio. Entrambe queste caratteristiche aiutano ad aumentare la distanza di lancio. Durante l&#8217;uso apprezzerete la fluidit\u00e0 e la potenza dell&#8217;ingranaggio HAGANE, mentre il rapporto di recupero 4,3:1, con ben 103 cm di lenza per ogni giro di manovella, assicura che il Beastmaster sia altrettanto valido a recuperare rapidamente quanto a lanciare. Per una migliore azione in pesca, grazie all&#8217; Instant Drag \u00e8 possibile regolare rapidamente la frizione massima di 20 kg con un solo giro del galletto frizione, per avere sempre il controllo diretto.<\/p>\n<p><strong>Modello:<\/strong> 14000 XC<br \/>\n<strong>Rapporto di Recupero:<\/strong>\u00a04.3:1<br \/>\n<strong>Capacit\u00e0 bobina:<\/strong>\u00a00.35mm-550m, 0.40mm-400m, 0.45mm-300m<br \/>\n<strong>Peso:<\/strong> 680g<br \/>\n<strong>Line Retrive<\/strong>: 103cm<br \/>\n<strong>Max Drag:<\/strong>\u00a020kg<br \/>\n<strong>Cuscinetti:<\/strong> 1+1<br \/>\n.<br \/>\n<span style=\"color: #ff0000;\"><strong>DUE ANNI DI GARANZIA<\/strong><\/span><br \/>\n<span style=\"color: #ff0000;\"><strong>Da oggi per avere il TERZO ANNO DI GARANZIA, collegati al nuovo portale e registra il tuo prodotto su:<\/strong><\/span><br \/>\n<span style=\"background-color: #ffff00; color: #000000;\"><strong><a style=\"background-color: #ffff00; color: #000000;\" href=\"http:\/\/www.shimanofishnetwork.it\/garanzia\/sign_in\">http:\/\/www.shimanofishnetwork.it\/garanzia\/sign_in<\/a><\/strong><\/span><\/p>\n","protected":false},"excerpt":{"rendered":"<p>Il Beastmaster 14000 \u00e8 il mulinello Shimano BigPit entry level rivolto ai pescatori alle prime armi che vogliono portare la pesca alla carpa o a surf a un livello superiore, o a chi ha un budget pi\u00f9 limitato. Con caratteristiche derivate direttamente dai modelli Shimano pi\u00f9 costosi, come l&#8217;oscillazione Super Slow 5 e il Parallel [&hellip;]<\/p>\n","protected":false},"featured_media":100318,"comment_status":"closed","ping_status":"closed","template":"","meta":[],"product_cat":[348],"product_tag":[1023],"yoast_head":"<!-- This site is optimized with the Yoast SEO plugin v15.3 - https:\/\/yoast.com\/wordpress\/plugins\/seo\/ -->\n<title>Mulinello BeastMaster XC - Shimano - Pesca Fish<\/title>\n<meta name=\"robots\" content=\"index, follow, max-snippet:-1, max-image-preview:large, max-video-preview:-1\" \/>\n<link rel=\"canonical\" href=\"https:\/\/www.pescafish.it\/new\/prodotto\/mulinello-beastmaster-xc-shimano\/\" \/>\n<meta property=\"og:locale\" content=\"it_IT\" \/>\n<meta property=\"og:type\" content=\"article\" \/>\n<meta property=\"og:title\" content=\"Mulinello BeastMaster XC - Shimano - Pesca Fish\" \/>\n<meta property=\"og:description\" content=\"Il Beastmaster 14000 \u00e8 il mulinello Shimano BigPit entry level rivolto ai pescatori alle prime armi che vogliono portare la pesca alla carpa o a surf a un livello superiore, o a chi ha un budget pi\u00f9 limitato. Con caratteristiche derivate direttamente dai modelli Shimano pi\u00f9 costosi, come l&#8217;oscillazione Super Slow 5 e il Parallel [&hellip;]\" \/>\n<meta property=\"og:url\" content=\"https:\/\/www.pescafish.it\/new\/prodotto\/mulinello-beastmaster-xc-shimano\/\" \/>\n<meta property=\"og:site_name\" content=\"Pesca Fish\" \/>\n<meta property=\"article:publisher\" content=\"https:\/\/www.facebook.com\/pescafishvr\/\" \/>\n<meta property=\"og:image\" content=\"https:\/\/www.pescafish.it\/new\/wp-content\/uploads\/2024\/11\/BEASTMASTER-XC.jpg\" \/>\n\t<meta property=\"og:image:width\" content=\"1000\" \/>\n\t<meta property=\"og:image:height\" content=\"1000\" \/>\n<meta name=\"twitter:card\" content=\"summary_large_image\" \/>\n<meta name=\"twitter:label1\" content=\"Scritto da\">\n\t<meta name=\"twitter:data1\" content=\"francesca\">\n\t<meta name=\"twitter:label2\" content=\"Tempo di lettura stimato\">\n\t<meta name=\"twitter:data2\" content=\"1 minuto\">\n<script type=\"application\/ld+json\" class=\"yoast-schema-graph\">{\"@context\":\"https:\/\/schema.org\",\"@graph\":[{\"@type\":\"WebSite\",\"@id\":\"https:\/\/www.pescafish.it\/new\/#website\",\"url\":\"https:\/\/www.pescafish.it\/new\/\",\"name\":\"Pesca Fish\",\"description\":\"Benvenuti sul nostro sito!\",\"potentialAction\":[{\"@type\":\"SearchAction\",\"target\":\"https:\/\/www.pescafish.it\/new\/?s={search_term_string}\",\"query-input\":\"required name=search_term_string\"}],\"inLanguage\":\"it-IT\"},{\"@type\":\"ImageObject\",\"@id\":\"https:\/\/www.pescafish.it\/new\/prodotto\/mulinello-beastmaster-xc-shimano\/#primaryimage\",\"inLanguage\":\"it-IT\",\"url\":\"https:\/\/www.pescafish.it\/new\/wp-content\/uploads\/2024\/11\/BEASTMASTER-XC.jpg\",\"width\":1000,\"height\":1000,\"caption\":\"beastmaster xc shimano\"},{\"@type\":\"WebPage\",\"@id\":\"https:\/\/www.pescafish.it\/new\/prodotto\/mulinello-beastmaster-xc-shimano\/#webpage\",\"url\":\"https:\/\/www.pescafish.it\/new\/prodotto\/mulinello-beastmaster-xc-shimano\/\",\"name\":\"Mulinello BeastMaster XC - Shimano - Pesca Fish\",\"isPartOf\":{\"@id\":\"https:\/\/www.pescafish.it\/new\/#website\"},\"primaryImageOfPage\":{\"@id\":\"https:\/\/www.pescafish.it\/new\/prodotto\/mulinello-beastmaster-xc-shimano\/#primaryimage\"},\"datePublished\":\"2024-11-06T09:44:18+00:00\",\"dateModified\":\"2024-11-06T09:44:18+00:00\",\"inLanguage\":\"it-IT\",\"potentialAction\":[{\"@type\":\"ReadAction\",\"target\":[\"https:\/\/www.pescafish.it\/new\/prodotto\/mulinello-beastmaster-xc-shimano\/\"]}]}]}<\/script>\n<!-- \/ Yoast SEO plugin. -->","_links":{"self":[{"href":"https:\/\/www.pescafish.it\/new\/wp-json\/wp\/v2\/product\/100317"}],"collection":[{"href":"https:\/\/www.pescafish.it\/new\/wp-json\/wp\/v2\/product"}],"about":[{"href":"https:\/\/www.pescafish.it\/new\/wp-json\/wp\/v2\/types\/product"}],"replies":[{"embeddable":true,"href":"https:\/\/www.pescafish.it\/new\/wp-json\/wp\/v2\/comments?post=100317"}],"wp:featuredmedia":[{"embeddable":true,"href":"https:\/\/www.pescafish.it\/new\/wp-json\/wp\/v2\/media\/100318"}],"wp:attachment":[{"href":"https:\/\/www.pescafish.it\/new\/wp-json\/wp\/v2\/media?parent=100317"}],"wp:term":[{"taxonomy":"product_cat","embeddable":true,"href":"https:\/\/www.pescafish.it\/new\/wp-json\/wp\/v2\/product_cat?post=100317"},{"taxonomy":"product_tag","embeddable":true,"href":"https:\/\/www.pescafish.it\/new\/wp-json\/wp\/v2\/product_tag?post=100317"}],"curies":[{"name":"wp","href":"https:\/\/api.w.org\/{rel}","templated":true}]}}