{"id":100065,"date":"2024-10-09T12:57:45","date_gmt":"2024-10-09T10:57:45","guid":{"rendered":"https:\/\/www.pescafish.it\/new\/?post_type=product&#038;p=100065"},"modified":"2024-11-12T11:08:34","modified_gmt":"2024-11-12T10:08:34","slug":"jungle-hook-pb-products","status":"publish","type":"product","link":"https:\/\/www.pescafish.it\/new\/prodotto\/jungle-hook-pb-products\/","title":{"rendered":"Jungle Hook &#8211; PB Products"},"content":{"rendered":"<h2 class=\"product_title entry-title\">Jungle Hook<\/h2>\n<p>Il Jungle hook, \u00e8 uno degli ami pi\u00f9 popolari dell&#8217;intera gamma.<\/p>\n<p>Se state pescando nelle vicinanze di ostacoli sommersi, questa \u00e8 la scelta giusta.<\/p>\n<p>La punta curvata verso l&#8217;interno ed il gambo corto offrono quella tipica forma ad artiglio ed \u00e8 proprio questa che garantisce un&#8217;ottima presa durante il combattimento.<\/p>\n<p>La punta rientrante si rivela inoltre ideale pescando su fondali molto abrasivi, in cui un amo a punta dritta potrebbe invece spuntarsi pi\u00f9 facilmente.<\/p>\n<p>Essendo rientrante \u00e8 maggiormente protetta.<\/p>\n<p>Anche gli artigli dei predatori sono appunto curvi, per mantenere una presa salda una volta penetrati.<\/p>\n<p>Consigliamo di allungare il gambo impiegando uno dei nostri aligners per aumentare ulteriormente la capacit\u00e0 ferrante.<\/p>\n<p><strong>Disponibili nelle seguenti misure:<\/strong><br \/>\n<strong>PB24009<\/strong>\u00a0 Size 1<br \/>\n<strong>PB24010<\/strong>\u00a0 Size 2<br \/>\n<strong>PB24011<\/strong>\u00a0 Size 4<br \/>\n<strong>PB24012<\/strong>\u00a0 Size 6<\/p>\n","protected":false},"excerpt":{"rendered":"<p>Jungle Hook Il Jungle hook, \u00e8 uno degli ami pi\u00f9 popolari dell&#8217;intera gamma. Se state pescando nelle vicinanze di ostacoli sommersi, questa \u00e8 la scelta giusta. La punta curvata verso l&#8217;interno ed il gambo corto offrono quella tipica forma ad artiglio ed \u00e8 proprio questa che garantisce un&#8217;ottima presa durante il combattimento. La punta rientrante [&hellip;]<\/p>\n","protected":false},"featured_media":100066,"comment_status":"closed","ping_status":"closed","template":"","meta":[],"product_cat":[1452],"product_tag":[1443],"yoast_head":"<!-- This site is optimized with the Yoast SEO plugin v15.3 - https:\/\/yoast.com\/wordpress\/plugins\/seo\/ -->\n<title>Jungle Hook - PB Products - Pesca Fish<\/title>\n<meta name=\"robots\" content=\"index, follow, max-snippet:-1, max-image-preview:large, max-video-preview:-1\" \/>\n<link rel=\"canonical\" href=\"https:\/\/www.pescafish.it\/new\/prodotto\/jungle-hook-pb-products\/\" \/>\n<meta property=\"og:locale\" content=\"it_IT\" \/>\n<meta property=\"og:type\" content=\"article\" \/>\n<meta property=\"og:title\" content=\"Jungle Hook - PB Products - Pesca Fish\" \/>\n<meta property=\"og:description\" content=\"Jungle Hook Il Jungle hook, \u00e8 uno degli ami pi\u00f9 popolari dell&#8217;intera gamma. Se state pescando nelle vicinanze di ostacoli sommersi, questa \u00e8 la scelta giusta. La punta curvata verso l&#8217;interno ed il gambo corto offrono quella tipica forma ad artiglio ed \u00e8 proprio questa che garantisce un&#8217;ottima presa durante il combattimento. La punta rientrante [&hellip;]\" \/>\n<meta property=\"og:url\" content=\"https:\/\/www.pescafish.it\/new\/prodotto\/jungle-hook-pb-products\/\" \/>\n<meta property=\"og:site_name\" content=\"Pesca Fish\" \/>\n<meta property=\"article:publisher\" content=\"https:\/\/www.facebook.com\/pescafishvr\/\" \/>\n<meta property=\"article:modified_time\" content=\"2024-11-12T10:08:34+00:00\" \/>\n<meta property=\"og:image\" content=\"https:\/\/www.pescafish.it\/new\/wp-content\/uploads\/2024\/10\/JUNGLE-HOOK.jpg\" \/>\n\t<meta property=\"og:image:width\" content=\"794\" \/>\n\t<meta property=\"og:image:height\" content=\"794\" \/>\n<meta name=\"twitter:card\" content=\"summary_large_image\" \/>\n<meta name=\"twitter:label1\" content=\"Scritto da\">\n\t<meta name=\"twitter:data1\" content=\"francesca\">\n\t<meta name=\"twitter:label2\" content=\"Tempo di lettura stimato\">\n\t<meta name=\"twitter:data2\" content=\"0 minuti\">\n<script type=\"application\/ld+json\" class=\"yoast-schema-graph\">{\"@context\":\"https:\/\/schema.org\",\"@graph\":[{\"@type\":\"WebSite\",\"@id\":\"https:\/\/www.pescafish.it\/new\/#website\",\"url\":\"https:\/\/www.pescafish.it\/new\/\",\"name\":\"Pesca Fish\",\"description\":\"Benvenuti sul nostro sito!\",\"potentialAction\":[{\"@type\":\"SearchAction\",\"target\":\"https:\/\/www.pescafish.it\/new\/?s={search_term_string}\",\"query-input\":\"required name=search_term_string\"}],\"inLanguage\":\"it-IT\"},{\"@type\":\"ImageObject\",\"@id\":\"https:\/\/www.pescafish.it\/new\/prodotto\/jungle-hook-pb-products\/#primaryimage\",\"inLanguage\":\"it-IT\",\"url\":\"https:\/\/www.pescafish.it\/new\/wp-content\/uploads\/2024\/10\/JUNGLE-HOOK.jpg\",\"width\":794,\"height\":794,\"caption\":\"PB Product\"},{\"@type\":\"WebPage\",\"@id\":\"https:\/\/www.pescafish.it\/new\/prodotto\/jungle-hook-pb-products\/#webpage\",\"url\":\"https:\/\/www.pescafish.it\/new\/prodotto\/jungle-hook-pb-products\/\",\"name\":\"Jungle Hook - PB Products - Pesca Fish\",\"isPartOf\":{\"@id\":\"https:\/\/www.pescafish.it\/new\/#website\"},\"primaryImageOfPage\":{\"@id\":\"https:\/\/www.pescafish.it\/new\/prodotto\/jungle-hook-pb-products\/#primaryimage\"},\"datePublished\":\"2024-10-09T10:57:45+00:00\",\"dateModified\":\"2024-11-12T10:08:34+00:00\",\"inLanguage\":\"it-IT\",\"potentialAction\":[{\"@type\":\"ReadAction\",\"target\":[\"https:\/\/www.pescafish.it\/new\/prodotto\/jungle-hook-pb-products\/\"]}]}]}<\/script>\n<!-- \/ Yoast SEO plugin. -->","_links":{"self":[{"href":"https:\/\/www.pescafish.it\/new\/wp-json\/wp\/v2\/product\/100065"}],"collection":[{"href":"https:\/\/www.pescafish.it\/new\/wp-json\/wp\/v2\/product"}],"about":[{"href":"https:\/\/www.pescafish.it\/new\/wp-json\/wp\/v2\/types\/product"}],"replies":[{"embeddable":true,"href":"https:\/\/www.pescafish.it\/new\/wp-json\/wp\/v2\/comments?post=100065"}],"wp:featuredmedia":[{"embeddable":true,"href":"https:\/\/www.pescafish.it\/new\/wp-json\/wp\/v2\/media\/100066"}],"wp:attachment":[{"href":"https:\/\/www.pescafish.it\/new\/wp-json\/wp\/v2\/media?parent=100065"}],"wp:term":[{"taxonomy":"product_cat","embeddable":true,"href":"https:\/\/www.pescafish.it\/new\/wp-json\/wp\/v2\/product_cat?post=100065"},{"taxonomy":"product_tag","embeddable":true,"href":"https:\/\/www.pescafish.it\/new\/wp-json\/wp\/v2\/product_tag?post=100065"}],"curies":[{"name":"wp","href":"https:\/\/api.w.org\/{rel}","templated":true}]}}